{"id":38971,"date":"2024-09-15T18:35:01","date_gmt":"2024-09-15T16:35:01","guid":{"rendered":"https:\/\/www.potsfink.ch\/?post_type=product&#038;p=38971"},"modified":"2026-03-20T00:36:03","modified_gmt":"2026-03-19T23:36:03","slug":"semana-de-torno-alfarero-intensivo-copie","status":"publish","type":"product","link":"https:\/\/www.potsfink.ch\/es\/alojamiento\/","title":{"rendered":"Alojamiento durante un curso o taller"},"content":{"rendered":"<p><strong>Alojamiento:<\/strong> Si desea alojarse en nuestras instalaciones durante un curso o taller, disponemos de varias habitaciones individuales o dobles, luminosas pero sencillas, con ba\u00f1o compartido. Si viene en pareja y desea una habitaci\u00f3n doble, p\u00f3ngase en contacto con nosotros por <a href=\"mailto:hebergement@potsfink.ch\">correo electr\u00f3nico<\/a>. Gracias por su comprensi\u00f3n.<\/p>\n","protected":false},"excerpt":{"rendered":"<p>Alojamiento: Si desea alojarse en nuestras instalaciones durante un curso o taller, disponemos de varias habitaciones individuales o dobles, luminosas pero sencillas, con ba\u00f1o compartido. Si viene en pareja y desea una habitaci\u00f3n doble, p\u00f3ngase en contacto con nosotros por correo electr\u00f3nico. Gracias por su comprensi\u00f3n.<\/p>\n","protected":false},"featured_media":38298,"template":"","meta":{"_et_pb_use_builder":"","_et_pb_old_content":"","_et_gb_content_width":""},"product_brand":[],"product_cat":[243,229,245,232],"product_tag":[],"class_list":{"0":"post-38971","1":"product","2":"type-product","3":"status-publish","4":"has-post-thumbnail","6":"product_cat-curso","7":"product_cat-cours","8":"product_cat-precio-variable","9":"product_cat-prix-variable","11":"first","12":"instock","13":"taxable","14":"shipping-taxable","15":"purchasable","16":"product-type-variable"},"_links":{"self":[{"href":"https:\/\/www.potsfink.ch\/es\/wp-json\/wp\/v2\/product\/38971","targetHints":{"allow":["GET"]}}],"collection":[{"href":"https:\/\/www.potsfink.ch\/es\/wp-json\/wp\/v2\/product"}],"about":[{"href":"https:\/\/www.potsfink.ch\/es\/wp-json\/wp\/v2\/types\/product"}],"wp:featuredmedia":[{"embeddable":true,"href":"https:\/\/www.potsfink.ch\/es\/wp-json\/wp\/v2\/media\/38298"}],"wp:attachment":[{"href":"https:\/\/www.potsfink.ch\/es\/wp-json\/wp\/v2\/media?parent=38971"}],"wp:term":[{"taxonomy":"product_brand","embeddable":true,"href":"https:\/\/www.potsfink.ch\/es\/wp-json\/wp\/v2\/product_brand?post=38971"},{"taxonomy":"product_cat","embeddable":true,"href":"https:\/\/www.potsfink.ch\/es\/wp-json\/wp\/v2\/product_cat?post=38971"},{"taxonomy":"product_tag","embeddable":true,"href":"https:\/\/www.potsfink.ch\/es\/wp-json\/wp\/v2\/product_tag?post=38971"}],"curies":[{"name":"wp","href":"https:\/\/api.w.org\/{rel}","templated":true}]}}