{"id":37408,"date":"2023-12-14T13:13:58","date_gmt":"2023-12-14T12:13:58","guid":{"rendered":"https:\/\/www.potsfink.ch\/produit\/iniciacion-de-un-dia\/"},"modified":"2026-05-09T16:34:29","modified_gmt":"2026-05-09T14:34:29","slug":"iniciacion-de-un-dia","status":"publish","type":"product","link":"https:\/\/www.potsfink.ch\/es\/iniciacion-de-un-dia\/","title":{"rendered":"Iniciaci\u00f3n de un d\u00eda"},"content":{"rendered":"<div class=\"et_pb_module et_pb_text et_pb_text_0 et_pb_text_align_left et_pb_bg_layout_light\">\n<div class=\"et_pb_text_inner\">\n<h3><span class=\"HwtZe\" lang=\"es\"><span class=\"jCAhz ChMk0b\"><span class=\"ryNqvb\">\u00bfNuevo en cer\u00e1mica? \u00a1Este curso es para usted! <\/span><\/span><\/span><\/h3>\n<p><span class=\"HwtZe\" lang=\"es\"><span class=\"jCAhz ChMk0b\"><span class=\"ryNqvb\">Ven a pasar un d\u00eda con las manos en la tierra, probando diferentes t\u00e9cnicas de modelado y aprendiendo un poco m\u00e1s sobre la arcilla.<\/span><\/span><\/span><\/p>\n<p><span class=\"jCAhz ChMk0b\"><span class=\"ryNqvb\"><strong>Nivel:<\/strong> principiantes, todos<\/span><\/span><br \/><span class=\"jCAhz ChMk0b\"><span class=\"ryNqvb\"><strong>Ubicaci\u00f3n:<\/strong> Poterie d\u2019Ependes, Route du Petit-Ependes 3, 1731 Ependes<\/span><\/span><br \/><strong>Professor<\/strong><span class=\"jCAhz ChMk0b\"><span class=\"ryNqvb\"><strong>:<\/strong> Virginie<\/span><\/span><br \/><span class=\"jCAhz ChMk0b\"><span class=\"ryNqvb\"><strong>Horario:<\/strong> S\u00e1bado 8.45 \u2013 14.45 h.<\/span><\/span><br \/><span class=\"HwtZe\" lang=\"es\"><span class=\"jCAhz ChMk0b\"><span class=\"ryNqvb\">Se proporciona conexi\u00f3n de autob\u00fas desde\/hacia Friburgo.<\/span><\/span><br \/><span class=\"jCAhz ChMk0b\"><span class=\"ryNqvb\"><strong>N\u00famero de sesiones:<\/strong> 1<br \/><\/span><\/span><\/span><span class=\"jCAhz ChMk0b\"><span class=\"ryNqvb\"><strong>Grupo:<\/strong> Participantes, 6-9 personas<\/span><\/span><br \/><span class=\"jCAhz ChMk0b\"><span class=\"ryNqvb\"><strong>Costo:<\/strong> CHF 150.\u2013 (comidas y descansos incluidos)<\/span><\/span><br \/><span class=\"jCAhz ChMk0b\"><span class=\"ryNqvb\"><strong>Cocci\u00f3n:<\/strong> incluida<\/span><\/span><br \/><span class=\"jCAhz ChMk0b\"><span class=\"ryNqvb\"><strong>Material:<\/strong> traer un delantal o una bata de trabajo.<\/span><\/span><\/p>\n<\/div>\n<\/div>\n<p><span class=\"jCAhz ChMk0b\"><span class=\"ryNqvb\"><a href=\"https:\/\/www.potsfink.ch\/es\/cursos\/cours-decouverte\/cours_decouverte@potsfink.ch\">O si ya formas un grupo fechas bajo petici\u00f3n<\/a><\/span><\/span><\/p>\n","protected":false},"excerpt":{"rendered":"<p>\u00bfNuevo en cer\u00e1mica? \u00a1Este curso es para usted! Ven a pasar un d\u00eda con las manos en la tierra, probando diferentes t\u00e9cnicas de modelado y aprendiendo un poco m\u00e1s sobre la arcilla. Nivel: principiantes, todosUbicaci\u00f3n: Poterie d\u2019Ependes, Route du Petit-Ependes 3, 1731 EpendesProfessor: VirginieHorario: S\u00e1bado 8.45 \u2013 14.45 h.Se proporciona conexi\u00f3n de autob\u00fas desde\/hacia Friburgo.N\u00famero [&hellip;]<\/p>\n","protected":false},"featured_media":29121,"template":"","meta":{"_et_pb_use_builder":"","_et_pb_old_content":"","_et_gb_content_width":""},"product_brand":[],"product_cat":[243,229,244,231],"product_tag":[],"class_list":{"0":"post-37408","1":"product","2":"type-product","3":"status-publish","4":"has-post-thumbnail","6":"product_cat-curso","7":"product_cat-cours","8":"product_cat-precio-fijo","9":"product_cat-prix-fixe","11":"first","12":"instock","13":"taxable","14":"shipping-taxable","15":"purchasable","16":"product-type-variable"},"_links":{"self":[{"href":"https:\/\/www.potsfink.ch\/es\/wp-json\/wp\/v2\/product\/37408","targetHints":{"allow":["GET"]}}],"collection":[{"href":"https:\/\/www.potsfink.ch\/es\/wp-json\/wp\/v2\/product"}],"about":[{"href":"https:\/\/www.potsfink.ch\/es\/wp-json\/wp\/v2\/types\/product"}],"wp:featuredmedia":[{"embeddable":true,"href":"https:\/\/www.potsfink.ch\/es\/wp-json\/wp\/v2\/media\/29121"}],"wp:attachment":[{"href":"https:\/\/www.potsfink.ch\/es\/wp-json\/wp\/v2\/media?parent=37408"}],"wp:term":[{"taxonomy":"product_brand","embeddable":true,"href":"https:\/\/www.potsfink.ch\/es\/wp-json\/wp\/v2\/product_brand?post=37408"},{"taxonomy":"product_cat","embeddable":true,"href":"https:\/\/www.potsfink.ch\/es\/wp-json\/wp\/v2\/product_cat?post=37408"},{"taxonomy":"product_tag","embeddable":true,"href":"https:\/\/www.potsfink.ch\/es\/wp-json\/wp\/v2\/product_tag?post=37408"}],"curies":[{"name":"wp","href":"https:\/\/api.w.org\/{rel}","templated":true}]}}