{"id":37190,"date":"2023-12-14T11:26:52","date_gmt":"2023-12-14T10:26:52","guid":{"rendered":"https:\/\/www.potsfink.ch\/produit\/pangolundi\/"},"modified":"2024-07-03T19:25:04","modified_gmt":"2024-07-03T17:25:04","slug":"pangolundi","status":"publish","type":"product","link":"https:\/\/www.potsfink.ch\/es\/pangolundi\/","title":{"rendered":"PangoLundi"},"content":{"rendered":"<p><strong>PangoLundi (PangoLunes) es un taller libre<\/p>\n<p><\/strong>Realiza tus propios proyectos en un taller profesional. Todos los lunes, nuestro anexo, el Pangol\u00edn, est\u00e1 a tu disposici\u00f3n para que realices tus propios proyectos o perfecciones tu t\u00e9cnica. Tanto si desea perfeccionar sus habilidades como lanzador, decorar piezas o producir sus propios sue\u00f1os cer\u00e1micos.<br \/>Para un apoyo t\u00e9cnico ocasional, para abastecerse de herramientas o materiales o para guardar piezas h\u00famedas, siempre habr\u00e1 un miembro del equipo potsfink a mano.<br \/><strong>Destinatarios:<\/strong> Nivel avanzado. Este taller est\u00e1 abierto a cualquier persona que pueda trabajar de forma independiente. Cualquier persona que necesite un lugar adecuado y c\u00f3modo para trabajar.<br \/><strong>Materiales:<\/strong> traer su propio delantal o bata.<br \/><strong>Lugar:<\/strong> Poterie d&#8217;Ependes, Route du Petit-Ependes 3, 1731 Ependes-Friburgo<br \/><strong>Horario:<\/strong> lunes de 8.30 a 18.00 h, previa inscripci\u00f3n confirmada<br \/>Fechas: todos los lunes, incluidas las vacaciones escolares (julio y agosto sobre demanda, Navidades cerrado)<br \/><strong>Coste : <\/strong>Se elaborar\u00e1 una factura personal por media hora.<br \/><strong>Esmaltes:<\/strong> usted esmalta sus propias piezas.<br \/><strong>Cocci\u00f3n y materiales:<\/strong> temperaturas y hornos habituales del taller, materiales seg\u00fan precio vigente por kg.<\/p>\n","protected":false},"excerpt":{"rendered":"<p>PangoLundi (PangoLunes) es un taller libre Realiza tus propios proyectos en un taller profesional. Todos los lunes, nuestro anexo, el Pangol\u00edn, est\u00e1 a tu disposici\u00f3n para que realices tus propios proyectos o perfecciones tu t\u00e9cnica. Tanto si desea perfeccionar sus habilidades como lanzador, decorar piezas o producir sus propios sue\u00f1os cer\u00e1micos.Para un apoyo t\u00e9cnico ocasional, [&hellip;]<\/p>\n","protected":false},"featured_media":30034,"template":"","meta":{"_et_pb_use_builder":"","_et_pb_old_content":"","_et_gb_content_width":""},"product_brand":[],"product_cat":[243,245],"product_tag":[],"class_list":{"0":"post-37190","1":"product","2":"type-product","3":"status-publish","4":"has-post-thumbnail","6":"product_cat-curso","7":"product_cat-precio-variable","9":"first","10":"instock","11":"sold-individually","12":"taxable","13":"shipping-taxable","14":"purchasable","15":"product-type-variable"},"_links":{"self":[{"href":"https:\/\/www.potsfink.ch\/es\/wp-json\/wp\/v2\/product\/37190","targetHints":{"allow":["GET"]}}],"collection":[{"href":"https:\/\/www.potsfink.ch\/es\/wp-json\/wp\/v2\/product"}],"about":[{"href":"https:\/\/www.potsfink.ch\/es\/wp-json\/wp\/v2\/types\/product"}],"wp:featuredmedia":[{"embeddable":true,"href":"https:\/\/www.potsfink.ch\/es\/wp-json\/wp\/v2\/media\/30034"}],"wp:attachment":[{"href":"https:\/\/www.potsfink.ch\/es\/wp-json\/wp\/v2\/media?parent=37190"}],"wp:term":[{"taxonomy":"product_brand","embeddable":true,"href":"https:\/\/www.potsfink.ch\/es\/wp-json\/wp\/v2\/product_brand?post=37190"},{"taxonomy":"product_cat","embeddable":true,"href":"https:\/\/www.potsfink.ch\/es\/wp-json\/wp\/v2\/product_cat?post=37190"},{"taxonomy":"product_tag","embeddable":true,"href":"https:\/\/www.potsfink.ch\/es\/wp-json\/wp\/v2\/product_tag?post=37190"}],"curies":[{"name":"wp","href":"https:\/\/api.w.org\/{rel}","templated":true}]}}