{"id":37073,"date":"2023-12-14T13:24:29","date_gmt":"2023-12-14T12:24:29","guid":{"rendered":"https:\/\/www.potsfink.ch\/produit\/semana-de-torno-alfarero-intensivo\/"},"modified":"2026-04-01T06:02:35","modified_gmt":"2026-04-01T04:02:35","slug":"semana-de-torno-alfarero-intensivo","status":"publish","type":"product","link":"https:\/\/www.potsfink.ch\/es\/semana-de-torno-alfarero-intensivo\/","title":{"rendered":"Semana de torno alfarero, intensivo"},"content":{"rendered":"<p>Este curso est\u00e1 dirigido a personas que deseen aprender, progresar o perfeccionar la t\u00e9cnica del torno alfarero.<\/p>\n<p>Esta t\u00e9cnica milenaria es una forma \u00fanica de dar forma a un material maleable. Tan fascinante como dif\u00edcil, requiere valiosos conocimientos b\u00e1sicos que a menudo se pasan por alto para progresar m\u00e1s f\u00e1cilmente, pero la pr\u00e1ctica repetida es esencial para dominarla.<\/p>\n<ul>\n<li>dominar la preparaci\u00f3n de la arcilla<\/li>\n<li>concentrarse eficazmente en el torno alfarero<\/li>\n<li>ejercitarse en la producci\u00f3n, desde las formas b\u00e1sicas hasta las piezas m\u00e1s complejas<\/li>\n<\/ul>\n<p>Cada participante dispone de un torno personal durante el curso.<\/p>\n<p style=\"padding-left: 40px;\"><i>Encore un grand merci pour ton cours que j\u2019ai ador\u00e9<br \/>\n&#8230;..Sylvie<br \/>\nDer Drehkurs war grossartig, bin sehr begeistert von der Woche und finde du hast das so toll gemacht mit der Kursleitung, so professionell und doch mit so viel Humor, es war einfach genial.<br \/>\n&#8230;..Janine<br \/>\n<\/i>Un immense merci pour ces tr\u00e9sors de connaissances que tu m\u2019as permis d\u2019acqu\u00e9rir durant cette semaine ! J\u2019ai v\u00e9cue une vraie \u00e9volution et beaucoup de plaisir dans la pratique du tournage.<br \/>\n&#8230;..<i>Virginie<\/i><\/p>\n<p><strong>Destinatarios:<\/strong> personas interesadas en el torno<br \/>\n<strong>Equipo:<\/strong> delantal personal<br \/>\n<strong>Instructor:<\/strong> Peter Fink<br \/>\n<strong>Lugar:<\/strong> Poterie d&#8217;Ependes, Route du Petit-Ependes 3, 1731 Ependes-Friburgo<br \/>\nconexi\u00f3n de autob\u00fas tpf a Friburgo en 19 min<\/p>\n<p><strong>Duraci\u00f3n:<\/strong> aprox. 40 horas, de lunes a viernes de 8.30 a las 12.00, programa de trabajo preciso y supervisi\u00f3n individual, por la tarde el taller queda libre para el trabajo personal en el torno hasta las 18.00, y si se desea una sesi\u00f3n de esmaltado a definir individualmente.<br \/>\n<strong>Coste:<\/strong> 800 CHF<br \/>\n<strong>Materiales y cocci\u00f3n:<\/strong> arcilla de colada incluida, piezas cocidas seg\u00fan el precio actual por kilo.<br \/>\n<strong>Participantes:<\/strong> m\u00ednimo 5-8<\/p>\n<p><strong>Alojamiento:<\/strong> Como opci\u00f3n, disponemos de varias habitaciones individuales o dobles, luminosas pero sencillas, con ba\u00f1o compartido.\u00a0 <a href=\"https:\/\/potsfink.ch\/es\/alojamiento\">-&gt; Reserve aqu\u00ed.<\/a><\/p>\n","protected":false},"excerpt":{"rendered":"<p>Este curso est\u00e1 dirigido a personas que deseen aprender, progresar o perfeccionar la t\u00e9cnica del torno alfarero. Esta t\u00e9cnica milenaria es una forma \u00fanica de dar forma a un material maleable. Tan fascinante como dif\u00edcil, requiere valiosos conocimientos b\u00e1sicos que a menudo se pasan por alto para progresar m\u00e1s f\u00e1cilmente, pero la pr\u00e1ctica repetida es [&hellip;]<\/p>\n","protected":false},"featured_media":28631,"template":"","meta":{"_et_pb_use_builder":"","_et_pb_old_content":"","_et_gb_content_width":""},"product_brand":[],"product_cat":[243,229,245,232],"product_tag":[],"class_list":{"0":"post-37073","1":"product","2":"type-product","3":"status-publish","4":"has-post-thumbnail","6":"product_cat-curso","7":"product_cat-cours","8":"product_cat-precio-variable","9":"product_cat-prix-variable","11":"first","12":"instock","13":"taxable","14":"shipping-taxable","15":"purchasable","16":"product-type-variable"},"_links":{"self":[{"href":"https:\/\/www.potsfink.ch\/es\/wp-json\/wp\/v2\/product\/37073","targetHints":{"allow":["GET"]}}],"collection":[{"href":"https:\/\/www.potsfink.ch\/es\/wp-json\/wp\/v2\/product"}],"about":[{"href":"https:\/\/www.potsfink.ch\/es\/wp-json\/wp\/v2\/types\/product"}],"wp:featuredmedia":[{"embeddable":true,"href":"https:\/\/www.potsfink.ch\/es\/wp-json\/wp\/v2\/media\/28631"}],"wp:attachment":[{"href":"https:\/\/www.potsfink.ch\/es\/wp-json\/wp\/v2\/media?parent=37073"}],"wp:term":[{"taxonomy":"product_brand","embeddable":true,"href":"https:\/\/www.potsfink.ch\/es\/wp-json\/wp\/v2\/product_brand?post=37073"},{"taxonomy":"product_cat","embeddable":true,"href":"https:\/\/www.potsfink.ch\/es\/wp-json\/wp\/v2\/product_cat?post=37073"},{"taxonomy":"product_tag","embeddable":true,"href":"https:\/\/www.potsfink.ch\/es\/wp-json\/wp\/v2\/product_tag?post=37073"}],"curies":[{"name":"wp","href":"https:\/\/api.w.org\/{rel}","templated":true}]}}