{"id":31704,"date":"2023-05-07T13:06:57","date_gmt":"2023-05-07T11:06:57","guid":{"rendered":"https:\/\/www.potsfink.ch\/presentacion\/"},"modified":"2025-10-19T17:33:32","modified_gmt":"2025-10-19T15:33:32","slug":"presentacion","status":"publish","type":"page","link":"https:\/\/www.potsfink.ch\/es\/presentacion\/","title":{"rendered":"Presentaci\u00f3n"},"content":{"rendered":"<p>[et_pb_section fb_built=\u00bb1&#8243; custom_padding_last_edited=\u00bbon|phone\u00bb _builder_version=\u00bb4.16&#8243; _module_preset=\u00bbdefault\u00bb background_color=\u00bbRGBA(0,0,0,0)\u00bb custom_margin=\u00bb0px||0px||false|false\u00bb custom_padding=\u00bb80px|20px|20px|20px|false|true\u00bb custom_padding_tablet=\u00bb80px|10px|40px|10px|false|true\u00bb custom_padding_phone=\u00bb\u00bb global_colors_info=\u00bb{}\u00bb][et_pb_row custom_padding_last_edited=\u00bbon|tablet\u00bb _builder_version=\u00bb4.16&#8243; _module_preset=\u00bbdefault\u00bb custom_margin=\u00bb0px||0px||false|false\u00bb custom_padding=\u00bb0px|20px|60px|20px|false|true\u00bb custom_padding_tablet=\u00bb|10px|40px|10px|false|true\u00bb custom_padding_phone=\u00bb\u00bb global_colors_info=\u00bb{}\u00bb][et_pb_column type=\u00bb4_4&#8243; _builder_version=\u00bb4.16&#8243; _module_preset=\u00bbdefault\u00bb global_colors_info=\u00bb{}\u00bb][et_pb_text _builder_version=\u00bb4.17.6&#8243; _module_preset=\u00bbdefault\u00bb header_font_size=\u00bb39px\u00bb text_orientation=\u00bbcenter\u00bb max_width=\u00bb700px\u00bb module_alignment=\u00bbcenter\u00bb animation_style=\u00bbzoom\u00bb animation_direction=\u00bbbottom\u00bb animation_duration=\u00bb800ms\u00bb animation_intensity_zoom=\u00bb10%\u00bb text_font_size_tablet=\u00bb16px\u00bb text_font_size_phone=\u00bb15px\u00bb text_font_size_last_edited=\u00bbon|desktop\u00bb header_font_size_tablet=\u00bb35px\u00bb header_font_size_phone=\u00bb31px\u00bb header_font_size_last_edited=\u00bbon|phone\u00bb global_colors_info=\u00bb{}\u00bb]<\/p>\n<h1>Presentaci\u00f3n<\/h1>\n<p>En mi taller de Ependes-Friburgo&#8230; &#8230;creamos piezas cer\u00e1micas para uso cotidiano. Formas sobrias y claras decoradas con oro y plata, sostenidas por una caligraf\u00eda coloreada, en blanco y negro, y tambi\u00e9n en colores luminosos.<\/p>\n<p>[\/et_pb_text][\/et_pb_column][\/et_pb_row][et_pb_row module_class=\u00bbgrille-4col\u00bb _builder_version=\u00bb4.16&#8243; _module_preset=\u00bbdefault\u00bb max_width=\u00bb1950px\u00bb custom_margin=\u00bb0px||0px||false|false\u00bb custom_padding=\u00bb0px||0px||false|false\u00bb global_colors_info=\u00bb{}\u00bb][et_pb_column type=\u00bb4_4&#8243; _builder_version=\u00bb4.16&#8243; _module_preset=\u00bbdefault\u00bb global_colors_info=\u00bb{}\u00bb][et_pb_blurb title=\u00bbPerfil\u00bb image=\u00bbhttps:\/\/www.potsfink.ch\/wp-content\/uploads\/2023\/01\/PeterFink_portrait_recadre.jpg\u00bb _builder_version=\u00bb4.17.6&#8243; _dynamic_attributes=\u00bblink_option_url\u00bb _module_preset=\u00bbdefault\u00bb header_font_size=\u00bb23px\u00bb body_font=\u00bbDIN Pro Regular||||||||\u00bb custom_margin=\u00bb||||false|false\u00bb custom_padding=\u00bb0px||0px||false|false\u00bb animation_style=\u00bbzoom\u00bb animation_duration=\u00bb800ms\u00bb animation_intensity_zoom=\u00bb10%\u00bb animation=\u00bboff\u00bb link_option_url=\u00bb@ET-DC@eyJkeW5hbWljIjp0cnVlLCJjb250ZW50IjoicG9zdF9saW5rX3VybF9wYWdlIiwic2V0dGluZ3MiOnsicG9zdF9pZCI6IjE3MDkifX0=@\u00bb header_font_size_tablet=\u00bb21px\u00bb header_font_size_phone=\u00bb19px\u00bb header_font_size_last_edited=\u00bbon|phone\u00bb body_font_size_tablet=\u00bb16px\u00bb body_font_size_phone=\u00bb15px\u00bb body_font_size_last_edited=\u00bbon|phone\u00bb global_colors_info=\u00bb{}\u00bb child_filter_brightness__hover_enabled=\u00bboff|desktop\u00bb child_filter_brightness__hover=\u00bb120%\u00bb]<\/p>\n<p>Peter Fink<\/p>\n<p>[\/et_pb_blurb][et_pb_blurb title=\u00bbTaller\u00bb image=\u00bbhttps:\/\/www.potsfink.ch\/wp-content\/uploads\/2022\/12\/IMG_7049-1-scaled.jpeg\u00bb _builder_version=\u00bb4.17.6&#8243; _dynamic_attributes=\u00bblink_option_url\u00bb _module_preset=\u00bbdefault\u00bb header_font_size=\u00bb23px\u00bb body_font=\u00bbDIN Pro Regular||||||||\u00bb custom_margin=\u00bb||||false|false\u00bb custom_padding=\u00bb0px||0px||false|false\u00bb animation_style=\u00bbzoom\u00bb animation_duration=\u00bb800ms\u00bb animation_intensity_zoom=\u00bb10%\u00bb animation=\u00bboff\u00bb link_option_url=\u00bb@ET-DC@eyJkeW5hbWljIjp0cnVlLCJjb250ZW50IjoicG9zdF9saW5rX3VybF9wYWdlIiwic2V0dGluZ3MiOnsicG9zdF9pZCI6IjI2MDYifX0=@\u00bb header_font_size_tablet=\u00bb21px\u00bb header_font_size_phone=\u00bb19px\u00bb header_font_size_last_edited=\u00bbon|phone\u00bb body_font_size_tablet=\u00bb16px\u00bb body_font_size_phone=\u00bb15px\u00bb body_font_size_last_edited=\u00bbon|phone\u00bb global_colors_info=\u00bb{}\u00bb child_filter_brightness__hover_enabled=\u00bboff|desktop\u00bb child_filter_brightness__hover=\u00bb120%\u00bb]<\/p>\n<p>polivalencia y creatividad<\/p>\n<p>[\/et_pb_blurb][et_pb_blurb title=\u00bbExposici\u00f3n\u00bb image=\u00bbhttps:\/\/www.potsfink.ch\/wp-content\/uploads\/2021\/04\/PeterFink87-86c91.jpg\u00bb _builder_version=\u00bb4.16&#8243; _dynamic_attributes=\u00bblink_option_url\u00bb _module_preset=\u00bbdefault\u00bb header_font_size=\u00bb23px\u00bb body_font=\u00bbDIN Pro Regular||||||||\u00bb custom_margin=\u00bb||||false|false\u00bb custom_padding=\u00bb0px||0px||false|false\u00bb animation_style=\u00bbzoom\u00bb animation_duration=\u00bb800ms\u00bb animation_intensity_zoom=\u00bb10%\u00bb animation=\u00bboff\u00bb link_option_url=\u00bb@ET-DC@eyJkeW5hbWljIjp0cnVlLCJjb250ZW50IjoicG9zdF9saW5rX3VybF9wYWdlIiwic2V0dGluZ3MiOnsicG9zdF9pZCI6IjI2MDgifX0=@\u00bb header_font_size_tablet=\u00bb21px\u00bb header_font_size_phone=\u00bb19px\u00bb header_font_size_last_edited=\u00bbon|phone\u00bb body_font_size_tablet=\u00bb16px\u00bb body_font_size_phone=\u00bb15px\u00bb body_font_size_last_edited=\u00bbon|phone\u00bb global_colors_info=\u00bb{}\u00bb child_filter_brightness__hover_enabled=\u00bboff|desktop\u00bb child_filter_brightness__hover=\u00bb120%\u00bb]<\/p>\n<p>una sala de exposici\u00f3n abierta todos los d\u00edas<\/p>\n<p>[\/et_pb_blurb][et_pb_blurb title=\u00bbActualidades\u00bb image=\u00bbhttps:\/\/www.potsfink.ch\/wp-content\/uploads\/2024\/08\/PeterFink_Phantomes_2_-scaled.jpg\u00bb _builder_version=\u00bb4.27.4&#8243; _dynamic_attributes=\u00bblink_option_url\u00bb _module_preset=\u00bbdefault\u00bb header_font_size=\u00bb23px\u00bb body_font=\u00bbDIN Pro Regular||||||||\u00bb custom_margin=\u00bb||||false|false\u00bb custom_padding=\u00bb0px||0px||false|false\u00bb animation_style=\u00bbzoom\u00bb animation_duration=\u00bb800ms\u00bb animation_intensity_zoom=\u00bb10%\u00bb animation=\u00bboff\u00bb link_option_url=\u00bb@ET-DC@eyJkeW5hbWljIjp0cnVlLCJjb250ZW50IjoicG9zdF9saW5rX3VybF9wYWdlIiwic2V0dGluZ3MiOnsicG9zdF9pZCI6IjE3MTcifX0=@\u00bb header_font_size_tablet=\u00bb21px\u00bb header_font_size_phone=\u00bb19px\u00bb header_font_size_last_edited=\u00bbon|phone\u00bb body_font_size_tablet=\u00bb16px\u00bb body_font_size_phone=\u00bb15px\u00bb body_font_size_last_edited=\u00bbon|phone\u00bb global_colors_info=\u00bb{}\u00bb child_filter_brightness__hover_enabled=\u00bboff|desktop\u00bb child_filter_brightness__hover=\u00bb120%\u00bb]<\/p>\n<p>Prensa, eventos y empleo<\/p>\n<p>[\/et_pb_blurb][et_pb_blurb title=\u00bbColaboradores\u00bb image=\u00bbhttps:\/\/www.potsfink.ch\/wp-content\/uploads\/2021\/04\/staff460.jpg\u00bb _builder_version=\u00bb4.27.4&#8243; _dynamic_attributes=\u00bblink_option_url\u00bb _module_preset=\u00bbdefault\u00bb header_font_size=\u00bb23px\u00bb body_font=\u00bbDIN Pro Regular||||||||\u00bb custom_margin=\u00bb||||false|false\u00bb custom_padding=\u00bb0px||1px||false|false\u00bb animation_style=\u00bbzoom\u00bb animation_duration=\u00bb800ms\u00bb animation_intensity_zoom=\u00bb10%\u00bb animation=\u00bboff\u00bb link_option_url=\u00bb@ET-DC@eyJkeW5hbWljIjp0cnVlLCJjb250ZW50IjoicG9zdF9saW5rX3VybF9wYWdlIiwic2V0dGluZ3MiOnsicG9zdF9pZCI6IjI2MTAifX0=@\u00bb hover_enabled=\u00bb0&#8243; header_font_size_tablet=\u00bb21px\u00bb header_font_size_phone=\u00bb19px\u00bb header_font_size_last_edited=\u00bbon|phone\u00bb body_font_size_tablet=\u00bb16px\u00bb body_font_size_phone=\u00bb15px\u00bb body_font_size_last_edited=\u00bbon|phone\u00bb global_colors_info=\u00bb{}\u00bb child_filter_brightness__hover_enabled=\u00bboff|desktop\u00bb child_filter_brightness__hover=\u00bb120%\u00bb sticky_enabled=\u00bb0&#8243;]<\/p>\n<p>Sin ellas&#8230;.<\/p>\n<p>[\/et_pb_blurb][et_pb_blurb title=\u00bbAprender el oficio\u00bb image=\u00bbhttps:\/\/www.potsfink.ch\/wp-content\/uploads\/2021\/04\/portrait_melanie.jpg\u00bb _builder_version=\u00bb4.27.4&#8243; _dynamic_attributes=\u00bblink_option_url\u00bb _module_preset=\u00bbdefault\u00bb header_font_size=\u00bb23px\u00bb body_font=\u00bbDIN Pro Regular||||||||\u00bb custom_margin=\u00bb||||false|false\u00bb custom_padding=\u00bb0px||0px||false|false\u00bb animation_style=\u00bbzoom\u00bb animation_duration=\u00bb800ms\u00bb animation_intensity_zoom=\u00bb10%\u00bb animation=\u00bboff\u00bb link_option_url=\u00bb@ET-DC@eyJkeW5hbWljIjp0cnVlLCJjb250ZW50IjoicG9zdF9saW5rX3VybF9wYWdlIiwic2V0dGluZ3MiOnsicG9zdF9pZCI6IjMxODQ3In19@\u00bb hover_enabled=\u00bb0&#8243; header_font_size_tablet=\u00bb21px\u00bb header_font_size_phone=\u00bb19px\u00bb header_font_size_last_edited=\u00bbon|phone\u00bb body_font_size_tablet=\u00bb16px\u00bb body_font_size_phone=\u00bb15px\u00bb body_font_size_last_edited=\u00bbon|phone\u00bb global_colors_info=\u00bb{}\u00bb child_filter_brightness__hover_enabled=\u00bboff|desktop\u00bb child_filter_brightness__hover=\u00bb120%\u00bb title_text=\u00bbportrait_melanie\u00bb sticky_enabled=\u00bb0&#8243;]<\/p>\n<p>\u00bfC\u00f3mo postular?<\/p>\n<p>[\/et_pb_blurb][\/et_pb_column][\/et_pb_row][\/et_pb_section]<\/p>\n","protected":false},"excerpt":{"rendered":"<p>Presentaci\u00f3n En mi taller de Ependes-Friburgo&#8230; &#8230;creamos piezas cer\u00e1micas para uso cotidiano. Formas sobrias y claras decoradas con oro y plata, sostenidas por una caligraf\u00eda coloreada, en blanco y negro, y tambi\u00e9n en colores luminosos.Peter Finkpolivalencia y creatividaduna sala de exposici\u00f3n abierta todos los d\u00edasPrensa, eventos y empleoSin ellas&#8230;.\u00bfC\u00f3mo postular?<\/p>\n","protected":false},"author":1,"featured_media":0,"parent":0,"menu_order":0,"comment_status":"closed","ping_status":"closed","template":"","meta":{"_et_pb_use_builder":"on","_et_pb_old_content":"","_et_gb_content_width":"","footnotes":""},"class_list":["post-31704","page","type-page","status-publish","hentry"],"_links":{"self":[{"href":"https:\/\/www.potsfink.ch\/es\/wp-json\/wp\/v2\/pages\/31704","targetHints":{"allow":["GET"]}}],"collection":[{"href":"https:\/\/www.potsfink.ch\/es\/wp-json\/wp\/v2\/pages"}],"about":[{"href":"https:\/\/www.potsfink.ch\/es\/wp-json\/wp\/v2\/types\/page"}],"author":[{"embeddable":true,"href":"https:\/\/www.potsfink.ch\/es\/wp-json\/wp\/v2\/users\/1"}],"replies":[{"embeddable":true,"href":"https:\/\/www.potsfink.ch\/es\/wp-json\/wp\/v2\/comments?post=31704"}],"version-history":[{"count":34,"href":"https:\/\/www.potsfink.ch\/es\/wp-json\/wp\/v2\/pages\/31704\/revisions"}],"predecessor-version":[{"id":40858,"href":"https:\/\/www.potsfink.ch\/es\/wp-json\/wp\/v2\/pages\/31704\/revisions\/40858"}],"wp:attachment":[{"href":"https:\/\/www.potsfink.ch\/es\/wp-json\/wp\/v2\/media?parent=31704"}],"curies":[{"name":"wp","href":"https:\/\/api.w.org\/{rel}","templated":true}]}}