{"id":28138,"date":"2021-08-16T11:34:50","date_gmt":"2021-08-16T09:34:50","guid":{"rendered":"https:\/\/www.potsfink.ch\/boutique\/"},"modified":"2026-02-09T16:04:25","modified_gmt":"2026-02-09T15:04:25","slug":"boutique","status":"publish","type":"page","link":"https:\/\/www.potsfink.ch\/es\/tienda\/","title":{"rendered":"Tienda"},"content":{"rendered":"<p>[et_pb_section fb_built=\u00bb1&#8243; custom_padding_last_edited=\u00bbon|tablet\u00bb _builder_version=\u00bb4.16&#8243; _module_preset=\u00bbdefault\u00bb background_color=\u00bbRGBA(0,0,0,0)\u00bb custom_margin=\u00bb0px||0px||false|false\u00bb custom_padding=\u00bb80px|20px|20px|20px|false|true\u00bb custom_padding_tablet=\u00bb80px|10px|40px|10px|false|true\u00bb custom_padding_phone=\u00bb\u00bb global_colors_info=\u00bb{}\u00bb][et_pb_row custom_padding_last_edited=\u00bbon|tablet\u00bb _builder_version=\u00bb4.16&#8243; _module_preset=\u00bbdefault\u00bb max_width=\u00bb1960px\u00bb custom_margin=\u00bb0px||0px||false|false\u00bb custom_padding=\u00bb0px|20px|40px|20px|false|true\u00bb custom_padding_tablet=\u00bb||40px||false|true\u00bb custom_padding_phone=\u00bb\u00bb global_colors_info=\u00bb{}\u00bb][et_pb_column type=\u00bb4_4&#8243; _builder_version=\u00bb4.16&#8243; _module_preset=\u00bbdefault\u00bb global_colors_info=\u00bb{}\u00bb][et_pb_text _builder_version=\u00bb4.19.5&#8243; _module_preset=\u00bbdefault\u00bb header_font_size=\u00bb39px\u00bb text_orientation=\u00bbcenter\u00bb max_width=\u00bb700px\u00bb module_alignment=\u00bbcenter\u00bb animation_style=\u00bbslide\u00bb animation_direction=\u00bbbottom\u00bb animation_intensity_slide=\u00bb15%\u00bb text_font_size_tablet=\u00bb16px\u00bb text_font_size_phone=\u00bb15px\u00bb text_font_size_last_edited=\u00bbon|phone\u00bb global_colors_info=\u00bb{}\u00bb]<\/p>\n<h1>Tienda<\/h1>\n<p>&nbsp;<\/p>\n<p>Cer\u00e1mica realizada \u00edntegramente en nuestro taller.<\/p>\n<p>[\/et_pb_text][\/et_pb_column][\/et_pb_row][et_pb_row _builder_version=\u00bb4.16&#8243; _module_preset=\u00bbdefault\u00bb max_width=\u00bb1950px\u00bb custom_margin=\u00bb0px||0px||false|false\u00bb custom_padding=\u00bb0px||0px||false|false\u00bb global_colors_info=\u00bb{}\u00bb][et_pb_column type=\u00bb4_4&#8243; _builder_version=\u00bb4.16&#8243; _module_preset=\u00bbdefault\u00bb global_colors_info=\u00bb{}\u00bb][et_pb_code module_class=\u00bbgrille-boutique\u00bb _builder_version=\u00bb4.20.4&#8243; _module_preset=\u00bbdefault\u00bb global_colors_info=\u00bb{}\u00bb]<!-- Gridbuilder \u1d42\u1d3e Plugin (https:\/\/wpgridbuilder.com) -->\n<div class=\"wp-grid-builder wpgb-grid-4 boutique\" data-options=\"{&quot;id&quot;:4,&quot;type&quot;:&quot;masonry&quot;,&quot;source&quot;:&quot;post_type&quot;,&quot;loader&quot;:false,&quot;layout&quot;:&quot;vertical&quot;,&quot;reveal&quot;:1,&quot;isMainQuery&quot;:0,&quot;lazyLoad&quot;:false,&quot;cardSizes&quot;:{&quot;9999&quot;:{&quot;columns&quot;:4,&quot;height&quot;:240,&quot;gutter&quot;:0,&quot;ratio&quot;:&quot;1.33333&quot;},&quot;1520&quot;:{&quot;columns&quot;:4,&quot;height&quot;:240,&quot;gutter&quot;:0,&quot;ratio&quot;:&quot;1.33333&quot;},&quot;1280&quot;:{&quot;columns&quot;:3,&quot;height&quot;:220,&quot;gutter&quot;:0,&quot;ratio&quot;:&quot;1.33333&quot;},&quot;980&quot;:{&quot;columns&quot;:2,&quot;height&quot;:220,&quot;gutter&quot;:0,&quot;ratio&quot;:&quot;1.33333&quot;},&quot;640&quot;:{&quot;columns&quot;:1,&quot;height&quot;:200,&quot;gutter&quot;:0,&quot;ratio&quot;:&quot;1.33333&quot;},&quot;320&quot;:{&quot;columns&quot;:1,&quot;height&quot;:200,&quot;gutter&quot;:0,&quot;ratio&quot;:&quot;1.33333&quot;}},&quot;fitRows&quot;:false,&quot;equalRows&quot;:0,&quot;equalColumns&quot;:true,&quot;fillLastRow&quot;:0,&quot;centerLastRow&quot;:0,&quot;horizontalOrder&quot;:false,&quot;fullWidth&quot;:false,&quot;transitionDelay&quot;:0,&quot;gallerySlideshow&quot;:false,&quot;rowsNumber&quot;:1,&quot;slideAlign&quot;:&quot;left&quot;,&quot;groupCells&quot;:1,&quot;draggable&quot;:true,&quot;initialIndex&quot;:0,&quot;contain&quot;:false,&quot;freeScroll&quot;:false,&quot;freeFriction&quot;:&quot;0.075&quot;,&quot;friction&quot;:&quot;0.285&quot;,&quot;attraction&quot;:&quot;0.025&quot;,&quot;autoPlay&quot;:0,&quot;pageDotAriaLabel&quot;:&quot;Page dot %d&quot;,&quot;isPreview&quot;:false,&quot;isGutenberg&quot;:false,&quot;rightToLeft&quot;:false}\"><div class=\"wpgb-svg-icons\" hidden>\n\t<svg viewBox=\"0 0 120 24\" width=\"0\" height=\"0\">\n\t<defs>\n        <polygon id=\"wpgb-star-svg\" points=\"12 2.5 15.1 8.8 22 9.8 17 14.6 18.2 21.5 12 18.3 5.8 21.5 7 14.6 2 9.8 8.9 8.8\"><\/polygon>\n    <\/defs>\n    <symbol id=\"wpgb-rating-stars-svg\">\n        <use xlink:href=\"#wpgb-star-svg\"><\/use>\n        <use xlink:href=\"#wpgb-star-svg\" x=\"24\"><\/use>\n        <use xlink:href=\"#wpgb-star-svg\" x=\"48\"><\/use>\n        <use xlink:href=\"#wpgb-star-svg\" x=\"72\"><\/use>\n        <use xlink:href=\"#wpgb-star-svg\" x=\"96\"><\/use>\n    <\/symbol>\n<\/svg>\n<\/div>\n<div class=\"wpgb-wrapper\">\n\t<div class=\"wpgb-main\">\n\t<div class=\"wpgb-area wpgb-area-top-2\">\n\t<div class=\"wpgb-facet wpgb-loading wpgb-facet-4\" data-facet=\"4\" data-grid=\"4\"><\/div><\/div>\n<div class=\"wpgb-layout\">\n\t<div class=\"wpgb-viewport\">\n\t\t<div class=\"wpgb-masonry\">\n\t\t\t<article class=\"wpgb-card wpgb-card-3 wpgb-post-41628 wpgb-card-hidden\" data-col=\"1\" data-row=\"1\" data-format=\"standard\"><div class=\"wpgb-card-wrapper\"><div class=\"wpgb-card-inner\" data-action><div class=\"wpgb-card-media wpgb-scheme-light\"><svg data-ratio style=\"padding-top:100%\" viewBox=\"0 0 768 768\" aria-hidden=\"true\"><\/svg><div class=\"wpgb-card-media-thumbnail\"><a href=\"https:\/\/www.potsfink.ch\/wp-content\/uploads\/2026\/03\/potsfink_260226_sarine_flying_julien_ayer.jpg\" tabindex=\"-1\" class=\"wpgb-handle-lb wpgb-lightbox\" data-type=\"image\" data-rel=\"4\" data-title=\"potsfink_260226_sarine_flying_julien_ayer\" title=\"Enlarge photo\"><div style=\"background-image:url(https:\/\/www.potsfink.ch\/wp-content\/uploads\/2026\/03\/potsfink_260226_sarine_flying_julien_ayer-768x768.jpg)\"><\/div><noscript><img decoding=\"async\" class=\"wpgb-noscript-img\" src=\"https:\/\/www.potsfink.ch\/wp-content\/uploads\/2026\/03\/potsfink_260226_sarine_flying_julien_ayer-768x768.jpg\" alt=\"Potsfink 260226 Sarine Flying Julien Ayer 768x768\" height=\"768\" width=\"768\" title=\"saladiers_all_colors_w750-ca4b9\"><\/noscript><\/a><\/div><\/div><div class=\"wpgb-card-content wpgb-scheme-dark\"><div class=\"wpgb-card-body\"><h3 class=\"wpgb-block-1\">Caquelon Sarine<\/h3><div class=\"wpgb-block-3 wpgb-idle-scheme-2\"><p>Sarine es un caquel\u00f3n de fondue contempor\u00e1neo, fruto de la colaboraci\u00f3n entre <strong>Julien Ayer<\/strong> y Potsfink. El proyecto revisita un objeto emblem\u00e1tico de la cultura suiza.<br \/>\n<strong>Tama\u00f1os:<\/strong> para 2 o 4 personas<\/p><\/div><\/div><\/div><a class=\"wpgb-card-layer-link\" href=\"https:\/\/www.potsfink.ch\/es\/caquelon-sarine\/\"><\/a><\/div><\/div><\/article><article class=\"wpgb-card wpgb-card-3 wpgb-post-37312 wpgb-card-hidden\" data-col=\"1\" data-row=\"1\" data-format=\"standard\"><div class=\"wpgb-card-wrapper\"><div class=\"wpgb-card-inner\" data-action><div class=\"wpgb-card-media wpgb-scheme-light\"><svg data-ratio style=\"padding-top:75.13%\" viewBox=\"0 0 768 577\" aria-hidden=\"true\"><\/svg><div class=\"wpgb-card-media-thumbnail\"><a href=\"https:\/\/www.potsfink.ch\/wp-content\/uploads\/2024\/01\/P1030979-scaled.jpg\" tabindex=\"-1\" class=\"wpgb-handle-lb wpgb-lightbox\" data-type=\"image\" data-rel=\"4\" data-title=\"P1030979\" title=\"Enlarge photo\"><div style=\"background-image:url(https:\/\/www.potsfink.ch\/wp-content\/uploads\/2024\/01\/P1030979-768x577.jpg)\"><\/div><noscript><img decoding=\"async\" class=\"wpgb-noscript-img\" src=\"https:\/\/www.potsfink.ch\/wp-content\/uploads\/2024\/01\/P1030979-768x577.jpg\" alt=\"P1030979 768x577\" height=\"577\" width=\"768\" title=\"saladiers_all_colors_w750-ca4b9\"><\/noscript><\/a><\/div><\/div><div class=\"wpgb-card-content wpgb-scheme-dark\"><div class=\"wpgb-card-body\"><h3 class=\"wpgb-block-1\">Tarjeta regalo<\/h3><p class=\"wpgb-block-3 wpgb-idle-scheme-2\">Regale una clase de cer\u00e1mica Nuestros cheques regalo son todo un \u00e9xito. Para todos aquellos a los que les gusta juguetear y descubrir la alfarer\u00eda: un curso de descubrimiento un s\u00e1bado de su elecci\u00f3n. Para...<\/p><\/div><\/div><a class=\"wpgb-card-layer-link\" href=\"https:\/\/www.potsfink.ch\/es\/tarjeta-regalo\/\"><\/a><\/div><\/div><\/article><article class=\"wpgb-card wpgb-card-3 wpgb-post-32599 wpgb-card-hidden\" data-col=\"1\" data-row=\"1\" data-format=\"standard\"><div class=\"wpgb-card-wrapper\"><div class=\"wpgb-card-inner\" data-action><div class=\"wpgb-card-media wpgb-scheme-light\"><svg data-ratio style=\"padding-top:75.16%\" viewBox=\"0 0 640 481\" aria-hidden=\"true\"><\/svg><div class=\"wpgb-card-media-thumbnail\"><a href=\"https:\/\/www.potsfink.ch\/wp-content\/uploads\/2022\/03\/pichets_all_color_w750-3-62a39.jpg\" tabindex=\"-1\" class=\"wpgb-handle-lb wpgb-lightbox\" data-type=\"image\" data-rel=\"4\" data-title=\"pichets_all_color_w750-3-62a39\" title=\"Enlarge photo\"><div style=\"background-image:url(https:\/\/www.potsfink.ch\/wp-content\/uploads\/2022\/03\/pichets_all_color_w750-3-62a39.jpg)\"><\/div><noscript><img decoding=\"async\" class=\"wpgb-noscript-img\" src=\"https:\/\/www.potsfink.ch\/wp-content\/uploads\/2022\/03\/pichets_all_color_w750-3-62a39.jpg\" alt=\"Pichets All Color W750 3 62a39\" height=\"481\" width=\"640\" title=\"saladiers_all_colors_w750-ca4b9\"><\/noscript><\/a><\/div><\/div><div class=\"wpgb-card-content wpgb-scheme-dark\"><div class=\"wpgb-card-body\"><h3 class=\"wpgb-block-1\">Jarra<\/h3><div class=\"wpgb-block-3 wpgb-idle-scheme-2\"><p>Tallas desde jarrita para la leche hasta jarra de 10 litros<\/p><\/div><\/div><\/div><a class=\"wpgb-card-layer-link\" href=\"https:\/\/www.potsfink.ch\/es\/jarra\/\"><\/a><\/div><\/div><\/article><article class=\"wpgb-card wpgb-card-3 wpgb-post-32618 wpgb-card-hidden\" data-col=\"1\" data-row=\"1\" data-format=\"standard\"><div class=\"wpgb-card-wrapper\"><div class=\"wpgb-card-inner\" data-action><div class=\"wpgb-card-media wpgb-scheme-light\"><svg data-ratio style=\"padding-top:75%\" viewBox=\"0 0 768 576\" aria-hidden=\"true\"><\/svg><div class=\"wpgb-card-media-thumbnail\"><a href=\"https:\/\/www.potsfink.ch\/wp-content\/uploads\/2022\/03\/Potsfink_pressecitron_9_2025-scaled.jpeg\" tabindex=\"-1\" class=\"wpgb-handle-lb wpgb-lightbox\" data-type=\"image\" data-rel=\"4\" data-title=\"Potsfink_pressecitron_9_2025\" title=\"Enlarge photo\"><div style=\"background-image:url(https:\/\/www.potsfink.ch\/wp-content\/uploads\/2022\/03\/Potsfink_pressecitron_9_2025-768x576.jpeg)\"><\/div><noscript><img decoding=\"async\" class=\"wpgb-noscript-img\" src=\"https:\/\/www.potsfink.ch\/wp-content\/uploads\/2022\/03\/Potsfink_pressecitron_9_2025-768x576.jpeg\" alt=\"Potsfink Pressecitron 9 2025 768x576\" height=\"576\" width=\"768\" title=\"saladiers_all_colors_w750-ca4b9\"><\/noscript><\/a><\/div><\/div><div class=\"wpgb-card-content wpgb-scheme-dark\"><div class=\"wpgb-card-body\"><h3 class=\"wpgb-block-1\">Exprimidor de lim\u00f3n<\/h3><div class=\"wpgb-block-3 wpgb-idle-scheme-2\"><p>Exprimidor de lim\u00f3n, en gres, resistente al lava-vajilla, much\u00edsimos colores.<\/p><\/div><\/div><\/div><a class=\"wpgb-card-layer-link\" href=\"https:\/\/www.potsfink.ch\/es\/exprimidor-de-limon\/\"><\/a><\/div><\/div><\/article><article class=\"wpgb-card wpgb-card-3 wpgb-post-32631 wpgb-card-hidden\" data-col=\"1\" data-row=\"1\" data-format=\"standard\"><div class=\"wpgb-card-wrapper\"><div class=\"wpgb-card-inner\" data-action><div class=\"wpgb-card-media wpgb-scheme-light\"><svg data-ratio style=\"padding-top:75.16%\" viewBox=\"0 0 640 481\" aria-hidden=\"true\"><\/svg><div class=\"wpgb-card-media-thumbnail\"><a href=\"https:\/\/www.potsfink.ch\/wp-content\/uploads\/2022\/03\/saladiers_all_colors_w750-ca4b9.jpg\" tabindex=\"-1\" class=\"wpgb-handle-lb wpgb-lightbox\" data-type=\"image\" data-rel=\"4\" data-title=\"saladiers_all_colors_w750-ca4b9\" title=\"Enlarge photo\"><div style=\"background-image:url(https:\/\/www.potsfink.ch\/wp-content\/uploads\/2022\/03\/saladiers_all_colors_w750-ca4b9.jpg)\"><\/div><noscript><img decoding=\"async\" class=\"wpgb-noscript-img\" src=\"https:\/\/www.potsfink.ch\/wp-content\/uploads\/2022\/03\/saladiers_all_colors_w750-ca4b9.jpg\" alt=\"Saladiers All Colors W750 Ca4b9\" height=\"481\" width=\"640\" title=\"saladiers_all_colors_w750-ca4b9\"><\/noscript><\/a><\/div><\/div><div class=\"wpgb-card-content wpgb-scheme-dark\"><div class=\"wpgb-card-body\"><h3 class=\"wpgb-block-1\">Ensaladera<\/h3><div class=\"wpgb-block-3 wpgb-idle-scheme-2\"><p>Tallas desde 17cm hasta 31cm de di\u00e1metro<\/p><\/div><\/div><\/div><a class=\"wpgb-card-layer-link\" href=\"https:\/\/www.potsfink.ch\/es\/bol-colornegro\/\"><\/a><\/div><\/div><\/article>\t\t<\/div>\n\t<\/div>\n\t<\/div>\n\t<\/div>\n\t\t<\/div>\n<\/div>\n[\/et_pb_code][\/et_pb_column][\/et_pb_row][\/et_pb_section]<\/p>\n","protected":false},"excerpt":{"rendered":"<p>[et_pb_section fb_built=\u00bb1&#8243; custom_padding_last_edited=\u00bbon|tablet\u00bb _builder_version=\u00bb4.16&#8243; _module_preset=\u00bbdefault\u00bb background_color=\u00bbRGBA(0,0,0,0)\u00bb custom_margin=\u00bb0px||0px||false|false\u00bb custom_padding=\u00bb80px|20px|20px|20px|false|true\u00bb custom_padding_tablet=\u00bb80px|10px|40px|10px|false|true\u00bb custom_padding_phone=\u00bb\u00bb global_colors_info=\u00bb{}\u00bb][et_pb_row custom_padding_last_edited=\u00bbon|tablet\u00bb _builder_version=\u00bb4.16&#8243; _module_preset=\u00bbdefault\u00bb max_width=\u00bb1960px\u00bb custom_margin=\u00bb0px||0px||false|false\u00bb custom_padding=\u00bb0px|20px|40px|20px|false|true\u00bb custom_padding_tablet=\u00bb||40px||false|true\u00bb custom_padding_phone=\u00bb\u00bb global_colors_info=\u00bb{}\u00bb][et_pb_column type=\u00bb4_4&#8243; _builder_version=\u00bb4.16&#8243; _module_preset=\u00bbdefault\u00bb global_colors_info=\u00bb{}\u00bb][et_pb_text _builder_version=\u00bb4.19.5&#8243; _module_preset=\u00bbdefault\u00bb header_font_size=\u00bb39px\u00bb text_orientation=\u00bbcenter\u00bb max_width=\u00bb700px\u00bb module_alignment=\u00bbcenter\u00bb animation_style=\u00bbslide\u00bb animation_direction=\u00bbbottom\u00bb animation_intensity_slide=\u00bb15%\u00bb text_font_size_tablet=\u00bb16px\u00bb text_font_size_phone=\u00bb15px\u00bb text_font_size_last_edited=\u00bbon|phone\u00bb global_colors_info=\u00bb{}\u00bb] Tienda &nbsp; Cer\u00e1mica realizada \u00edntegramente en nuestro taller. [\/et_pb_text][\/et_pb_column][\/et_pb_row][et_pb_row _builder_version=\u00bb4.16&#8243; _module_preset=\u00bbdefault\u00bb max_width=\u00bb1950px\u00bb custom_margin=\u00bb0px||0px||false|false\u00bb custom_padding=\u00bb0px||0px||false|false\u00bb global_colors_info=\u00bb{}\u00bb][et_pb_column type=\u00bb4_4&#8243; _builder_version=\u00bb4.16&#8243; _module_preset=\u00bbdefault\u00bb [&hellip;]<\/p>\n","protected":false},"author":1,"featured_media":0,"parent":0,"menu_order":0,"comment_status":"closed","ping_status":"closed","template":"","meta":{"_et_pb_use_builder":"on","_et_pb_old_content":"","_et_gb_content_width":"","footnotes":""},"class_list":["post-28138","page","type-page","status-publish","hentry"],"_links":{"self":[{"href":"https:\/\/www.potsfink.ch\/es\/wp-json\/wp\/v2\/pages\/28138","targetHints":{"allow":["GET"]}}],"collection":[{"href":"https:\/\/www.potsfink.ch\/es\/wp-json\/wp\/v2\/pages"}],"about":[{"href":"https:\/\/www.potsfink.ch\/es\/wp-json\/wp\/v2\/types\/page"}],"author":[{"embeddable":true,"href":"https:\/\/www.potsfink.ch\/es\/wp-json\/wp\/v2\/users\/1"}],"replies":[{"embeddable":true,"href":"https:\/\/www.potsfink.ch\/es\/wp-json\/wp\/v2\/comments?post=28138"}],"version-history":[{"count":18,"href":"https:\/\/www.potsfink.ch\/es\/wp-json\/wp\/v2\/pages\/28138\/revisions"}],"predecessor-version":[{"id":41448,"href":"https:\/\/www.potsfink.ch\/es\/wp-json\/wp\/v2\/pages\/28138\/revisions\/41448"}],"wp:attachment":[{"href":"https:\/\/www.potsfink.ch\/es\/wp-json\/wp\/v2\/media?parent=28138"}],"curies":[{"name":"wp","href":"https:\/\/api.w.org\/{rel}","templated":true}]}}