{"id":39531,"date":"2025-01-12T13:38:44","date_gmt":"2025-01-12T12:38:44","guid":{"rendered":"https:\/\/www.potsfink.ch\/?post_type=product&#038;p=39531"},"modified":"2025-03-07T16:43:43","modified_gmt":"2025-03-07T15:43:43","slug":"workshop-of-pentecost-2024-copie","status":"publish","type":"product","link":"https:\/\/www.potsfink.ch\/en\/workshop-of-pentecost-2024-copie\/","title":{"rendered":"Workshop of Pentecost, 2025"},"content":{"rendered":"<p>[et_pb_section fb_built=&#8221;1&#8243; _builder_version=&#8221;4.24.0&#8243; _module_preset=&#8221;default&#8221; global_colors_info=&#8221;{}&#8221;][\/et_pb_section]<\/p>\n","protected":false},"excerpt":{"rendered":"","protected":false},"featured_media":39494,"template":"","meta":{"_et_pb_use_builder":"on","_et_pb_old_content":"<h2>Arturo Mora, Manises (Espagne)<\/h2>\r\n<strong>Reflets m\u00e9talliques<\/strong>\r\n\r\nLa technique du <a href=\"https:\/\/youtu.be\/K96n6TUmD94\" target=\"_blank\" rel=\"noopener\">reflet m\u00e9tallique<\/a>, originaire de Perse, existe depuis le IXe si\u00e8cle. Elle a \u00e9t\u00e9 perfectionn\u00e9e \u00e0 Manises (Espagne). En appliquant un lustre m\u00e9tallique sur la c\u00e9ramique pour cr\u00e9er une surface brillante, la lumi\u00e8re fait alors varier toutes les nuances de couleurs de la surface. C\u2019est une technique encore utilis\u00e9e de nos jours, pour la c\u00e9ramique contemporaine.\r\n\r\n<a href=\"https:\/\/www.reflejometalico.com\" target=\"_blank\" rel=\"noopener\">Arturo Mora Benavent,<\/a> descendant d'une famille de c\u00e9ramistes de Manises, a h\u00e9rit\u00e9 de cette tradition. Arturo a re\u00e7u de nombreux prix pour son travail exceptionnel dans ce domaine. Son arri\u00e8re-arri\u00e8re-grand-p\u00e8re, au XIXe si\u00e8cle, fut le premier \u00e0 se consacrer \u00e0 la fa\u00efence dor\u00e9e. Lors du workshop Arturo nous transmettra les secrets de cet h\u00e9ritage exceptionnel et unique que l\u2019on mettra en pratique.\r\n\r\n<strong>Programme du cours<\/strong>\r\n1 - Introduction : Origine de la technique du reflet m\u00e9tallique.\r\n2 - Technique mixte du support c\u00e9ramique. Pourquoi appliquons-nous une base alcaline sur une porcelaine ?\r\n3 - M\u00e9thodes de d\u00e9coration du support c\u00e9ramique.\r\n4 - Application de l\u2019\u00e9mail sur la porcelaine.\r\n5 - Formulation du reflet m\u00e9tallique.\r\n6 - Pr\u00e9paration du lustre.\r\n7 - Application du reflet ou lustres de fum\u00e9e.\r\n8 - Cuisson en atmosph\u00e8re r\u00e9ductrice.\r\n9 - Annexe s\u00e9curit\u00e9 et fiches techniques\r\n\r\n<strong>Formateur :<\/strong> Arturo Mora, Manises (Espagne)\r\n<strong>Lieu :<\/strong> Poterie d\u2019Ependes, Route du Petit-Ependes 3, 1731 Ependes-Fribourg\r\nliaison de bus tpf depuis\/pour Fribourg\r\n<strong>Mat\u00e9riel :<\/strong> apportez un tablier ou une blouse de travail\r\n<strong>Langages :<\/strong> Arturo parle espagnol, italien un peu d\u2019anglais, les parties importantes seront traduites.\r\n<strong>Participants :<\/strong> minimum 7, maximum 10\r\n\r\n<strong>Dates :<\/strong> Week-end de Pentec\u00f4te 7-8-9 juin 2025\r\n<strong>Horaire :<\/strong> de 9h \u2013 16h avec une pause \u00e0 midi\r\n\r\n<strong>Co\u00fbt du cours de trois jours :<\/strong> CHF 500.\u2013\r\n+ cuisson des pi\u00e8ces termin\u00e9s selon le tarif en vigueur\r\n\r\n<strong>Logement :<\/strong> En Option, nous disposons de de plusieurs chambres pour une ou deux personnes, lumineuses, mais simples avec salle de bain commune. <a href=\"https:\/\/www.potsfink.ch\/hebergement\/\">R\u00e9servation des chambres ici<\/a>\r\n\r\n<img class=\"size-medium wp-image-39555 alignleft\" src=\"https:\/\/www.potsfink.ch\/wp-content\/uploads\/2025\/01\/potsfink_arturo_BD076A50-7636-4E09-8F4C-835F948ED1BB-236x300.jpg\" alt=\"\" width=\"236\" height=\"300\" \/>\r\n\r\n&nbsp;\r\n\r\n&nbsp;\r\n\r\n&nbsp;\r\n\r\n&nbsp;\r\n\r\n&nbsp;\r\n\r\n&nbsp;\r\n\r\n&nbsp;","_et_gb_content_width":""},"product_brand":[],"product_cat":[230,229,231,239],"product_tag":[],"class_list":{"0":"post-39531","1":"product","2":"type-product","3":"status-publish","4":"has-post-thumbnail","6":"product_cat-classes","7":"product_cat-cours","8":"product_cat-prix-fixe","9":"product_cat-fixed-price","11":"first","12":"outofstock","13":"virtual","14":"taxable","15":"purchasable","16":"product-type-simple"},"_links":{"self":[{"href":"https:\/\/www.potsfink.ch\/en\/wp-json\/wp\/v2\/product\/39531","targetHints":{"allow":["GET"]}}],"collection":[{"href":"https:\/\/www.potsfink.ch\/en\/wp-json\/wp\/v2\/product"}],"about":[{"href":"https:\/\/www.potsfink.ch\/en\/wp-json\/wp\/v2\/types\/product"}],"wp:featuredmedia":[{"embeddable":true,"href":"https:\/\/www.potsfink.ch\/en\/wp-json\/wp\/v2\/media\/39494"}],"wp:attachment":[{"href":"https:\/\/www.potsfink.ch\/en\/wp-json\/wp\/v2\/media?parent=39531"}],"wp:term":[{"taxonomy":"product_brand","embeddable":true,"href":"https:\/\/www.potsfink.ch\/en\/wp-json\/wp\/v2\/product_brand?post=39531"},{"taxonomy":"product_cat","embeddable":true,"href":"https:\/\/www.potsfink.ch\/en\/wp-json\/wp\/v2\/product_cat?post=39531"},{"taxonomy":"product_tag","embeddable":true,"href":"https:\/\/www.potsfink.ch\/en\/wp-json\/wp\/v2\/product_tag?post=39531"}],"curies":[{"name":"wp","href":"https:\/\/api.w.org\/{rel}","templated":true}]}}