{"id":36989,"date":"2024-01-20T18:54:05","date_gmt":"2024-01-20T17:54:09","guid":{"rendered":"https:\/\/www.potsfink.ch\/?post_type=product&#038;p=36989"},"modified":"2025-01-06T13:20:08","modified_gmt":"2025-01-06T12:20:08","slug":"pangolundi-copie","status":"publish","type":"product","link":"https:\/\/www.potsfink.ch\/en\/pangolundi-copie\/","title":{"rendered":"Gift vouchers"},"content":{"rendered":"<h3>Give the gift of a pottery class!<\/h3>\n<p>Our gift vouchers are a great success.<\/p>\n<p>For anyone who likes to tinker and discover pottery: a discovery course on a Saturday of your choice.<br \/>\nFor those who would like to learn or deepen their knowledge of potter&#8217;s wheel throwing, a Saturday of throwing.<br \/>\nFor those who would like a regular evening pottery activity, four Monday or Tuesday evenings a month.<br \/>\nFor the more experienced who would really like to progress: one week of intensive throwing in the summer.<\/p>\n","protected":false},"excerpt":{"rendered":"<p>Give the gift of a pottery class! Our gift vouchers are a great success. For anyone who likes to tinker and discover pottery: a discovery course on a Saturday of your choice. For those who would like to learn or deepen their knowledge of potter&#8217;s wheel throwing, a Saturday of throwing. For those who would [&hellip;]<\/p>\n","protected":false},"featured_media":39392,"template":"","meta":{"_et_pb_use_builder":"off","_et_pb_old_content":"<strong>Nos bons cadeaux<\/strong>\r\n\r\nNos bon cadeaux rencontrent beaucoup de succ\u00e8s: Offrez un cours de poterie!\r\n\r\nPour toute personne qui aime bricoler et d\u00e9couvrir la poterie: un cours d\u00e9couverte d'un samedi \u00e0 choix.\r\nPour celles et ceux qui aimeraient apprendre ou approfondir le tournage sur le tour de potier, un samedi de tournage.\r\nLes personnes qui aimeraient une activit\u00e9 r\u00e9guli\u00e8re de poterie le soir, quatre lundis ou mardis soirs par mois.\r\nPour les personnes plus exp\u00e9riment\u00e9s qui aimeraient vraiment progresser: une semaine de tournage intensif en \u00e9t\u00e9.","_et_gb_content_width":""},"product_brand":[],"product_cat":[230,370,240],"product_tag":[],"class_list":{"0":"post-36989","1":"product","2":"type-product","3":"status-publish","4":"has-post-thumbnail","6":"product_cat-classes","7":"product_cat-gift-vouchers","8":"product_cat-variable-price","10":"first","11":"instock","12":"sold-individually","13":"taxable","14":"shipping-taxable","15":"purchasable","16":"product-type-variable"},"_links":{"self":[{"href":"https:\/\/www.potsfink.ch\/en\/wp-json\/wp\/v2\/product\/36989","targetHints":{"allow":["GET"]}}],"collection":[{"href":"https:\/\/www.potsfink.ch\/en\/wp-json\/wp\/v2\/product"}],"about":[{"href":"https:\/\/www.potsfink.ch\/en\/wp-json\/wp\/v2\/types\/product"}],"wp:featuredmedia":[{"embeddable":true,"href":"https:\/\/www.potsfink.ch\/en\/wp-json\/wp\/v2\/media\/39392"}],"wp:attachment":[{"href":"https:\/\/www.potsfink.ch\/en\/wp-json\/wp\/v2\/media?parent=36989"}],"wp:term":[{"taxonomy":"product_brand","embeddable":true,"href":"https:\/\/www.potsfink.ch\/en\/wp-json\/wp\/v2\/product_brand?post=36989"},{"taxonomy":"product_cat","embeddable":true,"href":"https:\/\/www.potsfink.ch\/en\/wp-json\/wp\/v2\/product_cat?post=36989"},{"taxonomy":"product_tag","embeddable":true,"href":"https:\/\/www.potsfink.ch\/en\/wp-json\/wp\/v2\/product_tag?post=36989"}],"curies":[{"name":"wp","href":"https:\/\/api.w.org\/{rel}","templated":true}]}}