{"id":31803,"date":"2023-05-07T19:27:05","date_gmt":"2023-05-07T17:27:05","guid":{"rendered":"https:\/\/www.potsfink.ch\/presentation\/workshop\/"},"modified":"2024-01-24T09:23:05","modified_gmt":"2024-01-24T08:23:05","slug":"workshop","status":"publish","type":"page","link":"https:\/\/www.potsfink.ch\/en\/presentation\/workshop\/","title":{"rendered":"Workshop"},"content":{"rendered":"<p>[et_pb_section fb_built=&#8221;1&#8243; custom_padding_last_edited=&#8221;on|desktop&#8221; _builder_version=&#8221;4.16&#8243; _module_preset=&#8221;default&#8221; background_color=&#8221;RGBA(0,0,0,0)&#8221; custom_margin=&#8221;0px||0px||false|false&#8221; custom_padding=&#8221;80px|40px|80px|40px|true|true&#8221; custom_padding_tablet=&#8221;80px|20px|80px|20px|true|true&#8221; custom_padding_phone=&#8221;&#8221; global_colors_info=&#8221;{}&#8221;][et_pb_row column_structure=&#8221;2_5,3_5&#8243; use_custom_gutter=&#8221;on&#8221; gutter_width=&#8221;2&#8243; module_class=&#8221;standard&#8221; _builder_version=&#8221;4.16&#8243; _module_preset=&#8221;default&#8221; custom_margin=&#8221;0px||0px||false|false&#8221; custom_padding=&#8221;0px||0px||false|false&#8221; animation_direction=&#8221;bottom&#8221; global_colors_info=&#8221;{}&#8221;][et_pb_column type=&#8221;2_5&#8243; module_class=&#8221;colonne-gauche&#8221; _builder_version=&#8221;4.16&#8243; _module_preset=&#8221;default&#8221; animation_style=&#8221;zoom&#8221; animation_duration=&#8221;800ms&#8221; animation_intensity_zoom=&#8221;10%&#8221; global_colors_info=&#8221;{}&#8221;][et_pb_text _builder_version=&#8221;4.21.0&#8243; _module_preset=&#8221;default&#8221; header_font_size=&#8221;39px&#8221; header_2_font_size=&#8221;23px&#8221; header_3_font_size=&#8221;17px&#8221; animation_direction=&#8221;bottom&#8221; text_font_size_tablet=&#8221;16px&#8221; text_font_size_phone=&#8221;15px&#8221; text_font_size_last_edited=&#8221;on|phone&#8221; header_font_size_tablet=&#8221;35px&#8221; header_font_size_phone=&#8221;31px&#8221; header_font_size_last_edited=&#8221;on|phone&#8221; header_2_font_size_tablet=&#8221;21px&#8221; header_2_font_size_phone=&#8221;19px&#8221; header_2_font_size_last_edited=&#8221;on|desktop&#8221; header_3_font_size_tablet=&#8221;16px&#8221; header_3_font_size_phone=&#8221;15px&#8221; header_3_font_size_last_edited=&#8221;on|phone&#8221; global_colors_info=&#8221;{}&#8221;]<\/p>\n<h1>Workshop<\/h1>\n<h3>one workshop, thousends of possibilities<\/h3>\n<p>Our workshop is specialised in small and middle series, hand thrown or by jigger-joly. But we are also extruding, modelling or working by hydraulic press. Digitalized masters are made by rapid-prototyping or CNC-milling. Currently we build our own molds, sometomes we work with plaster specialists. Les positifs (Masters) digitalis\u00e9s sont pr\u00e9par\u00e9s \u00e0 l\u2019aide de techniques modernes comme le rapid prototyping (st\u00e9r\u00e9olithographie) ou le fraissage CNC. Other techniques like thermoforming or handmodelling are used.<\/p>\n<p>With creativity and fexibility we try to achieve great work with small budget.<\/p>\n<p>[\/et_pb_text][\/et_pb_column][et_pb_column type=&#8221;3_5&#8243; module_class=&#8221;colonne-droite&#8221; _builder_version=&#8221;4.16&#8243; _module_preset=&#8221;default&#8221; global_colors_info=&#8221;{}&#8221;][et_pb_gallery gallery_ids=&#8221;28632,28628,2492,2688,2684,2680,2233,29917,28783,29839&#8243; fullwidth=&#8221;on&#8221; _builder_version=&#8221;4.17.6&#8243; _module_preset=&#8221;default&#8221; background_layout=&#8221;dark&#8221; custom_margin=&#8221;0px||0px||false|false&#8221; custom_margin_tablet=&#8221;40px||||false|false&#8221; custom_margin_phone=&#8221;&#8221; custom_margin_last_edited=&#8221;on|phone&#8221; custom_padding=&#8221;||||false|false&#8221; animation_style=&#8221;zoom&#8221; animation_duration=&#8221;800ms&#8221; animation_intensity_zoom=&#8221;10%&#8221; global_colors_info=&#8221;{}&#8221;][\/et_pb_gallery][\/et_pb_column][\/et_pb_row][\/et_pb_section]<\/p>\n","protected":false},"excerpt":{"rendered":"<p>Workshop one workshop, thousends of possibilities Our workshop is specialised in small and middle series, hand thrown or by jigger-joly. But we are also extruding, modelling or working by hydraulic press. Digitalized masters are made by rapid-prototyping or CNC-milling. Currently we build our own molds, sometomes we work with plaster specialists. Les positifs (Masters) digitalis\u00e9s [&hellip;]<\/p>\n","protected":false},"author":1,"featured_media":0,"parent":31786,"menu_order":0,"comment_status":"closed","ping_status":"closed","template":"","meta":{"_et_pb_use_builder":"on","_et_pb_old_content":"","_et_gb_content_width":"","footnotes":""},"class_list":["post-31803","page","type-page","status-publish","hentry"],"_links":{"self":[{"href":"https:\/\/www.potsfink.ch\/en\/wp-json\/wp\/v2\/pages\/31803","targetHints":{"allow":["GET"]}}],"collection":[{"href":"https:\/\/www.potsfink.ch\/en\/wp-json\/wp\/v2\/pages"}],"about":[{"href":"https:\/\/www.potsfink.ch\/en\/wp-json\/wp\/v2\/types\/page"}],"author":[{"embeddable":true,"href":"https:\/\/www.potsfink.ch\/en\/wp-json\/wp\/v2\/users\/1"}],"replies":[{"embeddable":true,"href":"https:\/\/www.potsfink.ch\/en\/wp-json\/wp\/v2\/comments?post=31803"}],"version-history":[{"count":8,"href":"https:\/\/www.potsfink.ch\/en\/wp-json\/wp\/v2\/pages\/31803\/revisions"}],"predecessor-version":[{"id":37370,"href":"https:\/\/www.potsfink.ch\/en\/wp-json\/wp\/v2\/pages\/31803\/revisions\/37370"}],"up":[{"embeddable":true,"href":"https:\/\/www.potsfink.ch\/en\/wp-json\/wp\/v2\/pages\/31786"}],"wp:attachment":[{"href":"https:\/\/www.potsfink.ch\/en\/wp-json\/wp\/v2\/media?parent=31803"}],"curies":[{"name":"wp","href":"https:\/\/api.w.org\/{rel}","templated":true}]}}