{"id":37373,"date":"2023-12-13T08:31:39","date_gmt":"2024-01-24T08:36:48","guid":{"rendered":"https:\/\/www.potsfink.ch\/?post_type=product&#038;p=37373"},"modified":"2026-02-11T13:38:42","modified_gmt":"2026-02-11T12:38:42","slug":"basiskurs-drehen","status":"publish","type":"product","link":"https:\/\/www.potsfink.ch\/de\/basiskurs-drehen\/","title":{"rendered":"Basiskurs Drehen"},"content":{"rendered":"<div class=\"et_pb_module et_pb_text et_pb_text_0 et_pb_text_align_left et_pb_bg_layout_light\">\n<div class=\"et_pb_text_inner\">\n<div class=\"et_pb_module et_pb_text et_pb_text_0 et_pb_text_align_left et_pb_bg_layout_light\">\n<div class=\"et_pb_text_inner\">\n<div class=\"et_pb_module et_pb_text et_pb_text_0 et_pb_text_align_left et_pb_bg_layout_light\">\n<h4>Dieser Kurs richtet sich an Personen die die Technik des Drehens auf der T\u00f6pferscheibe erlernen wollen.<\/h4>\n<p class=\"et_pb_text_inner\">Diese uralte Technik ist einzigartig um ein Material zu formen. So schwierig wie faszinierend, bedingt diese Technik Wissen das meist ignoriert wird und dem Anf\u00e4nger unn\u00f6tig Schwierigkeiten bereitet. W\u00e4hrend dem ganzen Kurs steht dem Teilnehmer eine elektronisch gesteuerte Drehscheibe zur Verf\u00fcgung. Falls sie sp\u00e4ter weiter arbeiten m\u00f6chten um diese Technik zu praktizieren steht ihnen der PangoLundi bereit.<\/p>\n<p class=\"et_pb_text_inner\"><strong>Publikum: <\/strong>Anf\u00e4nger und Fortgeschrittene <strong>Kursleitung: <\/strong>Cl\u00e9mentine Roubaty<strong><br class=\"manualbr\" \/>Ort: <\/strong>Poterie d\u2019Ependes, Route du Petit-Ependes 3, 1731 Ependes-Fribourg<strong><br class=\"manualbr\" \/>Daten:<\/strong> 8.45 \u2013 14:45 Uhr, mit Busverbindung von\/nach Freiburg<strong><br class=\"manualbr\" \/>Kurseinheiten: <\/strong>6 Stunden (inklusive Mittagspause mit Imbiss)<strong><br class=\"manualbr\" \/>Material: <\/strong>Tablier personnel<strong><br class=\"manualbr\" \/>TeilnehmerInnen: <\/strong>4 \u00e0 8 personnes<strong><br class=\"manualbr\" \/>Material: <\/strong>zus\u00e4tzlich per Kilopreis nach Preisliste<\/p>\n<\/div>\n<\/div>\n<\/div>\n<\/div>\n<\/div>\n","protected":false},"excerpt":{"rendered":"<p>Dieser Kurs richtet sich an Personen die die Technik des Drehens auf der T\u00f6pferscheibe erlernen wollen. Diese uralte Technik ist einzigartig um ein Material zu formen. So schwierig wie faszinierend, bedingt diese Technik Wissen das meist ignoriert wird und dem Anf\u00e4nger unn\u00f6tig Schwierigkeiten bereitet. W\u00e4hrend dem ganzen Kurs steht dem Teilnehmer eine elektronisch gesteuerte Drehscheibe [&hellip;]<\/p>\n","protected":false},"featured_media":37244,"template":"","meta":{"_et_pb_use_builder":"","_et_pb_old_content":"","_et_gb_content_width":""},"product_brand":[],"product_cat":[235,234],"product_tag":[],"class_list":{"0":"post-37373","1":"product","2":"type-product","3":"status-publish","4":"has-post-thumbnail","6":"product_cat-festpreis","7":"product_cat-kurs","9":"first","10":"instock","11":"taxable","12":"shipping-taxable","13":"purchasable","14":"product-type-variable"},"_links":{"self":[{"href":"https:\/\/www.potsfink.ch\/de\/wp-json\/wp\/v2\/product\/37373","targetHints":{"allow":["GET"]}}],"collection":[{"href":"https:\/\/www.potsfink.ch\/de\/wp-json\/wp\/v2\/product"}],"about":[{"href":"https:\/\/www.potsfink.ch\/de\/wp-json\/wp\/v2\/types\/product"}],"wp:featuredmedia":[{"embeddable":true,"href":"https:\/\/www.potsfink.ch\/de\/wp-json\/wp\/v2\/media\/37244"}],"wp:attachment":[{"href":"https:\/\/www.potsfink.ch\/de\/wp-json\/wp\/v2\/media?parent=37373"}],"wp:term":[{"taxonomy":"product_brand","embeddable":true,"href":"https:\/\/www.potsfink.ch\/de\/wp-json\/wp\/v2\/product_brand?post=37373"},{"taxonomy":"product_cat","embeddable":true,"href":"https:\/\/www.potsfink.ch\/de\/wp-json\/wp\/v2\/product_cat?post=37373"},{"taxonomy":"product_tag","embeddable":true,"href":"https:\/\/www.potsfink.ch\/de\/wp-json\/wp\/v2\/product_tag?post=37373"}],"curies":[{"name":"wp","href":"https:\/\/api.w.org\/{rel}","templated":true}]}}