{"id":37308,"date":"2024-01-20T18:54:05","date_gmt":"2024-01-23T14:09:55","guid":{"rendered":"https:\/\/www.potsfink.ch\/?post_type=product&#038;p=37308"},"modified":"2025-01-06T13:25:09","modified_gmt":"2025-01-06T12:25:09","slug":"geschenkgutschein","status":"publish","type":"product","link":"https:\/\/www.potsfink.ch\/de\/geschenkgutschein\/","title":{"rendered":"Geschenkgutschein"},"content":{"rendered":"<h3><strong>Verschenken Sie einen T\u00f6pferkurs!<\/strong><\/h3>\n<p>Unsere Geschenkgutscheine sind sehr beliebt.<\/p>\n<p>F\u00fcr alle, die gerne werken und die T\u00f6pferei kennenlernen m\u00f6chten, gibt es einen Schnupperkurs an einem Samstag nach Wahl.<br \/>\nF\u00fcr alle, die das Drehen auf der T\u00f6pferscheibe erlernen oder vertiefen m\u00f6chten: einen Samstag an der T\u00f6pferscheibe.<br \/>\nF\u00fcr Personen, die gerne regelm\u00e4ssig abends t\u00f6pfern m\u00f6chten: vier Montag- oder Dienstagabende pro Monat.<br \/>\nF\u00fcr Fortgeschrittene, die wirklich weiter kommen m\u00f6chten: eine Woche intensives Drehen im Sommer.<\/p>\n","protected":false},"excerpt":{"rendered":"<p>Verschenken Sie einen T\u00f6pferkurs! Unsere Geschenkgutscheine sind sehr beliebt. F\u00fcr alle, die gerne werken und die T\u00f6pferei kennenlernen m\u00f6chten, gibt es einen Schnupperkurs an einem Samstag nach Wahl. F\u00fcr alle, die das Drehen auf der T\u00f6pferscheibe erlernen oder vertiefen m\u00f6chten: einen Samstag an der T\u00f6pferscheibe. F\u00fcr Personen, die gerne regelm\u00e4ssig abends t\u00f6pfern m\u00f6chten: vier Montag- [&hellip;]<\/p>\n","protected":false},"featured_media":39392,"template":"","meta":{"_et_pb_use_builder":"off","_et_pb_old_content":"<strong>Nos bons cadeaux<\/strong>\r\n\r\nNos bon cadeaux rencontrent beaucoup de succ\u00e8s: Offrez un cours de poterie!\r\n\r\nPour toute personne qui aime bricoler et d\u00e9couvrir la poterie: un cours d\u00e9couverte d'un samedi \u00e0 choix.\r\nPour celles et ceux qui aimeraient apprendre ou approfondir le tournage sur le tour de potier, un samedi de tournage.\r\nLes personnes qui aimeraient une activit\u00e9 r\u00e9guli\u00e8re de poterie le soir, quatre lundis ou mardis soirs par mois.\r\nPour les personnes plus exp\u00e9riment\u00e9s qui aimeraient vraiment progresser: une semaine de tournage intensif en \u00e9t\u00e9.","_et_gb_content_width":""},"product_brand":[],"product_cat":[369,234,236],"product_tag":[],"class_list":{"0":"post-37308","1":"product","2":"type-product","3":"status-publish","4":"has-post-thumbnail","6":"product_cat-geschenkgutschein","7":"product_cat-kurs","8":"product_cat-variabler-preis","10":"first","11":"instock","12":"sold-individually","13":"taxable","14":"shipping-taxable","15":"purchasable","16":"product-type-variable"},"_links":{"self":[{"href":"https:\/\/www.potsfink.ch\/de\/wp-json\/wp\/v2\/product\/37308","targetHints":{"allow":["GET"]}}],"collection":[{"href":"https:\/\/www.potsfink.ch\/de\/wp-json\/wp\/v2\/product"}],"about":[{"href":"https:\/\/www.potsfink.ch\/de\/wp-json\/wp\/v2\/types\/product"}],"wp:featuredmedia":[{"embeddable":true,"href":"https:\/\/www.potsfink.ch\/de\/wp-json\/wp\/v2\/media\/39392"}],"wp:attachment":[{"href":"https:\/\/www.potsfink.ch\/de\/wp-json\/wp\/v2\/media?parent=37308"}],"wp:term":[{"taxonomy":"product_brand","embeddable":true,"href":"https:\/\/www.potsfink.ch\/de\/wp-json\/wp\/v2\/product_brand?post=37308"},{"taxonomy":"product_cat","embeddable":true,"href":"https:\/\/www.potsfink.ch\/de\/wp-json\/wp\/v2\/product_cat?post=37308"},{"taxonomy":"product_tag","embeddable":true,"href":"https:\/\/www.potsfink.ch\/de\/wp-json\/wp\/v2\/product_tag?post=37308"}],"curies":[{"name":"wp","href":"https:\/\/api.w.org\/{rel}","templated":true}]}}