{"id":37184,"date":"2023-12-14T11:26:52","date_gmt":"2024-01-22T15:35:16","guid":{"rendered":"https:\/\/www.potsfink.ch\/?post_type=product&#038;p=37184"},"modified":"2024-07-03T19:23:42","modified_gmt":"2024-07-03T17:23:42","slug":"pangolundi","status":"publish","type":"product","link":"https:\/\/www.potsfink.ch\/de\/pangolundi\/","title":{"rendered":"PangoLundi"},"content":{"rendered":"<p><strong>Der PangoLundi ist ein freies Atelier.<\/strong> Realisieren Sie Ihre Projekte in einem professionellen Atelier. Jeden Montag steht Ihnen unser Nebengeb\u00e4ude, das Pangolin, zur Verf\u00fcgung, um Ihre eigenen Projekte zu verwirklichen oder Ihre Technik zu vertiefen. Sei es, um das Drehen zu perfektionieren, St\u00fccke zu dekorieren oder seine keramischen Tr\u00e4ume zu produzieren. F\u00fcr gelegentliche technische Unterst\u00fctzung, um sich mit Werkzeugen oder Materialien zu versorgen oder um feuchte R\u00e4ume aufzur\u00e4umen, wird immer jemand aus dem potsfink-Team vor Ort sein.<\/p>\n<p><strong>Zielgruppe:<\/strong> Fortgeschrittene. Dieser Workshop steht allen Personen offen, die alleine und unabh\u00e4ngig arbeiten k\u00f6nnen. Jede Person, die einen angemessenen und gut eingerichteten Arbeitsplatz ben\u00f6tigt. <br \/><strong>Material:<\/strong> Bringen Sie Ihre Arbeitssch\u00fcrze oder Ihren Arbeitskittel mit. <br \/><strong>Ort:<\/strong> Poterie d&#8217;Ependes, Route du Petit-Ependes 3, 1731 Ependes-Freiburg. <strong>Uhrzeit:<\/strong> montags von 8.30-18 Uhr, nur nach vorheriger und best\u00e4tigter Anmeldung. <strong>Daten:<\/strong> jeden Montag, Schulferien inbegriffen (Juli\/August nach Absprache, Weihnachtszeit geschlossen)<br \/><strong>Kosten:<\/strong> Es wird eine pers\u00f6nliche Abrechnung pro halbe Stunde erstellt. <br \/><strong>Glasieren:<\/strong> Die Person emailliert ihre St\u00fccke selbst. <br \/><strong>Br\u00e4nde und Material: <\/strong>\u00dcbliche Temperaturen und Tone der Werkstatt, Material gem\u00e4ss aktuellem Kilopreis<\/p>\n","protected":false},"excerpt":{"rendered":"<p>Der PangoLundi ist ein freies Atelier. Realisieren Sie Ihre Projekte in einem professionellen Atelier. Jeden Montag steht Ihnen unser Nebengeb\u00e4ude, das Pangolin, zur Verf\u00fcgung, um Ihre eigenen Projekte zu verwirklichen oder Ihre Technik zu vertiefen. Sei es, um das Drehen zu perfektionieren, St\u00fccke zu dekorieren oder seine keramischen Tr\u00e4ume zu produzieren. F\u00fcr gelegentliche technische Unterst\u00fctzung, [&hellip;]<\/p>\n","protected":false},"featured_media":30034,"template":"","meta":{"_et_pb_use_builder":"","_et_pb_old_content":"","_et_gb_content_width":""},"product_brand":[],"product_cat":[234,236],"product_tag":[],"class_list":{"0":"post-37184","1":"product","2":"type-product","3":"status-publish","4":"has-post-thumbnail","6":"product_cat-kurs","7":"product_cat-variabler-preis","9":"first","10":"instock","11":"sold-individually","12":"taxable","13":"shipping-taxable","14":"purchasable","15":"product-type-variable"},"_links":{"self":[{"href":"https:\/\/www.potsfink.ch\/de\/wp-json\/wp\/v2\/product\/37184","targetHints":{"allow":["GET"]}}],"collection":[{"href":"https:\/\/www.potsfink.ch\/de\/wp-json\/wp\/v2\/product"}],"about":[{"href":"https:\/\/www.potsfink.ch\/de\/wp-json\/wp\/v2\/types\/product"}],"wp:featuredmedia":[{"embeddable":true,"href":"https:\/\/www.potsfink.ch\/de\/wp-json\/wp\/v2\/media\/30034"}],"wp:attachment":[{"href":"https:\/\/www.potsfink.ch\/de\/wp-json\/wp\/v2\/media?parent=37184"}],"wp:term":[{"taxonomy":"product_brand","embeddable":true,"href":"https:\/\/www.potsfink.ch\/de\/wp-json\/wp\/v2\/product_brand?post=37184"},{"taxonomy":"product_cat","embeddable":true,"href":"https:\/\/www.potsfink.ch\/de\/wp-json\/wp\/v2\/product_cat?post=37184"},{"taxonomy":"product_tag","embeddable":true,"href":"https:\/\/www.potsfink.ch\/de\/wp-json\/wp\/v2\/product_tag?post=37184"}],"curies":[{"name":"wp","href":"https:\/\/api.w.org\/{rel}","templated":true}]}}