{"id":37054,"date":"2023-12-14T13:13:58","date_gmt":"2023-12-14T12:13:58","guid":{"rendered":"https:\/\/www.potsfink.ch\/produit\/toepfern-entdecken-tageskurs\/"},"modified":"2026-05-09T16:32:22","modified_gmt":"2026-05-09T14:32:22","slug":"toepfern-entdecken-tageskurs","status":"publish","type":"product","link":"https:\/\/www.potsfink.ch\/de\/toepfern-entdecken-tageskurs\/","title":{"rendered":"T\u00f6pfern entdecken, Tageskurs"},"content":{"rendered":"<div class=\"et_pb_module et_pb_text et_pb_text_0  et_pb_text_align_left et_pb_bg_layout_light\">\n<div class=\"et_pb_text_inner\">\n<div class=\"et_pb_module et_pb_text et_pb_text_0 et_pb_text_align_left et_pb_bg_layout_light\">\n<div class=\"et_pb_text_inner\">\n<div class=\"et_pb_module et_pb_text et_pb_text_0 et_pb_text_align_left et_pb_bg_layout_light\">\n<div class=\"et_pb_text_inner\">\n<p><strong>Neu in der Keramikwelt?<\/strong><\/p>\n<p>Erproben sie verschiedene Herstellungstechniken und Dekorm\u00f6glichkeiten. Ein Einf\u00fchrungskurs, einen Tag lang zum Spass! Modellieren, Plattentechnik, Tests an der T\u00f6pferscheibe, Garnieren und Dekorieren.<\/p>\n<p><strong>Zielpublikum : <\/strong>alle<br \/><strong>Ort: <\/strong>Poterie d\u2019Ependes, Route du Petit-Ependes 3<br \/><strong>Kursleitung: <\/strong>Virginie<br \/><strong>Zeit: <\/strong>Samstags, 8.45 \u2013 14.45 Uhr\u00a0<br \/>mit Busverbindung von\/nach Freiburg<br \/><strong>Kurseinheiten: <\/strong>1<br \/><a href=\"mailto:cours@potsfink.ch?subject=Entdeckungskurs&amp;body=%20Ich%20melde%20mich%20verbindlich%20f%C3%BCr%20den%20Endeckungskurs%20an%20(Datum%20und%20Anzahl%20Personen%20angeben)\">Andere Daten f\u00fcr eine ganze Gruppe auf Anfrage<\/a><br \/><strong>Teilnehmer: <\/strong>6 bis 9 Personnen<br \/><strong>Kosten: <\/strong>CHF 150.\u2013 (inklusive gebrannte St\u00fccke)<br \/><strong>Br\u00e4nde :\u00a0<\/strong>inklusiv<br \/><strong>Material:<\/strong> bitte Sch\u00fcrze oder Arbeitshemd mitbringen<\/p>\n<\/div>\n<\/div>\n<\/div>\n<\/div>\n<\/div>\n<\/div>\n","protected":false},"excerpt":{"rendered":"<p><br data-mce-bogus=\"1\"><\/p>\n","protected":false},"featured_media":29121,"template":"","meta":{"_et_pb_use_builder":"","_et_pb_old_content":"","_et_gb_content_width":""},"product_brand":[],"product_cat":[229,235,234,231],"product_tag":[],"class_list":{"0":"post-37054","1":"product","2":"type-product","3":"status-publish","4":"has-post-thumbnail","6":"product_cat-cours","7":"product_cat-festpreis","8":"product_cat-kurs","9":"product_cat-prix-fixe","11":"first","12":"instock","13":"taxable","14":"shipping-taxable","15":"purchasable","16":"product-type-variable"},"_links":{"self":[{"href":"https:\/\/www.potsfink.ch\/de\/wp-json\/wp\/v2\/product\/37054","targetHints":{"allow":["GET"]}}],"collection":[{"href":"https:\/\/www.potsfink.ch\/de\/wp-json\/wp\/v2\/product"}],"about":[{"href":"https:\/\/www.potsfink.ch\/de\/wp-json\/wp\/v2\/types\/product"}],"wp:featuredmedia":[{"embeddable":true,"href":"https:\/\/www.potsfink.ch\/de\/wp-json\/wp\/v2\/media\/29121"}],"wp:attachment":[{"href":"https:\/\/www.potsfink.ch\/de\/wp-json\/wp\/v2\/media?parent=37054"}],"wp:term":[{"taxonomy":"product_brand","embeddable":true,"href":"https:\/\/www.potsfink.ch\/de\/wp-json\/wp\/v2\/product_brand?post=37054"},{"taxonomy":"product_cat","embeddable":true,"href":"https:\/\/www.potsfink.ch\/de\/wp-json\/wp\/v2\/product_cat?post=37054"},{"taxonomy":"product_tag","embeddable":true,"href":"https:\/\/www.potsfink.ch\/de\/wp-json\/wp\/v2\/product_tag?post=37054"}],"curies":[{"name":"wp","href":"https:\/\/api.w.org\/{rel}","templated":true}]}}