{"id":37045,"date":"2023-12-14T13:24:29","date_gmt":"2023-12-14T12:24:29","guid":{"rendered":"https:\/\/www.potsfink.ch\/produit\/eine-woche-intensif-drehen-auf-der-toepferscheibe\/"},"modified":"2026-04-01T06:02:35","modified_gmt":"2026-04-01T04:02:35","slug":"eine-woche-intensif-drehen-auf-der-toepferscheibe","status":"publish","type":"product","link":"https:\/\/www.potsfink.ch\/de\/eine-woche-intensif-drehen-auf-der-toepferscheibe\/","title":{"rendered":"Eine Woche intensif Drehen auf der T\u00f6pferscheibe"},"content":{"rendered":"<div class=\"et_pb_module et_pb_text et_pb_text_0 et_pb_text_align_left et_pb_bg_layout_light\">\n<div class=\"et_pb_text_inner\">\n<p>Dieser Kurs richtet sich an Personen, auch Fortgeschrittene, die sich auf der Drehscheibe verbessern m\u00f6chten.<br \/>\nDiese einmalige Formgebungstechnik ist uralt. So faszinierend wie fordernd, braucht es neben \u00dcbung auch viele Tricks und Tipps die sie in diesem Kurs erlernen. Viele Anf\u00e4nger und Autodidakten machen unn\u00f6tige Bewegungen, und verlieren viel Zeit und Kraft ohne dem entstehen des Gef\u00e4sses damit zu helfen.<\/p>\n<ul>\n<li>richtiges Aufbereiten der Masse und einrichten des Arbeitsplatzes<\/li>\n<li>effizientes Zentrieren auf der T\u00f6pferscheibe<\/li>\n<li>verschiedene \u00dcbungen auf der Drehscheibe, einfache K\u00f6rper wie auch komplexere Formen<\/li>\n<\/ul>\n<p>Selbstverst\u00e4ndlich steht jedem Teilnehmer w\u00e4hrend dem ganzen Kurs eine Drehscheibe zur Verf\u00fcgung.<\/p>\n<p>&nbsp;<\/p>\n<p style=\"padding-left: 40px;\"><i>Encore un grand merci pour ton cours que j\u2019ai ador\u00e9<br \/>\n&#8230;..Sylvie<br \/>\nDer Drehkurs war grossartig, bin sehr begeistert von der Woche und finde du hast das so toll gemacht mit der Kursleitung, so professionell und doch mit so viel Humor, es war einfach genial.<br \/>\n&#8230;..Janine<br \/>\n<\/i>Un immense merci pour ces tr\u00e9sors de connaissances que tu m\u2019as permis d\u2019acqu\u00e9rir durant cette semaine ! J\u2019ai v\u00e9cue une vraie \u00e9volution et beaucoup de plaisir dans la pratique du tournage.<br \/>\n&#8230;..<i>Virginie<\/i><\/p>\n<p><strong>Zielpublikum :<\/strong> am Drehen interessierte Personen, Fortgeschrittene wie motivierte Anf\u00e4nger<br \/>\n<strong>Material :<\/strong> Bringen Sie eine Sch\u00fcrze oder einen Arbeitskittel mit<br \/>\n<strong>Kursleiter :<\/strong> Peter Fink<br \/>\n<strong>Ort :<\/strong> Poterie d\u2019Ependes, Route du Petit-Ependes 3, 1731 Ependes<br \/>\nBusverbindung nach Fribourg in 19 Min.<br \/>\n<strong>Dauer : \u00a0<\/strong>zirka 40 Stunden, von Montag bis Freitag 8.30 \u2013 12.00 Uhr, detailliertes Arbeitsprogramm \u00a0mit individueller Begleitung, Am Nachmittag freie Werkstatt f\u00fcr pers\u00f6nliches Wiederholen und \u00fcben oder eigene Arbeiten bis 18.00 Uhr.<br \/>\n<strong>Kosten : <\/strong>CHF 800.-<br \/>\n<strong>Material und Br\u00e4nde:<\/strong> zus\u00e4tzlich, per Kilopreis nach geltender Preisliste<br \/>\n<strong>Teilnehmer : <\/strong>5-8<\/p>\n<p><strong>Unterkunft :<\/strong> Optional verf\u00fcgen wir \u00fcber mehrere helle, aber einfache Zimmer f\u00fcr eine oder zwei Personen mit Gemeinschaftsbad. <a href=\"https:\/\/www.potsfink.ch\/de\/unterkunft\/\">-&gt; Buchen Sie hier.<\/a><\/p>\n<\/div>\n<\/div>\n","protected":false},"excerpt":{"rendered":"<p>Dieser Kurs richtet sich an Personen, auch Fortgeschrittene, die sich auf der Drehscheibe verbessern m\u00f6chten. Diese einmalige Formgebungstechnik ist uralt. So faszinierend wie fordernd, braucht es neben \u00dcbung auch viele Tricks und Tipps die sie in diesem Kurs erlernen. Viele Anf\u00e4nger und Autodidakten machen unn\u00f6tige Bewegungen, und verlieren viel Zeit und Kraft ohne dem entstehen [&hellip;]<\/p>\n","protected":false},"featured_media":28631,"template":"","meta":{"_et_pb_use_builder":"","_et_pb_old_content":"<div class=\"et_pb_module et_pb_text et_pb_text_0  et_pb_text_align_left et_pb_bg_layout_light\">\r\n<div class=\"et_pb_text_inner\">\r\n<p>Dieser Kurs richtet sich an Personen, auch Fortgeschrittene, die sich auf der Drehscheibe verbessern m\u00f6chten.<br \/>Diese einmalige Formgebungstechnik ist uralt. So faszinierend wie fordernd, braucht es neben \u00dcbung auch viele Tricks und Tipps die sie in diesem Kurs erlernen. Viele Anf\u00e4nger und Autodidakten machen unn\u00f6tige Bewegungen, und verlieren viel Zeit und Kraft ohne dem entstehen des Gef\u00e4sses damit zu helfen.<\/p>\r\n<ul>\r\n<li>richtiges Aufbereiten der Masse und einrichten des Arbeitsplatzes<\/li>\r\n<li>effizientes Zentrieren auf der T\u00f6pferscheibe<\/li>\r\n<li>verschiedene \u00dcbungen auf der Drehscheibe, einfache K\u00f6rper wie auch komplexere Formen<\/li>\r\n<\/ul>\r\n<p>Selbstverst\u00e4ndlich steht jedem Teilnehmer w\u00e4hrend dem ganzen Kurs eine Drehscheibe zur Verf\u00fcgung.<\/p>\r\n<p>\u00a0<\/p>\r\n<p style=\"padding-left: 40px;\"><i>Encore un grand merci pour ton cours que j\u2019ai ador\u00e9\u00a0 <br \/>.....Sylvie <br \/>Der Drehkurs war grossartig, bin sehr begeistert von der Woche und finde du hast das so toll gemacht mit der Kursleitung, so professionell und doch mit so viel Humor, es war einfach genial.\u00a0\u00a0\u00a0\u00a0 <br \/>.....Janine<br \/><\/i>Un immense merci pour ces tr\u00e9sors de connaissances que tu m\u2019as permis d\u2019acqu\u00e9rir durant cette semaine ! J\u2019ai v\u00e9cue une vraie \u00e9volution et beaucoup de plaisir dans la pratique du tournage. <br \/>.....<i>Virginie<\/i><\/p>\r\n<p><strong>Zielpublikum :<\/strong> am Drehen interessierte Personen, Fortgeschrittene wie motivierte Anf\u00e4nger<br \/><strong>Material :<\/strong> Bringen Sie eine Sch\u00fcrze oder einen Arbeitskittel mit<br \/><strong>Kursleiter :<\/strong> Peter Fink<br \/><strong>Ort :<\/strong> Poterie d\u2019Ependes, Route du Petit-Ependes 3, 1731 Ependes<br \/>Busverbindung nach Fribourg in 19 Min.<br \/><strong>Dauer : \u00a0<\/strong>zirka 40 Stunden, von Montag bis Freitag 8.30 \u2013 12.00 Uhr, detailliertes Arbeitsprogramm \u00a0mit individueller Begleitung, Am Nachmittag freie Werkstatt f\u00fcr pers\u00f6nliches Wiederholen und \u00fcben oder eigene Arbeiten bis 18.00 Uhr.<br \/><strong>Kosten : <\/strong>CHF 780.-<br \/><strong>Material und Br\u00e4nde:<\/strong> zus\u00e4tzlich, per Kilopreis nach geltender Preisliste<br \/><strong>Teilnehmer : <\/strong>5-8<br \/><strong>Beherbergung :<\/strong>\u00a0In Option verf\u00fcgen wir \u00fcber mehrere helle, aber einfache Zimmer f\u00fcr eine oder zwei Personen mit Gemeinschaftsbad.<\/p>\r\n<\/div>\r\n<\/div>","_et_gb_content_width":""},"product_brand":[],"product_cat":[229,234,232,236],"product_tag":[],"class_list":{"0":"post-37045","1":"product","2":"type-product","3":"status-publish","4":"has-post-thumbnail","6":"product_cat-cours","7":"product_cat-kurs","8":"product_cat-prix-variable","9":"product_cat-variabler-preis","11":"first","12":"instock","13":"taxable","14":"shipping-taxable","15":"purchasable","16":"product-type-variable"},"_links":{"self":[{"href":"https:\/\/www.potsfink.ch\/de\/wp-json\/wp\/v2\/product\/37045","targetHints":{"allow":["GET"]}}],"collection":[{"href":"https:\/\/www.potsfink.ch\/de\/wp-json\/wp\/v2\/product"}],"about":[{"href":"https:\/\/www.potsfink.ch\/de\/wp-json\/wp\/v2\/types\/product"}],"wp:featuredmedia":[{"embeddable":true,"href":"https:\/\/www.potsfink.ch\/de\/wp-json\/wp\/v2\/media\/28631"}],"wp:attachment":[{"href":"https:\/\/www.potsfink.ch\/de\/wp-json\/wp\/v2\/media?parent=37045"}],"wp:term":[{"taxonomy":"product_brand","embeddable":true,"href":"https:\/\/www.potsfink.ch\/de\/wp-json\/wp\/v2\/product_brand?post=37045"},{"taxonomy":"product_cat","embeddable":true,"href":"https:\/\/www.potsfink.ch\/de\/wp-json\/wp\/v2\/product_cat?post=37045"},{"taxonomy":"product_tag","embeddable":true,"href":"https:\/\/www.potsfink.ch\/de\/wp-json\/wp\/v2\/product_tag?post=37045"}],"curies":[{"name":"wp","href":"https:\/\/api.w.org\/{rel}","templated":true}]}}