{"id":36970,"date":"2023-12-14T13:55:31","date_gmt":"2023-12-14T12:55:31","guid":{"rendered":"https:\/\/www.potsfink.ch\/produit\/kurse-fuer-kinder\/"},"modified":"2024-02-08T18:07:11","modified_gmt":"2024-02-08T17:07:11","slug":"kurse-fuer-kinder","status":"publish","type":"product","link":"https:\/\/www.potsfink.ch\/de\/kurse-fuer-kinder\/","title":{"rendered":"Kurse f\u00fcr Kinder"},"content":{"rendered":"<div class=\"et_pb_column et_pb_column_2_5 et_pb_column_0 colonne-gauche et_pb_css_mix_blend_mode_passthrough et_had_animation\">\n<div class=\"et_pb_module et_pb_text et_pb_text_0 et_pb_text_align_left et_pb_bg_layout_light\">\n<div class=\"et_pb_text_inner\">\n<h3>Kinderkurse<\/h3>\n<p>in franz\u00f6sischer Sprache<\/p>\n<p>Kinderkurse in Ependes von<strong> Jo\u00eblle Philipona\u00a0<\/strong><br \/>\n<strong>Ort: <\/strong>route de Ferpicloz 13, in Ependes.<\/p>\n<p><strong>Daten:<\/strong><br \/>\nCours du <strong>lundi<\/strong>, de 16h00 \u00e0 18h00<br \/>\nActivit\u00e9 du <strong>mercredi,<\/strong> de 13h30 \u00e0 15h30<strong><br \/>\n<\/strong>Cours durant les <strong>vacances: <\/strong>Se renseigner au cas par cas.<\/p>\n<p><strong>Anmeldungen immer direkt bei Jo\u00eblle Philipona, Tel : 079 762 48 2<\/strong><\/p>\n<div class=\"et_pb_column et_pb_column_2_5 et_pb_column_2 et_pb_css_mix_blend_mode_passthrough\">\n<div class=\"et_pb_module et_pb_text et_pb_text_1 et_pb_text_align_left et_pb_bg_layout_light\">\n<div class=\"et_pb_text_inner\">\n<h3>Croque-vacances<\/h3>\n<p>Keine \u00dcbersetzung da der Kurs in franz\u00f6sisch stattfindet.<\/p>\n<p><strong>Activit\u00e9 pour les enfants : Faites votre propre bol et d\u00e9corez votre assiette<\/strong><\/p>\n<p><strong>Niveau : <\/strong>d\u00e9butants<br \/>\n<strong>Lieu : <\/strong>Poterie d\u2019Ependes, Route du Petit-Ependes 3<br \/>\n<strong>Formateur :<\/strong> Peter Fink<\/p>\n<p><strong>Date : <\/strong>le lundi matin 19 ao\u00fbt 2024<br \/>\n<strong>Horaire :\u00a0<\/strong> 9.00-11.30 h<br \/>\n<strong>Nombre de s\u00e9ances : <\/strong>1<br \/>\n<strong>Groupe : <\/strong>5-10 personnes<br \/>\n<strong>Organisateur :<\/strong> <a href=\"https:\/\/www.croque-vacances.ch\/\" target=\"_blank\" rel=\"noopener\">Association croque-vacances du Mouret<\/a><br \/>\n<strong>Cuissons : <\/strong>reprendre les pi\u00e8ces cuites 3 semaines apr\u00e8s<br \/>\n<strong>Mat\u00e9riel : <\/strong>apportez un tablier ou une blouse de travail<\/p>\n<\/div>\n<\/div>\n<div class=\"et_pb_button_module_wrapper et_pb_button_0_wrapper et_pb_module \"><strong><a class=\"et_pb_button et_pb_button_0 et_pb_bg_layout_light\" href=\"https:\/\/www.croque-vacances.ch\/\" target=\"_blank\" rel=\"noopener\">Anmeldung nur \u00fcber den Verein croque-vacances<\/a><\/strong><\/div>\n<\/div>\n<\/div>\n<\/div>\n<\/div>\n","protected":false},"excerpt":{"rendered":"<p>Kinderkurse in franz\u00f6sischer Sprache Kinderkurse in Ependes von Jo\u00eblle Philipona\u00a0 Ort: route de Ferpicloz 13, in Ependes. Daten: Cours du lundi, de 16h00 \u00e0 18h00 Activit\u00e9 du mercredi, de 13h30 \u00e0 15h30 Cours durant les vacances: Se renseigner au cas par cas. Anmeldungen immer direkt bei Jo\u00eblle Philipona, Tel : 079 762 48 2 Croque-vacances [&hellip;]<\/p>\n","protected":false},"featured_media":36631,"template":"","meta":{"_et_pb_use_builder":"","_et_pb_old_content":"<div class=\"et_pb_column et_pb_column_2_5 et_pb_column_0 colonne-gauche et_pb_css_mix_blend_mode_passthrough et_had_animation\"><div class=\"et_pb_module et_pb_text et_pb_text_0 et_pb_text_align_left et_pb_bg_layout_light\"><div class=\"et_pb_text_inner\"><h3>Kinderkurse<\/h3><p>in franz\u00f6sischer Sprache<\/p><p>Kinderkurse in Ependes von<strong> Jo\u00eblle Philipona\u00a0<\/strong><br \/><strong>Ort: <\/strong>route de Ferpicloz 13, in Ependes.<\/p><p><strong>Daten:<\/strong><br \/>Cours du <strong>lundi<\/strong>, de 16h00 \u00e0 18h00<br \/>Activit\u00e9 du <strong>mercredi,<\/strong> de 13h30 \u00e0 15h30<strong><br \/><\/strong>Cours durant les <strong>vacances: <\/strong>Se renseigner au cas par cas.<\/p><p><strong>Anmeldungen immer direkt bei Jo\u00eblle Philipona, Tel : 079 762 48 2<\/strong><\/p><div class=\"et_pb_column et_pb_column_2_5 et_pb_column_2 et_pb_css_mix_blend_mode_passthrough\"><div class=\"et_pb_module et_pb_text et_pb_text_1 et_pb_text_align_left et_pb_bg_layout_light\"><div class=\"et_pb_text_inner\"><h3>Croque-vacances<\/h3><p>Keine \u00dcbersetzung da der Kurs in franz\u00f6sisch stattfindet.<\/p><p><strong>Activit\u00e9 pour les enfants : Faites votre propre bol et d\u00e9corez votre assiette<\/strong><\/p><p><strong>Niveau : <\/strong>d\u00e9butants<br \/><strong>Lieu : <\/strong>Poterie d\u2019Ependes, Route du Petit-Ependes 3<br \/><strong>Formateur :<\/strong> Peter Fink<\/p><p><strong>Date : <\/strong>le vendredi matin 19 ao\u00fbt 2022<br \/><strong>Horaire :\u00a0<\/strong> 9.00-11.30 h<br \/><strong>Nombre de s\u00e9ances : <\/strong>1<br \/><strong>Groupe : <\/strong>5-10 personnes<br \/><strong>Organisateur :<\/strong> <a href=\"https:\/\/www.croque-vacances.ch\/\" target=\"_blank\" rel=\"noopener\">Association croque-vacances du Mouret<\/a><br \/><strong>Cuissons : <\/strong>reprendre les pi\u00e8ces cuites 3 semaines apr\u00e8s<br \/><strong>Mat\u00e9riel : <\/strong>apportez un tablier ou une blouse de travail<\/p><\/div><\/div><div class=\"et_pb_button_module_wrapper et_pb_button_0_wrapper et_pb_module \"><strong><a class=\"et_pb_button et_pb_button_0 et_pb_bg_layout_light\" href=\"https:\/\/www.croque-vacances.ch\/\" target=\"_blank\" rel=\"noopener\">Anmeldung nur \u00fcber den Verein croque-vacances<\/a><\/strong><\/div><\/div><\/div><\/div><\/div>","_et_gb_content_width":""},"product_brand":[],"product_cat":[234,237],"product_tag":[],"class_list":{"0":"post-36970","1":"product","2":"type-product","3":"status-publish","4":"has-post-thumbnail","6":"product_cat-kurs","7":"product_cat-ohne-preis","9":"first","10":"instock","11":"virtual","12":"taxable","13":"product-type-simple"},"_links":{"self":[{"href":"https:\/\/www.potsfink.ch\/de\/wp-json\/wp\/v2\/product\/36970","targetHints":{"allow":["GET"]}}],"collection":[{"href":"https:\/\/www.potsfink.ch\/de\/wp-json\/wp\/v2\/product"}],"about":[{"href":"https:\/\/www.potsfink.ch\/de\/wp-json\/wp\/v2\/types\/product"}],"wp:featuredmedia":[{"embeddable":true,"href":"https:\/\/www.potsfink.ch\/de\/wp-json\/wp\/v2\/media\/36631"}],"wp:attachment":[{"href":"https:\/\/www.potsfink.ch\/de\/wp-json\/wp\/v2\/media?parent=36970"}],"wp:term":[{"taxonomy":"product_brand","embeddable":true,"href":"https:\/\/www.potsfink.ch\/de\/wp-json\/wp\/v2\/product_brand?post=36970"},{"taxonomy":"product_cat","embeddable":true,"href":"https:\/\/www.potsfink.ch\/de\/wp-json\/wp\/v2\/product_cat?post=36970"},{"taxonomy":"product_tag","embeddable":true,"href":"https:\/\/www.potsfink.ch\/de\/wp-json\/wp\/v2\/product_tag?post=36970"}],"curies":[{"name":"wp","href":"https:\/\/api.w.org\/{rel}","templated":true}]}}