{"id":37235,"date":"2024-01-23T11:56:32","date_gmt":"2024-01-23T10:56:32","guid":{"rendered":"https:\/\/www.potsfink.ch\/praesentation\/ausstellung\/"},"modified":"2024-01-23T11:56:34","modified_gmt":"2024-01-23T10:56:34","slug":"ausstellung","status":"publish","type":"page","link":"https:\/\/www.potsfink.ch\/de\/ausstellung\/","title":{"rendered":"Ausstellung"},"content":{"rendered":"<p>[et_pb_section fb_built=&#8220;1&#8243; custom_padding_last_edited=&#8220;on|tablet&#8220; _builder_version=&#8220;4.16&#8243; _module_preset=&#8220;default&#8220; background_color=&#8220;RGBA(0,0,0,0)&#8220; custom_margin=&#8220;0px||0px||false|false&#8220; custom_padding=&#8220;80px|40px|80px|40px|true|true&#8220; custom_padding_tablet=&#8220;80px|20px|80px|20px|true|true&#8220; custom_padding_phone=&#8220;&#8220; global_colors_info=&#8220;{}&#8220;][et_pb_row column_structure=&#8220;2_5,3_5&#8243; use_custom_gutter=&#8220;on&#8220; gutter_width=&#8220;2&#8243; module_class=&#8220;standard&#8220; _builder_version=&#8220;4.16&#8243; _module_preset=&#8220;default&#8220; custom_margin=&#8220;0px||0px||false|false&#8220; custom_padding=&#8220;0px||0px||false|false&#8220; animation_direction=&#8220;bottom&#8220; global_colors_info=&#8220;{}&#8220;][et_pb_column type=&#8220;2_5&#8243; module_class=&#8220;colonne-gauche&#8220; _builder_version=&#8220;4.16&#8243; _module_preset=&#8220;default&#8220; animation_style=&#8220;zoom&#8220; animation_duration=&#8220;800ms&#8220; animation_intensity_zoom=&#8220;10%&#8220; global_colors_info=&#8220;{}&#8220;][et_pb_text _builder_version=&#8220;4.16&#8243; _module_preset=&#8220;default&#8220; header_font_size=&#8220;39px&#8220; header_2_font_size=&#8220;23px&#8220; header_3_font_size=&#8220;17px&#8220; animation_direction=&#8220;bottom&#8220; text_font_size_tablet=&#8220;16px&#8220; text_font_size_phone=&#8220;15px&#8220; text_font_size_last_edited=&#8220;on|phone&#8220; header_font_size_tablet=&#8220;35px&#8220; header_font_size_phone=&#8220;31px&#8220; header_font_size_last_edited=&#8220;on|phone&#8220; header_2_font_size_tablet=&#8220;21px&#8220; header_2_font_size_phone=&#8220;19px&#8220; header_2_font_size_last_edited=&#8220;on|desktop&#8220; header_3_font_size_tablet=&#8220;16px&#8220; header_3_font_size_phone=&#8220;15px&#8220; header_3_font_size_last_edited=&#8220;on|phone&#8220; global_colors_info=&#8220;{}&#8220;]<\/p>\n<h1>Ausstellung<\/h1>\n<h3>Ein Ausstellungsraum, der t\u00e4glich ge\u00f6ffnet ist.<\/h3>\n<p>Wir sind immer f\u00fcr Sie da, allerdings ohne feste \u00d6ffnungszeiten.<br \/>An Wochenenden oder wenn Sie von weit her kommen, vereinbaren Sie bitte telefonisch einen Termin. Vielen Dank!<\/p>\n<p>[\/et_pb_text][et_pb_button button_url=&#8220;@ET-DC@eyJkeW5hbWljIjp0cnVlLCJjb250ZW50IjoicG9zdF9saW5rX3VybF9wYWdlIiwic2V0dGluZ3MiOnsicG9zdF9pZCI6IjE3MTEifX0=@&#8220; button_text=&#8220;Entdecken sie unsere Kollektionen&#8220; _builder_version=&#8220;4.16&#8243; _dynamic_attributes=&#8220;button_url&#8220; _module_preset=&#8220;default&#8220; custom_button=&#8220;on&#8220; button_text_color=&#8220;#171419&#8243; button_bg_color=&#8220;RGBA(0,0,0,0)&#8220; button_border_color=&#8220;#171419&#8243; button_use_icon=&#8220;off&#8220; custom_margin=&#8220;6px||0px||false|false&#8220; custom_padding=&#8220;10px|30px|10px|30px|true|true&#8220; animation_style=&#8220;zoom&#8220; animation_duration=&#8220;800ms&#8220; animation_intensity_zoom=&#8220;10%&#8220; button_text_size_tablet=&#8220;16px&#8220; button_text_size_phone=&#8220;15px&#8220; button_text_size_last_edited=&#8220;on|desktop&#8220; global_colors_info=&#8220;{}&#8220; button_text_color__hover_enabled=&#8220;on|desktop&#8220; button_text_color__hover=&#8220;#FFFFFF&#8220; button_bg_color__hover_enabled=&#8220;on|desktop&#8220; button_bg_color__hover=&#8220;#171419&#8243; button_bg_enable_color__hover=&#8220;on&#8220; button_border_color__hover_enabled=&#8220;on|hover&#8220; button_border_color__hover=&#8220;#171419&#8243;][\/et_pb_button][\/et_pb_column][et_pb_column type=&#8220;3_5&#8243; module_class=&#8220;colonne-droite&#8220; _builder_version=&#8220;4.16&#8243; _module_preset=&#8220;default&#8220; global_colors_info=&#8220;{}&#8220;][et_pb_gallery gallery_ids=&#8220;28669,2549,28645,28608,2553&#8243; fullwidth=&#8220;on&#8220; _builder_version=&#8220;4.17.6&#8243; _module_preset=&#8220;default&#8220; background_layout=&#8220;dark&#8220; custom_margin=&#8220;0px||0px||false|false&#8220; custom_margin_tablet=&#8220;40px||||false|false&#8220; custom_margin_phone=&#8220;&#8220; custom_margin_last_edited=&#8220;on|phone&#8220; animation_style=&#8220;zoom&#8220; animation_duration=&#8220;800ms&#8220; animation_intensity_zoom=&#8220;10%&#8220; hover_enabled=&#8220;0&#8243; global_colors_info=&#8220;{}&#8220; sticky_enabled=&#8220;0&#8243;][\/et_pb_gallery][\/et_pb_column][\/et_pb_row][\/et_pb_section]<\/p>\n","protected":false},"excerpt":{"rendered":"<p>Ausstellung Ein Ausstellungsraum, der t\u00e4glich ge\u00f6ffnet ist. Wir sind immer f\u00fcr Sie da, allerdings ohne feste \u00d6ffnungszeiten.An Wochenenden oder wenn Sie von weit her kommen, vereinbaren Sie bitte telefonisch einen Termin. Vielen Dank!<\/p>\n","protected":false},"author":1,"featured_media":0,"parent":31010,"menu_order":0,"comment_status":"closed","ping_status":"closed","template":"","meta":{"_et_pb_use_builder":"on","_et_pb_old_content":"","_et_gb_content_width":"","footnotes":""},"class_list":["post-37235","page","type-page","status-publish","hentry"],"_links":{"self":[{"href":"https:\/\/www.potsfink.ch\/de\/wp-json\/wp\/v2\/pages\/37235","targetHints":{"allow":["GET"]}}],"collection":[{"href":"https:\/\/www.potsfink.ch\/de\/wp-json\/wp\/v2\/pages"}],"about":[{"href":"https:\/\/www.potsfink.ch\/de\/wp-json\/wp\/v2\/types\/page"}],"author":[{"embeddable":true,"href":"https:\/\/www.potsfink.ch\/de\/wp-json\/wp\/v2\/users\/1"}],"replies":[{"embeddable":true,"href":"https:\/\/www.potsfink.ch\/de\/wp-json\/wp\/v2\/comments?post=37235"}],"version-history":[{"count":3,"href":"https:\/\/www.potsfink.ch\/de\/wp-json\/wp\/v2\/pages\/37235\/revisions"}],"predecessor-version":[{"id":37238,"href":"https:\/\/www.potsfink.ch\/de\/wp-json\/wp\/v2\/pages\/37235\/revisions\/37238"}],"up":[{"embeddable":true,"href":"https:\/\/www.potsfink.ch\/de\/wp-json\/wp\/v2\/pages\/31010"}],"wp:attachment":[{"href":"https:\/\/www.potsfink.ch\/de\/wp-json\/wp\/v2\/media?parent=37235"}],"curies":[{"name":"wp","href":"https:\/\/api.w.org\/{rel}","templated":true}]}}