{"id":31789,"date":"2023-05-07T19:22:39","date_gmt":"2023-05-07T17:22:39","guid":{"rendered":"https:\/\/www.potsfink.ch\/praesentation\/portraet\/"},"modified":"2025-01-11T21:45:01","modified_gmt":"2025-01-11T20:45:01","slug":"portraet","status":"publish","type":"page","link":"https:\/\/www.potsfink.ch\/de\/praesentation\/portraet\/","title":{"rendered":"Portr\u00e4t"},"content":{"rendered":"<p>[et_pb_section fb_built=&#8220;1&#8243; custom_padding_last_edited=&#8220;on|desktop&#8220; _builder_version=&#8220;4.16&#8243; _module_preset=&#8220;default&#8220; background_color=&#8220;RGBA(0,0,0,0)&#8220; custom_margin=&#8220;0px||0px||false|false&#8220; custom_padding=&#8220;80px|40px|80px|40px|true|true&#8220; custom_padding_tablet=&#8220;80px|20px|80px|20px|true|true&#8220; custom_padding_phone=&#8220;&#8220; global_colors_info=&#8220;{}&#8220;][et_pb_row column_structure=&#8220;2_5,3_5&#8243; use_custom_gutter=&#8220;on&#8220; gutter_width=&#8220;2&#8243; module_class=&#8220;standard&#8220; _builder_version=&#8220;4.16&#8243; _module_preset=&#8220;default&#8220; custom_margin=&#8220;0px||0px||false|false&#8220; custom_padding=&#8220;0px||0px||false|false&#8220; animation_direction=&#8220;bottom&#8220; global_colors_info=&#8220;{}&#8220;][et_pb_column type=&#8220;2_5&#8243; module_class=&#8220;colonne-gauche&#8220; _builder_version=&#8220;4.16&#8243; _module_preset=&#8220;default&#8220; animation_style=&#8220;zoom&#8220; animation_duration=&#8220;800ms&#8220; animation_intensity_zoom=&#8220;10%&#8220; global_colors_info=&#8220;{}&#8220;][et_pb_text _builder_version=&#8220;4.27.4&#8243; _module_preset=&#8220;default&#8220; header_font_size=&#8220;39px&#8220; header_2_font_size=&#8220;23px&#8220; header_3_font_size=&#8220;17px&#8220; animation_direction=&#8220;bottom&#8220; hover_enabled=&#8220;0&#8243; text_font_size_tablet=&#8220;16px&#8220; text_font_size_phone=&#8220;15px&#8220; text_font_size_last_edited=&#8220;on|tablet&#8220; header_font_size_tablet=&#8220;35px&#8220; header_font_size_phone=&#8220;31px&#8220; header_font_size_last_edited=&#8220;on|desktop&#8220; header_2_font_size_tablet=&#8220;21px&#8220; header_2_font_size_phone=&#8220;19px&#8220; header_2_font_size_last_edited=&#8220;on|desktop&#8220; header_3_font_size_tablet=&#8220;16px&#8220; header_3_font_size_phone=&#8220;15px&#8220; header_3_font_size_last_edited=&#8220;on|phone&#8220; global_colors_info=&#8220;{}&#8220; sticky_enabled=&#8220;0&#8243;]<\/p>\n<h1>Portr\u00e4t<\/h1>\n<h3>Peter Fink, T\u00f6pfer<\/h3>\n<div>\n<p>In meiner Werkstatt in Ependes-Fribourg stelle ich ausschliesslich Gebrauchskeramik her. Meine Liebe gilt klaren, einfachen Formen f\u00fcr den Tisch. Je nach Produkte-Linie \u00fcberziehen diese Objekte eine kr\u00e4ftig-farbige Bemalung, ein reliefartiges Edelmetalldekor oder ganz einfach eine schwarze oder weisse Glasur.<\/p>\n<h3>Projektzusammenarbeit<\/h3>\n<p>Durch regelm\u00e4ssige Zusammenarbeit mit Designern und K\u00fcnstlern, versuche ich mein eigenes Schaffen zu erfrischen.\u00a0Die bekanntesten Namen darunter sind wohl: Memphis-Milano, Alfredo H\u00e4berli, Alfred Hofkunst, Forma Fantasma, Mathieu Lehanneur, Idris Khan, Annie Morris, Prune Nourry, Bj\u00f8rn Wiinblad und viele andere mehr.<\/p>\n<h3>Lehrt\u00e4tigkeit:<\/h3>\n<p>An den Berufsschulen in Vevey und Bern, am Kurszentrum Ballenberg, der Kunsthochschule Lausanne (\u00e9cal) an der Eidgen\u00f6ssischen Technischen Hochschule Z\u00fcrich. Andere Kurse werden in Zusammenarbeit mit der P\u00e4dagogischen Hochschule Freiburg organisiert oder von meinem Atelier aus organisiert.<\/p>\n<h3>Entwicklungszusammenarbeit:<\/h3>\n<p>Hinzugekommen sind Berater T\u00e4tigkeiten im Bereich der technischen Entwicklungszusammenarbeit. Ich konnte in Nepal, Ecuador un Guatemala Projekte beraten und begleiten.<\/p>\n<h3>Verbandsarbeit:<\/h3>\n<ul>\n<li>Mitgr\u00fcnder von Design Fribourg 2022<\/li>\n<li>Jurymitglied Prix Jumelles 2018<\/li>\n<li>Mitgr\u00fcnder und Pr\u00e4sident des Vereins Keramikpanorama Murten, 2011-2021.<\/li>\n<li>Schweizer Korrespondent f\u00fcr den spanischen Dachverband Oficio y Arte.<\/li>\n<li>Jurymitglied swissceramics (2010-2014)<\/li>\n<li>Vorstandsmitglied von Form Forum Schweiz seit deren Entstehung im 1997 bis 2003<\/li>\n<li>Projektleiter und Webmaster von formforum.ch 1999-2007.<\/li>\n<li>Jurymitglied Ausstellung bleu, Winterthur, Barcelona.<\/li>\n<li>Mitglied der Kommission der Bildungsverordnungvon von swissceramics.<\/li>\n<li>Vorstandsmitglied beim Crafts Council von 1992-1997<\/li>\n<\/ul>\n<\/div>\n<p>[\/et_pb_text][et_pb_button button_url=&#8220;https:\/\/www.potsfink.ch\/wp-content\/uploads\/2023\/01\/PeterFink_cv.pdf&#8220; url_new_window=&#8220;on&#8220; button_text=&#8220;Curriculum vitae&#8220; _builder_version=&#8220;4.17.6&#8243; _module_preset=&#8220;default&#8220; custom_button=&#8220;on&#8220; button_text_color=&#8220;#171419&#8243; button_bg_color=&#8220;RGBA(0,0,0,0)&#8220; button_border_color=&#8220;#171419&#8243; button_use_icon=&#8220;off&#8220; custom_margin=&#8220;6px||0px||false|false&#8220; custom_padding=&#8220;10px|30px|10px|30px|true|true&#8220; animation_style=&#8220;zoom&#8220; animation_duration=&#8220;800ms&#8220; animation_intensity_zoom=&#8220;10%&#8220; button_text_size_tablet=&#8220;16px&#8220; button_text_size_phone=&#8220;15px&#8220; button_text_size_last_edited=&#8220;on|phone&#8220; global_colors_info=&#8220;{}&#8220; button_text_color__hover_enabled=&#8220;on|desktop&#8220; button_text_color__hover=&#8220;#FFFFFF&#8220; button_bg_color__hover_enabled=&#8220;on|desktop&#8220; button_bg_color__hover=&#8220;#171419&#8243; button_bg_enable_color__hover=&#8220;on&#8220; button_border_color__hover_enabled=&#8220;on|hover&#8220; button_border_color__hover=&#8220;#171419&#8243;][\/et_pb_button][\/et_pb_column][et_pb_column type=&#8220;3_5&#8243; module_class=&#8220;colonne-droite&#8220; _builder_version=&#8220;4.16&#8243; _module_preset=&#8220;default&#8220; global_colors_info=&#8220;{}&#8220;][et_pb_image src=&#8220;https:\/\/www.potsfink.ch\/wp-content\/uploads\/2022\/07\/Frank-Stepper-scaled.jpeg&#8220; title_text=&#8220;OLYMPUS DIGITAL CAMERA&#8220; show_in_lightbox=&#8220;on&#8220; _builder_version=&#8220;4.17.6&#8243; _module_preset=&#8220;default&#8220; custom_margin=&#8220;0px||0px||false|false&#8220; custom_margin_tablet=&#8220;||20px||false|false&#8220; custom_margin_last_edited=&#8220;off|desktop&#8220; custom_padding=&#8220;0px||0px||false|false&#8220; animation_style=&#8220;zoom&#8220; animation_duration=&#8220;800ms&#8220; animation_intensity_zoom=&#8220;10%&#8220; global_colors_info=&#8220;{}&#8220;][\/et_pb_image][\/et_pb_column][\/et_pb_row][\/et_pb_section]<\/p>\n","protected":false},"excerpt":{"rendered":"<p>Portr\u00e4t Peter Fink, T\u00f6pfer In meiner Werkstatt in Ependes-Fribourg stelle ich ausschliesslich Gebrauchskeramik her. Meine Liebe gilt klaren, einfachen Formen f\u00fcr den Tisch. Je nach Produkte-Linie \u00fcberziehen diese Objekte eine kr\u00e4ftig-farbige Bemalung, ein reliefartiges Edelmetalldekor oder ganz einfach eine schwarze oder weisse Glasur. Projektzusammenarbeit Durch regelm\u00e4ssige Zusammenarbeit mit Designern und K\u00fcnstlern, versuche ich mein eigenes [&hellip;]<\/p>\n","protected":false},"author":1,"featured_media":0,"parent":31010,"menu_order":0,"comment_status":"closed","ping_status":"closed","template":"","meta":{"_et_pb_use_builder":"on","_et_pb_old_content":"","_et_gb_content_width":"","footnotes":""},"class_list":["post-31789","page","type-page","status-publish","hentry"],"_links":{"self":[{"href":"https:\/\/www.potsfink.ch\/de\/wp-json\/wp\/v2\/pages\/31789","targetHints":{"allow":["GET"]}}],"collection":[{"href":"https:\/\/www.potsfink.ch\/de\/wp-json\/wp\/v2\/pages"}],"about":[{"href":"https:\/\/www.potsfink.ch\/de\/wp-json\/wp\/v2\/types\/page"}],"author":[{"embeddable":true,"href":"https:\/\/www.potsfink.ch\/de\/wp-json\/wp\/v2\/users\/1"}],"replies":[{"embeddable":true,"href":"https:\/\/www.potsfink.ch\/de\/wp-json\/wp\/v2\/comments?post=31789"}],"version-history":[{"count":19,"href":"https:\/\/www.potsfink.ch\/de\/wp-json\/wp\/v2\/pages\/31789\/revisions"}],"predecessor-version":[{"id":39423,"href":"https:\/\/www.potsfink.ch\/de\/wp-json\/wp\/v2\/pages\/31789\/revisions\/39423"}],"up":[{"embeddable":true,"href":"https:\/\/www.potsfink.ch\/de\/wp-json\/wp\/v2\/pages\/31010"}],"wp:attachment":[{"href":"https:\/\/www.potsfink.ch\/de\/wp-json\/wp\/v2\/media?parent=31789"}],"curies":[{"name":"wp","href":"https:\/\/api.w.org\/{rel}","templated":true}]}}