{"id":31737,"date":"2023-05-07T13:46:26","date_gmt":"2023-05-07T11:46:26","guid":{"rendered":"https:\/\/www.potsfink.ch\/dienstleistungen\/brennservice\/"},"modified":"2023-08-02T11:23:35","modified_gmt":"2023-08-02T09:23:35","slug":"brennservice","status":"publish","type":"page","link":"https:\/\/www.potsfink.ch\/de\/dienstleistungen\/brennservice\/","title":{"rendered":"Brennservice"},"content":{"rendered":"<p>[et_pb_section fb_built=&#8220;1&#8243; custom_padding_last_edited=&#8220;on|tablet&#8220; _builder_version=&#8220;4.16&#8243; _module_preset=&#8220;default&#8220; background_color=&#8220;RGBA(0,0,0,0)&#8220; custom_margin=&#8220;0px||0px||false|false&#8220; custom_padding=&#8220;80px|40px|80px|40px|true|true&#8220; custom_padding_tablet=&#8220;80px|20px|80px|20px|true|true&#8220; custom_padding_phone=&#8220;&#8220; global_colors_info=&#8220;{}&#8220;][et_pb_row column_structure=&#8220;2_5,3_5&#8243; use_custom_gutter=&#8220;on&#8220; gutter_width=&#8220;2&#8243; module_class=&#8220;standard&#8220; _builder_version=&#8220;4.16&#8243; _module_preset=&#8220;default&#8220; custom_margin=&#8220;0px||0px||false|false&#8220; custom_padding=&#8220;0px||0px||false|false&#8220; animation_direction=&#8220;bottom&#8220; global_colors_info=&#8220;{}&#8220;][et_pb_column type=&#8220;2_5&#8243; module_class=&#8220;colonne-gauche&#8220; _builder_version=&#8220;4.16&#8243; _module_preset=&#8220;default&#8220; animation_style=&#8220;zoom&#8220; animation_duration=&#8220;800ms&#8220; animation_intensity_zoom=&#8220;10%&#8220; global_colors_info=&#8220;{}&#8220;][et_pb_text _builder_version=&#8220;4.21.0&#8243; _module_preset=&#8220;default&#8220; header_font_size=&#8220;39px&#8220; header_2_font_size=&#8220;23px&#8220; header_3_font_size=&#8220;17px&#8220; animation_direction=&#8220;bottom&#8220; hover_enabled=&#8220;0&#8243; text_font_size_tablet=&#8220;16px&#8220; text_font_size_phone=&#8220;15px&#8220; text_font_size_last_edited=&#8220;on|phone&#8220; header_font_size_tablet=&#8220;35px&#8220; header_font_size_phone=&#8220;31px&#8220; header_font_size_last_edited=&#8220;on|phone&#8220; header_2_font_size_tablet=&#8220;21px&#8220; header_2_font_size_phone=&#8220;19px&#8220; header_2_font_size_last_edited=&#8220;on|desktop&#8220; header_3_font_size_tablet=&#8220;16px&#8220; header_3_font_size_phone=&#8220;15px&#8220; header_3_font_size_last_edited=&#8220;on|phone&#8220; global_colors_info=&#8220;{}&#8220; sticky_enabled=&#8220;0&#8243;]<\/p>\n<h1>Brennservice<\/h1>\n<p><strong>Wir brennen ihre St\u00fccke<\/strong><\/p>\n<p>Wir brennen regelm\u00e4ssig f\u00fcr sie, Vorbrand oder Glasurbrand bei h\u00f6herer Temperatur, und wir glasieren ihre St\u00fccke fachm\u00e4nnisch.<\/p>\n<p>In oxydierender Atmosph\u00e4re, bis 75 cm Breite und 90 cm H\u00f6he.<\/p>\n<p>[\/et_pb_text][et_pb_button button_url=&#8220;https:\/\/www.potsfink.ch\/wp-content\/uploads\/2023\/01\/quittance_Potsfink_2023.jpg&#8220; url_new_window=&#8220;on&#8220; button_text=&#8220;Preisliste Brennservice&#8220; _builder_version=&#8220;4.17.6&#8243; _module_preset=&#8220;default&#8220; custom_button=&#8220;on&#8220; button_text_color=&#8220;#171419&#8243; button_bg_color=&#8220;RGBA(0,0,0,0)&#8220; button_border_color=&#8220;#171419&#8243; button_use_icon=&#8220;off&#8220; custom_margin=&#8220;6px||0px||false|false&#8220; custom_padding=&#8220;10px|30px|10px|30px|true|true&#8220; animation_style=&#8220;zoom&#8220; animation_duration=&#8220;800ms&#8220; animation_intensity_zoom=&#8220;10%&#8220; button_text_size_tablet=&#8220;16px&#8220; button_text_size_phone=&#8220;15px&#8220; button_text_size_last_edited=&#8220;on|desktop&#8220; global_colors_info=&#8220;{}&#8220; button_text_color__hover_enabled=&#8220;on|desktop&#8220; button_text_color__hover=&#8220;#FFFFFF&#8220; button_bg_color__hover_enabled=&#8220;on|desktop&#8220; button_bg_color__hover=&#8220;#171419&#8243; button_bg_enable_color__hover=&#8220;on&#8220; button_border_color__hover_enabled=&#8220;on|hover&#8220; button_border_color__hover=&#8220;#171419&#8243;][\/et_pb_button][\/et_pb_column][et_pb_column type=&#8220;3_5&#8243; module_class=&#8220;colonne-droite&#8220; _builder_version=&#8220;4.16&#8243; _module_preset=&#8220;default&#8220; global_colors_info=&#8220;{}&#8220;]<\/p>\n<p>[et_pb_gallery gallery_ids=&#8220;30239&#8243; fullwidth=&#8220;on&#8220; _builder_version=&#8220;4.17.6&#8243; _module_preset=&#8220;default&#8220; background_layout=&#8220;dark&#8220; custom_margin=&#8220;0px||0px||false|false&#8220; custom_margin_tablet=&#8220;40px||||false|false&#8220; custom_margin_phone=&#8220;&#8220; custom_margin_last_edited=&#8220;on|phone&#8220; animation_style=&#8220;zoom&#8220; animation_duration=&#8220;800ms&#8220; animation_intensity_zoom=&#8220;10%&#8220; global_colors_info=&#8220;{}&#8220;][\/et_pb_gallery]<\/p>\n<p>[\/et_pb_column][\/et_pb_row][\/et_pb_section]<\/p>\n","protected":false},"excerpt":{"rendered":"<p>Brennservice Wir brennen ihre St\u00fccke Wir brennen regelm\u00e4ssig f\u00fcr sie, Vorbrand oder Glasurbrand bei h\u00f6herer Temperatur, und wir glasieren ihre St\u00fccke fachm\u00e4nnisch. In oxydierender Atmosph\u00e4re, bis 75 cm Breite und 90 cm H\u00f6he.<\/p>\n","protected":false},"author":1,"featured_media":0,"parent":30772,"menu_order":0,"comment_status":"closed","ping_status":"closed","template":"","meta":{"_et_pb_use_builder":"on","_et_pb_old_content":"","_et_gb_content_width":"","footnotes":""},"class_list":["post-31737","page","type-page","status-publish","hentry"],"_links":{"self":[{"href":"https:\/\/www.potsfink.ch\/de\/wp-json\/wp\/v2\/pages\/31737","targetHints":{"allow":["GET"]}}],"collection":[{"href":"https:\/\/www.potsfink.ch\/de\/wp-json\/wp\/v2\/pages"}],"about":[{"href":"https:\/\/www.potsfink.ch\/de\/wp-json\/wp\/v2\/types\/page"}],"author":[{"embeddable":true,"href":"https:\/\/www.potsfink.ch\/de\/wp-json\/wp\/v2\/users\/1"}],"replies":[{"embeddable":true,"href":"https:\/\/www.potsfink.ch\/de\/wp-json\/wp\/v2\/comments?post=31737"}],"version-history":[{"count":10,"href":"https:\/\/www.potsfink.ch\/de\/wp-json\/wp\/v2\/pages\/31737\/revisions"}],"predecessor-version":[{"id":34548,"href":"https:\/\/www.potsfink.ch\/de\/wp-json\/wp\/v2\/pages\/31737\/revisions\/34548"}],"up":[{"embeddable":true,"href":"https:\/\/www.potsfink.ch\/de\/wp-json\/wp\/v2\/pages\/30772"}],"wp:attachment":[{"href":"https:\/\/www.potsfink.ch\/de\/wp-json\/wp\/v2\/media?parent=31737"}],"curies":[{"name":"wp","href":"https:\/\/api.w.org\/{rel}","templated":true}]}}