{"id":31730,"date":"2023-05-07T13:44:42","date_gmt":"2023-05-07T11:44:42","guid":{"rendered":"https:\/\/www.potsfink.ch\/dienstleistungen\/service-pro\/"},"modified":"2023-05-07T13:44:45","modified_gmt":"2023-05-07T11:44:45","slug":"service-pro","status":"publish","type":"page","link":"https:\/\/www.potsfink.ch\/de\/dienstleistungen\/service-pro\/","title":{"rendered":"Service Pro"},"content":{"rendered":"<p>[et_pb_section fb_built=&#8220;1&#8243; custom_padding_last_edited=&#8220;on|tablet&#8220; _builder_version=&#8220;4.16&#8243; _module_preset=&#8220;default&#8220; background_color=&#8220;RGBA(0,0,0,0)&#8220; custom_margin=&#8220;0px||0px||false|false&#8220; custom_padding=&#8220;80px|40px|80px|40px|true|true&#8220; custom_padding_tablet=&#8220;80px|20px|80px|20px|true|true&#8220; custom_padding_phone=&#8220;&#8220; global_colors_info=&#8220;{}&#8220;][et_pb_row column_structure=&#8220;2_5,3_5&#8243; use_custom_gutter=&#8220;on&#8220; gutter_width=&#8220;2&#8243; module_class=&#8220;standard&#8220; _builder_version=&#8220;4.16&#8243; _module_preset=&#8220;default&#8220; custom_margin=&#8220;0px||0px||false|false&#8220; custom_padding=&#8220;0px||0px||false|false&#8220; animation_direction=&#8220;bottom&#8220; global_colors_info=&#8220;{}&#8220;][et_pb_column type=&#8220;2_5&#8243; module_class=&#8220;colonne-gauche&#8220; _builder_version=&#8220;4.16&#8243; _module_preset=&#8220;default&#8220; animation_style=&#8220;zoom&#8220; animation_duration=&#8220;800ms&#8220; animation_intensity_zoom=&#8220;10%&#8220; global_colors_info=&#8220;{}&#8220;][et_pb_text _builder_version=&#8220;4.16&#8243; _module_preset=&#8220;default&#8220; header_font_size=&#8220;39px&#8220; header_2_font_size=&#8220;23px&#8220; header_3_font_size=&#8220;17px&#8220; animation_direction=&#8220;bottom&#8220; text_font_size_tablet=&#8220;16px&#8220; text_font_size_phone=&#8220;15px&#8220; text_font_size_last_edited=&#8220;on|phone&#8220; header_font_size_tablet=&#8220;35px&#8220; header_font_size_phone=&#8220;31px&#8220; header_font_size_last_edited=&#8220;on|phone&#8220; header_2_font_size_tablet=&#8220;21px&#8220; header_2_font_size_phone=&#8220;19px&#8220; header_2_font_size_last_edited=&#8220;on|desktop&#8220; header_3_font_size_tablet=&#8220;16px&#8220; header_3_font_size_phone=&#8220;15px&#8220; header_3_font_size_last_edited=&#8220;on|phone&#8220; global_colors_info=&#8220;{}&#8220;]<\/p>\n<h1>Service Pro<\/h1>\n<p>Ideen aus Keramik, Prototypen oder Serien.<\/p>\n<p><strong>Wir bieten einen T\u00f6pferservice und die Massfertigung f\u00fcr Designer und Firmen. Von Einzelst\u00fccken bis Grossserien. Feucht verpackt, trocken, vorgebrannt oder glasiert, alles ist m\u00f6glich.<\/strong><\/p>\n<p><strong>T\u00f6pfer<\/strong><br \/>Wir \u00fcbernehmen die Produktion von Grossserien oder grossen St\u00fccken.<br \/>Wir drehen ihre Formen nach Zeichnung oder Modell, und dies im Ton ihrer Wahl.<br \/>Mit unserem Formenpark drehen wir ihre Teller ein oder \u00fcber.<\/p>\n<p><strong>Designer<\/strong><br \/>Wir k\u00f6nnen ihnen eine Offeete f\u00fcr einen Prototypen, eine Gipsformserie oder eine Serie von Keramiken erstellen. Am besten ist aber der Direktkontakt in der Werkstatt. Senden sie uns ihre Pl\u00e4ne oder Ideen zuvor als pdf. Manchmal bringen kleinste \u00c4nderungen viel oder die Gr\u00f6sse muss angepasst werden. Willkommen!<\/p>\n<p><strong>K\u00fcnstschaffende<\/strong><br \/>Wir empfehlen uns als Partner um ihre k\u00fcnstlerischen Werke fachm\u00e4nisch umzusetzen. Ob das ein Teller, ein Wandbild oder eine Grossinstallation im Freien ist.<\/p>\n<p><strong>Unternehmen<\/strong><br \/>Wir k\u00f6nnen sie beraten um individuelle Mitarbeitergeschenke auszuarbeiten, Teambuildungsanl\u00e4sse zu gestalten oder Kundengeschenke mit ihrem Logo herzustellen. Diskret angebracht oder gut sichtbar.<\/p>\n<p>[\/et_pb_text][et_pb_button button_url=&#8220;https:\/\/www.potsfink.ch\/wp-content\/uploads\/2021\/05\/Flyer_SERVICEPRO-2.pdf&#8220; button_text=&#8220;Liste der eingedrehten St\u00fccke&#8220; _builder_version=&#8220;4.16&#8243; _module_preset=&#8220;default&#8220; custom_button=&#8220;on&#8220; button_text_color=&#8220;#171419&#8243; button_bg_color=&#8220;RGBA(0,0,0,0)&#8220; button_border_color=&#8220;#171419&#8243; button_use_icon=&#8220;off&#8220; custom_margin=&#8220;6px||20px||false|false&#8220; custom_padding=&#8220;10px|30px|10px|30px|true|true&#8220; animation_style=&#8220;zoom&#8220; animation_duration=&#8220;800ms&#8220; animation_intensity_zoom=&#8220;10%&#8220; button_text_size_tablet=&#8220;16px&#8220; button_text_size_phone=&#8220;15px&#8220; button_text_size_last_edited=&#8220;on|desktop&#8220; global_colors_info=&#8220;{}&#8220; button_text_color__hover_enabled=&#8220;on|desktop&#8220; button_text_color__hover=&#8220;#FFFFFF&#8220; button_bg_color__hover_enabled=&#8220;on|desktop&#8220; button_bg_color__hover=&#8220;#171419&#8243; button_bg_enable_color__hover=&#8220;on&#8220; button_border_color__hover_enabled=&#8220;on|hover&#8220; button_border_color__hover=&#8220;#171419&#8243;][\/et_pb_button][et_pb_button button_url=&#8220;https:\/\/www.potsfink.ch\/wp-content\/uploads\/2021\/05\/ceramic-design-services.pdf&#8220; button_text=&#8220;Ceramic design services&#8220; _builder_version=&#8220;4.16&#8243; _module_preset=&#8220;default&#8220; custom_button=&#8220;on&#8220; button_text_color=&#8220;#171419&#8243; button_bg_color=&#8220;RGBA(0,0,0,0)&#8220; button_border_color=&#8220;#171419&#8243; button_use_icon=&#8220;off&#8220; custom_margin=&#8220;6px||0px||false|false&#8220; custom_padding=&#8220;10px|30px|10px|30px|true|true&#8220; animation_style=&#8220;zoom&#8220; animation_duration=&#8220;800ms&#8220; animation_intensity_zoom=&#8220;10%&#8220; button_text_size_tablet=&#8220;16px&#8220; button_text_size_phone=&#8220;15px&#8220; button_text_size_last_edited=&#8220;on|desktop&#8220; global_colors_info=&#8220;{}&#8220; button_text_color__hover_enabled=&#8220;on|desktop&#8220; button_text_color__hover=&#8220;#FFFFFF&#8220; button_bg_color__hover_enabled=&#8220;on|desktop&#8220; button_bg_color__hover=&#8220;#171419&#8243; button_bg_enable_color__hover=&#8220;on&#8220; button_border_color__hover_enabled=&#8220;on|hover&#8220; button_border_color__hover=&#8220;#171419&#8243;][\/et_pb_button][\/et_pb_column][et_pb_column type=&#8220;3_5&#8243; module_class=&#8220;colonne-droite&#8220; _builder_version=&#8220;4.16&#8243; _module_preset=&#8220;default&#8220; global_colors_info=&#8220;{}&#8220;][et_pb_gallery gallery_ids=&#8220;4108,4100,4128,4120,4116,4112,4104,4132,4124&#8243; fullwidth=&#8220;on&#8220; _builder_version=&#8220;4.17.6&#8243; _module_preset=&#8220;default&#8220; background_layout=&#8220;dark&#8220; custom_margin=&#8220;0px||0px||false|false&#8220; custom_margin_tablet=&#8220;40px||||false|false&#8220; custom_margin_phone=&#8220;&#8220; custom_margin_last_edited=&#8220;on|tablet&#8220; animation_style=&#8220;zoom&#8220; animation_duration=&#8220;800ms&#8220; animation_intensity_zoom=&#8220;10%&#8220; hover_enabled=&#8220;0&#8243; global_colors_info=&#8220;{}&#8220; sticky_enabled=&#8220;0&#8243;][\/et_pb_gallery][\/et_pb_column][\/et_pb_row][\/et_pb_section]<\/p>\n","protected":false},"excerpt":{"rendered":"<p>Service Pro Ideen aus Keramik, Prototypen oder Serien. Wir bieten einen T\u00f6pferservice und die Massfertigung f\u00fcr Designer und Firmen. Von Einzelst\u00fccken bis Grossserien. Feucht verpackt, trocken, vorgebrannt oder glasiert, alles ist m\u00f6glich. T\u00f6pferWir \u00fcbernehmen die Produktion von Grossserien oder grossen St\u00fccken.Wir drehen ihre Formen nach Zeichnung oder Modell, und dies im Ton ihrer Wahl.Mit unserem [&hellip;]<\/p>\n","protected":false},"author":1,"featured_media":0,"parent":30772,"menu_order":0,"comment_status":"closed","ping_status":"closed","template":"","meta":{"_et_pb_use_builder":"on","_et_pb_old_content":"","_et_gb_content_width":"","footnotes":""},"class_list":["post-31730","page","type-page","status-publish","hentry"],"_links":{"self":[{"href":"https:\/\/www.potsfink.ch\/de\/wp-json\/wp\/v2\/pages\/31730","targetHints":{"allow":["GET"]}}],"collection":[{"href":"https:\/\/www.potsfink.ch\/de\/wp-json\/wp\/v2\/pages"}],"about":[{"href":"https:\/\/www.potsfink.ch\/de\/wp-json\/wp\/v2\/types\/page"}],"author":[{"embeddable":true,"href":"https:\/\/www.potsfink.ch\/de\/wp-json\/wp\/v2\/users\/1"}],"replies":[{"embeddable":true,"href":"https:\/\/www.potsfink.ch\/de\/wp-json\/wp\/v2\/comments?post=31730"}],"version-history":[{"count":6,"href":"https:\/\/www.potsfink.ch\/de\/wp-json\/wp\/v2\/pages\/31730\/revisions"}],"predecessor-version":[{"id":31736,"href":"https:\/\/www.potsfink.ch\/de\/wp-json\/wp\/v2\/pages\/31730\/revisions\/31736"}],"up":[{"embeddable":true,"href":"https:\/\/www.potsfink.ch\/de\/wp-json\/wp\/v2\/pages\/30772"}],"wp:attachment":[{"href":"https:\/\/www.potsfink.ch\/de\/wp-json\/wp\/v2\/media?parent=31730"}],"curies":[{"name":"wp","href":"https:\/\/api.w.org\/{rel}","templated":true}]}}