{"id":31378,"date":"2023-04-30T19:29:40","date_gmt":"2023-04-30T17:29:40","guid":{"rendered":"https:\/\/www.potsfink.ch\/praesentation\/werkstatt\/"},"modified":"2024-08-25T18:09:25","modified_gmt":"2024-08-25T16:09:25","slug":"werkstatt","status":"publish","type":"page","link":"https:\/\/www.potsfink.ch\/de\/praesentation\/werkstatt\/","title":{"rendered":"Werkstatt"},"content":{"rendered":"<p>[et_pb_section fb_built=&#8220;1&#8243; custom_padding_last_edited=&#8220;on|desktop&#8220; _builder_version=&#8220;4.16&#8243; _module_preset=&#8220;default&#8220; background_color=&#8220;RGBA(0,0,0,0)&#8220; custom_margin=&#8220;0px||0px||false|false&#8220; custom_padding=&#8220;80px|40px|80px|40px|true|true&#8220; custom_padding_tablet=&#8220;80px|20px|80px|20px|true|true&#8220; custom_padding_phone=&#8220;&#8220; global_colors_info=&#8220;{}&#8220;][et_pb_row column_structure=&#8220;2_5,3_5&#8243; use_custom_gutter=&#8220;on&#8220; gutter_width=&#8220;2&#8243; module_class=&#8220;standard&#8220; _builder_version=&#8220;4.16&#8243; _module_preset=&#8220;default&#8220; custom_margin=&#8220;0px||0px||false|false&#8220; custom_padding=&#8220;0px||0px||false|false&#8220; animation_direction=&#8220;bottom&#8220; global_colors_info=&#8220;{}&#8220;][et_pb_column type=&#8220;2_5&#8243; module_class=&#8220;colonne-gauche&#8220; _builder_version=&#8220;4.16&#8243; _module_preset=&#8220;default&#8220; animation_style=&#8220;zoom&#8220; animation_duration=&#8220;800ms&#8220; animation_intensity_zoom=&#8220;10%&#8220; global_colors_info=&#8220;{}&#8220;][et_pb_text _builder_version=&#8220;4.21.0&#8243; _module_preset=&#8220;default&#8220; header_font_size=&#8220;39px&#8220; header_2_font_size=&#8220;23px&#8220; header_3_font_size=&#8220;17px&#8220; animation_direction=&#8220;bottom&#8220; hover_enabled=&#8220;0&#8243; text_font_size_tablet=&#8220;16px&#8220; text_font_size_phone=&#8220;15px&#8220; text_font_size_last_edited=&#8220;on|phone&#8220; header_font_size_tablet=&#8220;35px&#8220; header_font_size_phone=&#8220;31px&#8220; header_font_size_last_edited=&#8220;on|phone&#8220; header_2_font_size_tablet=&#8220;21px&#8220; header_2_font_size_phone=&#8220;19px&#8220; header_2_font_size_last_edited=&#8220;on|desktop&#8220; header_3_font_size_tablet=&#8220;16px&#8220; header_3_font_size_phone=&#8220;15px&#8220; header_3_font_size_last_edited=&#8220;on|phone&#8220; global_colors_info=&#8220;{}&#8220; sticky_enabled=&#8220;0&#8243;]<\/p>\n<h1>Werkstatt<\/h1>\n<h3>Ein vielseitiges Atelier<\/h3>\n<p>Unsere Werksatt ist auf handgedrehte kleine und mittlere Serien spezialisiert. F\u00fcr Spezialauftr\u00e4ge Drehen wir ein oder \u00fcber, Modellieren, Formen ab, Extrudieren, Giessen und Pressen von Hand oder hydraulisch (RAM-Pressen). \u00dcber digitales Rapid-Prototying oder CNC-Fr\u00e4sen entwickeln wir die Grundformen. Manchmal geht\u2019s auch von Hand oder \u00fcber andere Wege wie Thermoformen. Einfachere Gipsformen stellen wir selbst her, f\u00fcr kompliziertere wenden wir uns an einen Profi.<\/p>\n<p>Wir setzten auf Flexibilit\u00e4t und kreative Umsetzung, und nehmen die Herausforderung an, mit kleinen Budgets, Grosses zu leisten.<\/p>\n<p>[\/et_pb_text][\/et_pb_column][et_pb_column type=&#8220;3_5&#8243; module_class=&#8220;colonne-droite&#8220; _builder_version=&#8220;4.16&#8243; _module_preset=&#8220;default&#8220; global_colors_info=&#8220;{}&#8220;][et_pb_gallery gallery_ids=&#8220;28633,28629,2493,2689,2685,2681,2234,29918,28784,29840&#8243; fullwidth=&#8220;on&#8220; _builder_version=&#8220;4.17.6&#8243; _module_preset=&#8220;default&#8220; background_layout=&#8220;dark&#8220; custom_margin=&#8220;0px||0px||false|false&#8220; custom_margin_tablet=&#8220;40px||||false|false&#8220; custom_margin_phone=&#8220;&#8220; custom_margin_last_edited=&#8220;on|phone&#8220; custom_padding=&#8220;||||false|false&#8220; animation_style=&#8220;zoom&#8220; animation_duration=&#8220;800ms&#8220; animation_intensity_zoom=&#8220;10%&#8220; global_colors_info=&#8220;{}&#8220;][\/et_pb_gallery][\/et_pb_column][\/et_pb_row][\/et_pb_section]<\/p>\n","protected":false},"excerpt":{"rendered":"<p>Werkstatt Ein vielseitiges Atelier Unsere Werksatt ist auf handgedrehte kleine und mittlere Serien spezialisiert. F\u00fcr Spezialauftr\u00e4ge Drehen wir ein oder \u00fcber, Modellieren, Formen ab, Extrudieren, Giessen und Pressen von Hand oder hydraulisch (RAM-Pressen). \u00dcber digitales Rapid-Prototying oder CNC-Fr\u00e4sen entwickeln wir die Grundformen. Manchmal geht\u2019s auch von Hand oder \u00fcber andere Wege wie Thermoformen. Einfachere Gipsformen [&hellip;]<\/p>\n","protected":false},"author":1,"featured_media":0,"parent":31010,"menu_order":0,"comment_status":"closed","ping_status":"closed","template":"","meta":{"_et_pb_use_builder":"on","_et_pb_old_content":"","_et_gb_content_width":"","footnotes":""},"class_list":["post-31378","page","type-page","status-publish","hentry"],"_links":{"self":[{"href":"https:\/\/www.potsfink.ch\/de\/wp-json\/wp\/v2\/pages\/31378","targetHints":{"allow":["GET"]}}],"collection":[{"href":"https:\/\/www.potsfink.ch\/de\/wp-json\/wp\/v2\/pages"}],"about":[{"href":"https:\/\/www.potsfink.ch\/de\/wp-json\/wp\/v2\/types\/page"}],"author":[{"embeddable":true,"href":"https:\/\/www.potsfink.ch\/de\/wp-json\/wp\/v2\/users\/1"}],"replies":[{"embeddable":true,"href":"https:\/\/www.potsfink.ch\/de\/wp-json\/wp\/v2\/comments?post=31378"}],"version-history":[{"count":15,"href":"https:\/\/www.potsfink.ch\/de\/wp-json\/wp\/v2\/pages\/31378\/revisions"}],"predecessor-version":[{"id":38924,"href":"https:\/\/www.potsfink.ch\/de\/wp-json\/wp\/v2\/pages\/31378\/revisions\/38924"}],"up":[{"embeddable":true,"href":"https:\/\/www.potsfink.ch\/de\/wp-json\/wp\/v2\/pages\/31010"}],"wp:attachment":[{"href":"https:\/\/www.potsfink.ch\/de\/wp-json\/wp\/v2\/media?parent=31378"}],"curies":[{"name":"wp","href":"https:\/\/api.w.org\/{rel}","templated":true}]}}