{"id":31167,"date":"2023-04-21T20:05:24","date_gmt":"2023-04-21T18:05:24","guid":{"rendered":"https:\/\/www.potsfink.ch\/praesentation\/mitarbeiter\/"},"modified":"2026-03-04T15:03:59","modified_gmt":"2026-03-04T14:03:59","slug":"mitarbeiter","status":"publish","type":"page","link":"https:\/\/www.potsfink.ch\/de\/praesentation\/mitarbeiter\/","title":{"rendered":"Mitarbeiter"},"content":{"rendered":"<p>[et_pb_section fb_built=&#8220;1&#8243; custom_padding_last_edited=&#8220;on|phone&#8220; _builder_version=&#8220;4.16&#8243; _module_preset=&#8220;default&#8220; background_color=&#8220;RGBA(0,0,0,0)&#8220; custom_margin=&#8220;0px||0px||false|false&#8220; custom_padding=&#8220;80px|20px|20px|20px|false|true&#8220; custom_padding_tablet=&#8220;80px|10px|40px|10px|false|true&#8220; custom_padding_phone=&#8220;&#8220; global_colors_info=&#8220;{}&#8220;][et_pb_row custom_padding_last_edited=&#8220;on|tablet&#8220; _builder_version=&#8220;4.16&#8243; _module_preset=&#8220;default&#8220; custom_margin=&#8220;0px||0px||false|false&#8220; custom_padding=&#8220;0px|20px|60px|20px|false|true&#8220; custom_padding_tablet=&#8220;|10px|40px|10px|false|true&#8220; custom_padding_phone=&#8220;&#8220; global_colors_info=&#8220;{}&#8220;][et_pb_column type=&#8220;4_4&#8243; _builder_version=&#8220;4.16&#8243; _module_preset=&#8220;default&#8220; global_colors_info=&#8220;{}&#8220;][et_pb_text _builder_version=&#8220;4.17.6&#8243; _module_preset=&#8220;default&#8220; header_font_size=&#8220;39px&#8220; text_orientation=&#8220;center&#8220; max_width=&#8220;700px&#8220; module_alignment=&#8220;center&#8220; animation_style=&#8220;zoom&#8220; animation_duration=&#8220;800ms&#8220; animation_intensity_zoom=&#8220;10%&#8220; text_font_size_tablet=&#8220;16px&#8220; text_font_size_phone=&#8220;15px&#8220; text_font_size_last_edited=&#8220;on|phone&#8220; header_font_size_tablet=&#8220;35px&#8220; header_font_size_phone=&#8220;31px&#8220; header_font_size_last_edited=&#8220;on|phone&#8220; global_colors_info=&#8220;{}&#8220;]<\/p>\n<h1>MitarbeiterInnen<\/h1>\n<p>In unserer Werkstatt bilden wir Praktikanten und Lehrlinge aus und wir z\u00e4hlen auf unsere ausgebildeten MitarbeiterInnen.<\/p>\n<p>[\/et_pb_text][\/et_pb_column][\/et_pb_row][et_pb_row module_class=&#8220;grille-5col sans-lien&#8220; _builder_version=&#8220;4.16&#8243; _module_preset=&#8220;default&#8220; max_width=&#8220;1950px&#8220; custom_margin=&#8220;0px||0px||false|false&#8220; custom_padding=&#8220;0px||0px||false|false&#8220; global_colors_info=&#8220;{}&#8220;][et_pb_column type=&#8220;4_4&#8243; _builder_version=&#8220;4.16&#8243; _module_preset=&#8220;default&#8220; global_colors_info=&#8220;{}&#8220;][et_pb_blurb title=&#8220;Annina Linggi&#8220; image=&#8220;https:\/\/www.potsfink.ch\/wp-content\/uploads\/2026\/03\/annina.jpg&#8220; alt=&#8220;Bj\u00f6rk F\u00f6rster&#8220; _builder_version=&#8220;4.27.5&#8243; _module_preset=&#8220;default&#8220; header_font_size=&#8220;23px&#8220; body_font=&#8220;DIN Pro Regular||||||||&#8220; text_orientation=&#8220;center&#8220; custom_margin=&#8220;||||false|false&#8220; custom_padding=&#8220;0px||0px||false|false&#8220; animation_style=&#8220;zoom&#8220; animation_duration=&#8220;800ms&#8220; animation_intensity_zoom=&#8220;10%&#8220; animation=&#8220;off&#8220; hover_enabled=&#8220;0&#8243; header_font_size_tablet=&#8220;21px&#8220; header_font_size_phone=&#8220;19px&#8220; header_font_size_last_edited=&#8220;on|phone&#8220; body_font_size_tablet=&#8220;16px&#8220; body_font_size_phone=&#8220;15px&#8220; body_font_size_last_edited=&#8220;on|phone&#8220; global_colors_info=&#8220;{}&#8220; child_filter_brightness__hover_enabled=&#8220;off|desktop&#8220; child_filter_brightness__hover=&#8220;120%&#8220; sticky_enabled=&#8220;0&#8243; title_text=&#8220;annina&#8220;]<\/p>\n<p>in Ausbildung nach Art. 32 2024-2028<\/p>\n<p>[\/et_pb_blurb][et_pb_blurb title=&#8220;Leni Neff &#8220; image=&#8220;https:\/\/www.potsfink.ch\/wp-content\/uploads\/2024\/07\/leni_2024_potsfink-1-scaled.jpeg&#8220; alt=&#8220;Bj\u00f6rk F\u00f6rster&#8220; _builder_version=&#8220;4.27.5&#8243; _module_preset=&#8220;default&#8220; header_font_size=&#8220;23px&#8220; body_font=&#8220;DIN Pro Regular||||||||&#8220; text_orientation=&#8220;center&#8220; custom_margin=&#8220;||||false|false&#8220; custom_padding=&#8220;0px||0px||false|false&#8220; animation_style=&#8220;zoom&#8220; animation_duration=&#8220;800ms&#8220; animation_intensity_zoom=&#8220;10%&#8220; animation=&#8220;off&#8220; hover_enabled=&#8220;0&#8243; header_font_size_tablet=&#8220;21px&#8220; header_font_size_phone=&#8220;19px&#8220; header_font_size_last_edited=&#8220;on|phone&#8220; body_font_size_tablet=&#8220;16px&#8220; body_font_size_phone=&#8220;15px&#8220; body_font_size_last_edited=&#8220;on|phone&#8220; global_colors_info=&#8220;{}&#8220; child_filter_brightness__hover_enabled=&#8220;off|desktop&#8220; child_filter_brightness__hover=&#8220;120%&#8220; sticky_enabled=&#8220;0&#8243;]<\/p>\n<p>Keramikerin in Ausbildung EFZ 2024-2025<\/p>\n<p>[\/et_pb_blurb][et_pb_blurb title=&#8220;Bj\u00f6rk F\u00f6rster&#8220; image=&#8220;https:\/\/www.potsfink.ch\/wp-content\/uploads\/2022\/01\/bjork_img_9414.jpg&#8220; alt=&#8220;Bj\u00f6rk F\u00f6rster&#8220; _builder_version=&#8220;4.16&#8243; _module_preset=&#8220;default&#8220; header_font_size=&#8220;23px&#8220; body_font=&#8220;DIN Pro Regular||||||||&#8220; text_orientation=&#8220;center&#8220; custom_margin=&#8220;||||false|false&#8220; custom_padding=&#8220;0px||0px||false|false&#8220; animation_style=&#8220;zoom&#8220; animation_duration=&#8220;800ms&#8220; animation_intensity_zoom=&#8220;10%&#8220; animation=&#8220;off&#8220; header_font_size_tablet=&#8220;21px&#8220; header_font_size_phone=&#8220;19px&#8220; header_font_size_last_edited=&#8220;on|phone&#8220; body_font_size_tablet=&#8220;16px&#8220; body_font_size_phone=&#8220;15px&#8220; body_font_size_last_edited=&#8220;on|phone&#8220; global_colors_info=&#8220;{}&#8220; child_filter_brightness__hover_enabled=&#8220;off|desktop&#8220; child_filter_brightness__hover=&#8220;120%&#8220;]<\/p>\n<p>Keramikerin in Ausbildung EFZ 2021-2025<\/p>\n<p>[\/et_pb_blurb][et_pb_blurb title=&#8220;Cl\u00e9mentine Roubaty&#8220; image=&#8220;https:\/\/www.potsfink.ch\/wp-content\/uploads\/2021\/04\/clementine20182022.png&#8220; _builder_version=&#8220;4.20.4&#8243; _module_preset=&#8220;default&#8220; header_font_size=&#8220;23px&#8220; body_font=&#8220;DIN Pro Regular||||||||&#8220; text_orientation=&#8220;center&#8220; custom_margin=&#8220;||||false|false&#8220; custom_padding=&#8220;0px||0px||false|false&#8220; animation_style=&#8220;zoom&#8220; animation_duration=&#8220;800ms&#8220; animation_intensity_zoom=&#8220;10%&#8220; animation=&#8220;off&#8220; header_font_size_tablet=&#8220;21px&#8220; header_font_size_phone=&#8220;19px&#8220; header_font_size_last_edited=&#8220;on|phone&#8220; body_font_size_tablet=&#8220;16px&#8220; body_font_size_phone=&#8220;15px&#8220; body_font_size_last_edited=&#8220;on|phone&#8220; global_colors_info=&#8220;{}&#8220; child_filter_brightness__hover_enabled=&#8220;off|desktop&#8220; child_filter_brightness__hover=&#8220;120%&#8220;]<\/p>\n<p>Keramikerin, Mitarbeiterin<br \/>Kursleiterin Drehen<br \/>(in Ausbildung 2018-2022)<br \/><a href=\"https:\/\/www.instagram.com\/clemceramique\/\" target=\"_blank\" rel=\"noopener\">clemceramique<\/a><\/p>\n<p>[\/et_pb_blurb][et_pb_blurb title=&#8220;Virginie Raboud&#8220; image=&#8220;https:\/\/www.potsfink.ch\/wp-content\/uploads\/2023\/01\/Virginie-Raboud_FB.jpg&#8220; _builder_version=&#8220;4.20.4&#8243; _module_preset=&#8220;default&#8220; header_font_size=&#8220;23px&#8220; body_font=&#8220;DIN Pro Regular||||||||&#8220; text_orientation=&#8220;center&#8220; custom_margin=&#8220;||||false|false&#8220; custom_padding=&#8220;0px||0px||false|false&#8220; animation_style=&#8220;zoom&#8220; animation_duration=&#8220;800ms&#8220; animation_intensity_zoom=&#8220;10%&#8220; animation=&#8220;off&#8220; header_font_size_tablet=&#8220;21px&#8220; header_font_size_phone=&#8220;19px&#8220; header_font_size_last_edited=&#8220;on|phone&#8220; body_font_size_tablet=&#8220;16px&#8220; body_font_size_phone=&#8220;15px&#8220; body_font_size_last_edited=&#8220;on|phone&#8220; global_colors_info=&#8220;{}&#8220; child_filter_brightness__hover_enabled=&#8220;off|desktop&#8220; child_filter_brightness__hover=&#8220;120%&#8220;]<\/p>\n<p>Keramikerin<br \/>Ausbildnerin, Entdeckungskurse<br \/><a href=\"https:\/\/www.instagram.com\/virginie.ceramiques\/\" target=\"_blank\" rel=\"noopener\">Instagram<\/a><\/p>\n<p>[\/et_pb_blurb][et_pb_blurb title=&#8220;Isabel Prada&#8220; image=&#8220;https:\/\/www.potsfink.ch\/wp-content\/uploads\/2023\/04\/IMG_9473.jpeg&#8220; _builder_version=&#8220;4.20.4&#8243; _module_preset=&#8220;default&#8220; header_font_size=&#8220;23px&#8220; body_font=&#8220;DIN Pro Regular||||||||&#8220; text_orientation=&#8220;center&#8220; custom_margin=&#8220;||||false|false&#8220; custom_padding=&#8220;0px||0px||false|false&#8220; animation_style=&#8220;zoom&#8220; animation_duration=&#8220;800ms&#8220; animation_intensity_zoom=&#8220;10%&#8220; animation=&#8220;off&#8220; header_font_size_tablet=&#8220;21px&#8220; header_font_size_phone=&#8220;19px&#8220; header_font_size_last_edited=&#8220;on|phone&#8220; body_font_size_tablet=&#8220;16px&#8220; body_font_size_phone=&#8220;15px&#8220; body_font_size_last_edited=&#8220;on|phone&#8220; global_colors_info=&#8220;{}&#8220; child_filter_brightness__hover_enabled=&#8220;off|desktop&#8220; child_filter_brightness__hover=&#8220;120%&#8220;]<\/p>\n<p>Grafikarbeiten, Verwaltung, Buchhaltung, Web<\/p>\n<p>[\/et_pb_blurb][et_pb_blurb title=&#8220;Bel\u00e9n Mart\u00edn&#8220; image=&#8220;https:\/\/www.potsfink.ch\/wp-content\/uploads\/2023\/10\/Maria_Belen_Martin.jpg&#8220; alt=&#8220;Bel\u00e9n Martin EAFAC&#8220; image_tablet=&#8220;https:\/\/www.potsfink.ch\/wp-content\/uploads\/2023\/04\/IMG_1476-scaled.jpeg&#8220; image_phone=&#8220;https:\/\/www.potsfink.ch\/wp-content\/uploads\/2023\/04\/IMG_1477-scaled.jpeg&#8220; image_last_edited=&#8220;on|phone&#8220; _builder_version=&#8220;4.22.2&#8243; _module_preset=&#8220;default&#8220; header_font_size=&#8220;23px&#8220; body_font=&#8220;DIN Pro Regular||||||||&#8220; text_orientation=&#8220;center&#8220; custom_margin=&#8220;||||false|false&#8220; custom_padding=&#8220;0px||0px||false|false&#8220; animation_style=&#8220;zoom&#8220; animation_duration=&#8220;800ms&#8220; animation_intensity_zoom=&#8220;10%&#8220; animation=&#8220;off&#8220; header_font_size_tablet=&#8220;21px&#8220; header_font_size_phone=&#8220;19px&#8220; header_font_size_last_edited=&#8220;on|phone&#8220; body_font_size_tablet=&#8220;16px&#8220; body_font_size_phone=&#8220;15px&#8220; body_font_size_last_edited=&#8220;on|phone&#8220; global_colors_info=&#8220;{}&#8220; child_filter_brightness__hover_enabled=&#8220;off|desktop&#8220; child_filter_brightness__hover=&#8220;120%&#8220;]<\/p>\n<p>im Programme Erasmus+ 2023<\/p>\n<p>[\/et_pb_blurb][et_pb_blurb title=&#8220;Sigr\u00ed\u00f0ur Gu\u00f0steinsd\u00f3ttir&#8220; image=&#8220;https:\/\/www.potsfink.ch\/wp-content\/uploads\/2023\/04\/IMG_1476-scaled.jpeg&#8220; image_tablet=&#8220;https:\/\/www.potsfink.ch\/wp-content\/uploads\/2023\/04\/IMG_1476-scaled.jpeg&#8220; image_phone=&#8220;https:\/\/www.potsfink.ch\/wp-content\/uploads\/2023\/04\/IMG_1477-scaled.jpeg&#8220; image_last_edited=&#8220;on|phone&#8220; _builder_version=&#8220;4.20.4&#8243; _module_preset=&#8220;default&#8220; header_font_size=&#8220;23px&#8220; body_font=&#8220;DIN Pro Regular||||||||&#8220; text_orientation=&#8220;center&#8220; custom_margin=&#8220;||||false|false&#8220; custom_padding=&#8220;0px||0px||false|false&#8220; animation_style=&#8220;zoom&#8220; animation_duration=&#8220;800ms&#8220; animation_intensity_zoom=&#8220;10%&#8220; animation=&#8220;off&#8220; header_font_size_tablet=&#8220;21px&#8220; header_font_size_phone=&#8220;19px&#8220; header_font_size_last_edited=&#8220;on|phone&#8220; body_font_size_tablet=&#8220;16px&#8220; body_font_size_phone=&#8220;15px&#8220; body_font_size_last_edited=&#8220;on|phone&#8220; global_colors_info=&#8220;{}&#8220; child_filter_brightness__hover_enabled=&#8220;off|desktop&#8220; child_filter_brightness__hover=&#8220;120%&#8220;]<\/p>\n<p>im Programme Erasmus+ 2023<\/p>\n<p>[\/et_pb_blurb][et_pb_blurb title=&#8220;Marisa Elia&#8220; image=&#8220;https:\/\/www.potsfink.ch\/wp-content\/uploads\/2024\/07\/marisa_potsfink-scaled.jpeg&#8220; _builder_version=&#8220;4.25.0&#8243; _module_preset=&#8220;default&#8220; header_font_size=&#8220;23px&#8220; body_font=&#8220;DIN Pro Regular||||||||&#8220; text_orientation=&#8220;center&#8220; custom_margin=&#8220;||||false|false&#8220; custom_padding=&#8220;0px||0px||false|false&#8220; animation_style=&#8220;zoom&#8220; animation_duration=&#8220;800ms&#8220; animation_intensity_zoom=&#8220;10%&#8220; animation=&#8220;off&#8220; header_font_size_tablet=&#8220;21px&#8220; header_font_size_phone=&#8220;19px&#8220; header_font_size_last_edited=&#8220;on|phone&#8220; body_font_size_tablet=&#8220;16px&#8220; body_font_size_phone=&#8220;15px&#8220; body_font_size_last_edited=&#8220;on|phone&#8220; global_colors_info=&#8220;{}&#8220; child_filter_brightness__hover_enabled=&#8220;off|desktop&#8220; child_filter_brightness__hover=&#8220;120%&#8220;]<\/p>\n<p>in Ausbildung nach Art. 32 von 2019-2022<br \/><a href=\"https:\/\/www.poterie-lab.ch\/\" target=\"_blank\" rel=\"noopener\">poterie-lab<\/a><\/p>\n<p>[\/et_pb_blurb][et_pb_blurb title=&#8220;Margot Kolly&#8220; image=&#8220;https:\/\/www.potsfink.ch\/wp-content\/uploads\/2023\/01\/Margot-Kolly_IMG_9894.jpeg&#8220; admin_label=&#8220;R\u00e9sum\u00e9&#8220; _builder_version=&#8220;4.17.6&#8243; _module_preset=&#8220;default&#8220; header_font_size=&#8220;23px&#8220; body_font=&#8220;DIN Pro Regular||||||||&#8220; text_orientation=&#8220;center&#8220; custom_margin=&#8220;||||false|false&#8220; custom_padding=&#8220;0px||0px||false|false&#8220; animation_style=&#8220;zoom&#8220; animation_duration=&#8220;800ms&#8220; animation_intensity_zoom=&#8220;10%&#8220; animation=&#8220;off&#8220; header_font_size_tablet=&#8220;21px&#8220; header_font_size_phone=&#8220;19px&#8220; header_font_size_last_edited=&#8220;on|phone&#8220; body_font_size_tablet=&#8220;16px&#8220; body_font_size_phone=&#8220;15px&#8220; body_font_size_last_edited=&#8220;on|phone&#8220; global_colors_info=&#8220;{}&#8220; child_filter_brightness__hover_enabled=&#8220;off|desktop&#8220; child_filter_brightness__hover=&#8220;120%&#8220;]<\/p>\n<p>Praktikum 2021<\/p>\n<p>[\/et_pb_blurb][et_pb_blurb title=&#8220;Emma Corth\u00e9sy&#8220; image=&#8220;https:\/\/www.potsfink.ch\/wp-content\/uploads\/2021\/04\/emma.jpg&#8220; _builder_version=&#8220;4.22.2&#8243; _module_preset=&#8220;default&#8220; header_font_size=&#8220;23px&#8220; body_font=&#8220;DIN Pro Regular||||||||&#8220; text_orientation=&#8220;center&#8220; custom_margin=&#8220;||||false|false&#8220; custom_padding=&#8220;0px||0px||false|false&#8220; animation_style=&#8220;zoom&#8220; animation_duration=&#8220;800ms&#8220; animation_intensity_zoom=&#8220;10%&#8220; animation=&#8220;off&#8220; header_font_size_tablet=&#8220;21px&#8220; header_font_size_phone=&#8220;19px&#8220; header_font_size_last_edited=&#8220;on|phone&#8220; body_font_size_tablet=&#8220;16px&#8220; body_font_size_phone=&#8220;15px&#8220; body_font_size_last_edited=&#8220;on|phone&#8220; global_colors_info=&#8220;{}&#8220; child_filter_brightness__hover_enabled=&#8220;off|desktop&#8220; child_filter_brightness__hover=&#8220;120%&#8220;]<\/p>\n<p>Praktikum 2020<br \/><a href=\"https:\/\/emma-ceramique.ch\/\" target=\"_blank\" rel=\"noopener\">emma-c\u00e9ramique<\/a><\/p>\n<p>[\/et_pb_blurb][et_pb_blurb title=&#8220;Adele Wingo&#8220; image=&#8220;https:\/\/www.potsfink.ch\/wp-content\/uploads\/2021\/04\/adele_2015.jpg&#8220; _builder_version=&#8220;4.20.4&#8243; _module_preset=&#8220;default&#8220; header_font_size=&#8220;23px&#8220; body_font=&#8220;DIN Pro Regular||||||||&#8220; text_orientation=&#8220;center&#8220; custom_margin=&#8220;||||false|false&#8220; custom_padding=&#8220;0px||0px||false|false&#8220; animation_style=&#8220;zoom&#8220; animation_duration=&#8220;800ms&#8220; animation_intensity_zoom=&#8220;10%&#8220; animation=&#8220;off&#8220; header_font_size_tablet=&#8220;21px&#8220; header_font_size_phone=&#8220;19px&#8220; header_font_size_last_edited=&#8220;on|phone&#8220; body_font_size_tablet=&#8220;16px&#8220; body_font_size_phone=&#8220;15px&#8220; body_font_size_last_edited=&#8220;on|phone&#8220; global_colors_info=&#8220;{}&#8220; child_filter_brightness__hover_enabled=&#8220;off|desktop&#8220; child_filter_brightness__hover=&#8220;120%&#8220;]<\/p>\n<p>in Ausbildung 2015-2019<br \/><a href=\"https:\/\/www.studiomirettes.com\/\" target=\"_blank\" rel=\"noopener\">studio mirettes<\/a><\/p>\n<p>[\/et_pb_blurb][et_pb_blurb title=&#8220;Sonja Bieri&#8220; image=&#8220;https:\/\/www.potsfink.ch\/wp-content\/uploads\/2021\/04\/sonja.jpg&#8220; _builder_version=&#8220;4.21.0&#8243; _module_preset=&#8220;default&#8220; header_font_size=&#8220;23px&#8220; body_font=&#8220;DIN Pro Regular||||||||&#8220; text_orientation=&#8220;center&#8220; custom_margin=&#8220;||||false|false&#8220; custom_padding=&#8220;0px||0px||false|false&#8220; animation_style=&#8220;zoom&#8220; animation_duration=&#8220;800ms&#8220; animation_intensity_zoom=&#8220;10%&#8220; animation=&#8220;off&#8220; header_font_size_tablet=&#8220;21px&#8220; header_font_size_phone=&#8220;19px&#8220; header_font_size_last_edited=&#8220;on|phone&#8220; body_font_size_tablet=&#8220;16px&#8220; body_font_size_phone=&#8220;15px&#8220; body_font_size_last_edited=&#8220;on|phone&#8220; global_colors_info=&#8220;{}&#8220; child_filter_brightness__hover_enabled=&#8220;off|desktop&#8220; child_filter_brightness__hover=&#8220;120%&#8220;]<\/p>\n<p>en formation 2017-2019<br \/>selon l\u2019article 32<br \/><a href=\"https:\/\/www.keramik-sonjabieri.ch\/\" target=\"_blank\" rel=\"noopener\">keramik-sonjabieri<\/a><\/p>\n<p>[\/et_pb_blurb][et_pb_blurb title=&#8220;C\u00e9cile Henchoz&#8220; image=&#8220;https:\/\/www.potsfink.ch\/wp-content\/uploads\/2021\/04\/cecile_2014.jpg&#8220; _builder_version=&#8220;4.20.4&#8243; _module_preset=&#8220;default&#8220; header_font_size=&#8220;23px&#8220; body_font=&#8220;DIN Pro Regular||||||||&#8220; text_orientation=&#8220;center&#8220; custom_margin=&#8220;||||false|false&#8220; custom_padding=&#8220;0px||0px||false|false&#8220; animation_style=&#8220;zoom&#8220; animation_duration=&#8220;800ms&#8220; animation_intensity_zoom=&#8220;10%&#8220; animation=&#8220;off&#8220; header_font_size_tablet=&#8220;21px&#8220; header_font_size_phone=&#8220;19px&#8220; header_font_size_last_edited=&#8220;on|phone&#8220; body_font_size_tablet=&#8220;16px&#8220; body_font_size_phone=&#8220;15px&#8220; body_font_size_last_edited=&#8220;on|phone&#8220; global_colors_info=&#8220;{}&#8220; child_filter_brightness__hover_enabled=&#8220;off|desktop&#8220; child_filter_brightness__hover=&#8220;120%&#8220;]<\/p>\n<p>in Ausbildung 2010-2014<br \/><a href=\"https:\/\/www.instagram.com\/lemanterre\/\" target=\"_blank\" rel=\"noopener\">lemanterre<\/a><\/p>\n<p>[\/et_pb_blurb][et_pb_blurb title=&#8220;Sara Spirig&#8220; image=&#8220;https:\/\/www.potsfink.ch\/wp-content\/uploads\/2021\/04\/portrait_sara_300.jpg&#8220; _builder_version=&#8220;4.20.4&#8243; _module_preset=&#8220;default&#8220; header_font_size=&#8220;23px&#8220; body_font=&#8220;DIN Pro Regular||||||||&#8220; text_orientation=&#8220;center&#8220; custom_margin=&#8220;||||false|false&#8220; custom_padding=&#8220;0px||0px||false|false&#8220; animation_style=&#8220;zoom&#8220; animation_duration=&#8220;800ms&#8220; animation_intensity_zoom=&#8220;10%&#8220; animation=&#8220;off&#8220; header_font_size_tablet=&#8220;21px&#8220; header_font_size_phone=&#8220;19px&#8220; header_font_size_last_edited=&#8220;on|phone&#8220; body_font_size_tablet=&#8220;16px&#8220; body_font_size_phone=&#8220;15px&#8220; body_font_size_last_edited=&#8220;on|phone&#8220; global_colors_info=&#8220;{}&#8220; child_filter_brightness__hover_enabled=&#8220;off|desktop&#8220; child_filter_brightness__hover=&#8220;120%&#8220;]<\/p>\n<p>en formation 2006-2010<br \/><a href=\"https:\/\/www.rts.ch\/play\/tv\/couleurs-locales\/video\/fr-une-artiste-utilise-danciennes-techniques-pour-creer-des-oeuvres-en-argile?urn=urn:rts:video:9259994&amp;station=a9e7621504c6959e35c3ecbe7f6bed0446cdf8da\" target=\"_blank\" rel=\"noopener\">Portrait RTS<\/a><br \/><a href=\"http:\/\/saraspirig.ch\/\" target=\"_blank\" rel=\"noopener\">saraspirig.ch<\/a><\/p>\n<p>[\/et_pb_blurb][et_pb_blurb title=&#8220;M\u00e9lanie Agostinis&#8220; image=&#8220;https:\/\/www.potsfink.ch\/wp-content\/uploads\/2021\/04\/portrait_melanie.jpg&#8220; _builder_version=&#8220;4.16&#8243; _module_preset=&#8220;default&#8220; header_font_size=&#8220;23px&#8220; body_font=&#8220;DIN Pro Regular||||||||&#8220; text_orientation=&#8220;center&#8220; custom_margin=&#8220;||||false|false&#8220; custom_padding=&#8220;0px||0px||false|false&#8220; animation_style=&#8220;zoom&#8220; animation_duration=&#8220;800ms&#8220; animation_intensity_zoom=&#8220;10%&#8220; animation=&#8220;off&#8220; header_font_size_tablet=&#8220;21px&#8220; header_font_size_phone=&#8220;19px&#8220; header_font_size_last_edited=&#8220;on|phone&#8220; body_font_size_tablet=&#8220;16px&#8220; body_font_size_phone=&#8220;15px&#8220; body_font_size_last_edited=&#8220;on|phone&#8220; global_colors_info=&#8220;{}&#8220; child_filter_brightness__hover_enabled=&#8220;off|desktop&#8220; child_filter_brightness__hover=&#8220;120%&#8220;]<\/p>\n<p>in Ausbildung 2002-2005<\/p>\n<p>[\/et_pb_blurb][et_pb_blurb title=&#8220;Malou M\u00e9traux&#8220; image=&#8220;https:\/\/www.potsfink.ch\/wp-content\/uploads\/2021\/04\/malou.jpg&#8220; _builder_version=&#8220;4.16&#8243; _module_preset=&#8220;default&#8220; header_font_size=&#8220;23px&#8220; body_font=&#8220;DIN Pro Regular||||||||&#8220; text_orientation=&#8220;center&#8220; custom_margin=&#8220;||||false|false&#8220; custom_padding=&#8220;0px||0px||false|false&#8220; animation_style=&#8220;zoom&#8220; animation_duration=&#8220;800ms&#8220; animation_intensity_zoom=&#8220;10%&#8220; animation=&#8220;off&#8220; header_font_size_tablet=&#8220;21px&#8220; header_font_size_phone=&#8220;19px&#8220; header_font_size_last_edited=&#8220;on|phone&#8220; body_font_size_tablet=&#8220;16px&#8220; body_font_size_phone=&#8220;15px&#8220; body_font_size_last_edited=&#8220;on|phone&#8220; global_colors_info=&#8220;{}&#8220; child_filter_brightness__hover_enabled=&#8220;off|desktop&#8220; child_filter_brightness__hover=&#8220;120%&#8220;]<\/p>\n<p>in Ausbildung nach Art. 32 1998-2002 <\/p>\n<p>[\/et_pb_blurb][\/et_pb_column][\/et_pb_row][\/et_pb_section]<\/p>\n","protected":false},"excerpt":{"rendered":"<p>MitarbeiterInnen In unserer Werkstatt bilden wir Praktikanten und Lehrlinge aus und wir z\u00e4hlen auf unsere ausgebildeten MitarbeiterInnen.in Ausbildung nach Art. 32 2024-2028Keramikerin in Ausbildung EFZ 2024-2025Keramikerin in Ausbildung EFZ 2021-2025Keramikerin, MitarbeiterinKursleiterin Drehen(in Ausbildung 2018-2022)clemceramiqueKeramikerinAusbildnerin, EntdeckungskurseInstagramGrafikarbeiten, Verwaltung, Buchhaltung, Webim Programme Erasmus+ 2023im Programme Erasmus+ 2023in Ausbildung nach Art. 32 von 2019-2022poterie-labPraktikum 2021Praktikum 2020emma-c\u00e9ramiquein Ausbildung 2015-2019studio mirettesen [&hellip;]<\/p>\n","protected":false},"author":1,"featured_media":0,"parent":31010,"menu_order":0,"comment_status":"closed","ping_status":"closed","template":"","meta":{"_et_pb_use_builder":"on","_et_pb_old_content":"","_et_gb_content_width":"","footnotes":""},"class_list":["post-31167","page","type-page","status-publish","hentry"],"_links":{"self":[{"href":"https:\/\/www.potsfink.ch\/de\/wp-json\/wp\/v2\/pages\/31167","targetHints":{"allow":["GET"]}}],"collection":[{"href":"https:\/\/www.potsfink.ch\/de\/wp-json\/wp\/v2\/pages"}],"about":[{"href":"https:\/\/www.potsfink.ch\/de\/wp-json\/wp\/v2\/types\/page"}],"author":[{"embeddable":true,"href":"https:\/\/www.potsfink.ch\/de\/wp-json\/wp\/v2\/users\/1"}],"replies":[{"embeddable":true,"href":"https:\/\/www.potsfink.ch\/de\/wp-json\/wp\/v2\/comments?post=31167"}],"version-history":[{"count":49,"href":"https:\/\/www.potsfink.ch\/de\/wp-json\/wp\/v2\/pages\/31167\/revisions"}],"predecessor-version":[{"id":41521,"href":"https:\/\/www.potsfink.ch\/de\/wp-json\/wp\/v2\/pages\/31167\/revisions\/41521"}],"up":[{"embeddable":true,"href":"https:\/\/www.potsfink.ch\/de\/wp-json\/wp\/v2\/pages\/31010"}],"wp:attachment":[{"href":"https:\/\/www.potsfink.ch\/de\/wp-json\/wp\/v2\/media?parent=31167"}],"curies":[{"name":"wp","href":"https:\/\/api.w.org\/{rel}","templated":true}]}}