{"id":31017,"date":"2023-04-21T16:39:51","date_gmt":"2023-04-21T14:39:51","guid":{"rendered":"https:\/\/www.potsfink.ch\/galerie\/"},"modified":"2023-05-12T19:19:27","modified_gmt":"2023-05-12T17:19:27","slug":"galerie","status":"publish","type":"page","link":"https:\/\/www.potsfink.ch\/de\/galerie\/","title":{"rendered":"Galerie"},"content":{"rendered":"<p>[et_pb_section fb_built=&#8220;1&#8243; custom_padding_last_edited=&#8220;on|tablet&#8220; _builder_version=&#8220;4.16&#8243; _module_preset=&#8220;default&#8220; background_color=&#8220;RGBA(0,0,0,0)&#8220; custom_margin=&#8220;0px||0px||false|false&#8220; custom_padding=&#8220;80px|20px|20px|20px|false|true&#8220; custom_padding_tablet=&#8220;80px|10px|40px|10px|false|true&#8220; custom_padding_phone=&#8220;&#8220; global_colors_info=&#8220;{}&#8220;][et_pb_row custom_padding_last_edited=&#8220;on|tablet&#8220; _builder_version=&#8220;4.16&#8243; _module_preset=&#8220;default&#8220; max_width=&#8220;1960px&#8220; custom_margin=&#8220;0px||0px||false|false&#8220; custom_padding=&#8220;0px|20px|40px|20px|false|true&#8220; custom_padding_tablet=&#8220;||40px||false|true&#8220; custom_padding_phone=&#8220;&#8220; global_colors_info=&#8220;{}&#8220;][et_pb_column type=&#8220;4_4&#8243; _builder_version=&#8220;4.16&#8243; _module_preset=&#8220;default&#8220; global_colors_info=&#8220;{}&#8220;][et_pb_text _builder_version=&#8220;4.17.6&#8243; _module_preset=&#8220;default&#8220; header_font_size=&#8220;39px&#8220; text_orientation=&#8220;center&#8220; max_width=&#8220;700px&#8220; module_alignment=&#8220;center&#8220; animation_style=&#8220;slide&#8220; animation_direction=&#8220;bottom&#8220; animation_intensity_slide=&#8220;15%&#8220; text_font_size_tablet=&#8220;16px&#8220; text_font_size_phone=&#8220;15px&#8220; text_font_size_last_edited=&#8220;on|phone&#8220; global_colors_info=&#8220;{}&#8220;]<\/p>\n<h1>Galerie<\/h1>\n<h2>Projektzusammenarbeit<\/h2>\n<p>Der Erfolg des Werks<br class=\"manualbr\" \/><i>Der Sch\u00f6pfung eine Form geben<\/i><\/p>\n<p>[\/et_pb_text][\/et_pb_column][\/et_pb_row][et_pb_row _builder_version=&#8220;4.16&#8243; _module_preset=&#8220;default&#8220; max_width=&#8220;1950px&#8220; custom_margin=&#8220;0px||0px||false|false&#8220; custom_padding=&#8220;0px||0px||false|false&#8220; global_colors_info=&#8220;{}&#8220;][et_pb_column type=&#8220;4_4&#8243; _builder_version=&#8220;4.16&#8243; _module_preset=&#8220;default&#8220; global_colors_info=&#8220;{}&#8220;][et_pb_code module_class=&#8220;grille-galerie&#8220; _builder_version=&#8220;4.16&#8243; _module_preset=&#8220;default&#8220; global_colors_info=&#8220;{}&#8220;]<pee><!-- Gridbuilder \u1d42\u1d3e Plugin (https:\/\/wpgridbuilder.com) -->\n<div class=\"wp-grid-builder wpgb-grid-2 galerie\" data-options=\"{&quot;id&quot;:2,&quot;type&quot;:&quot;masonry&quot;,&quot;source&quot;:&quot;post_type&quot;,&quot;loader&quot;:0,&quot;layout&quot;:&quot;vertical&quot;,&quot;reveal&quot;:1,&quot;isMainQuery&quot;:0,&quot;lazyLoad&quot;:0,&quot;cardSizes&quot;:{&quot;9999&quot;:{&quot;columns&quot;:4,&quot;height&quot;:240,&quot;gutter&quot;:0,&quot;ratio&quot;:&quot;1.33333&quot;},&quot;1520&quot;:{&quot;columns&quot;:4,&quot;height&quot;:240,&quot;gutter&quot;:0,&quot;ratio&quot;:&quot;1.33333&quot;},&quot;1280&quot;:{&quot;columns&quot;:3,&quot;height&quot;:220,&quot;gutter&quot;:0,&quot;ratio&quot;:&quot;1.33333&quot;},&quot;980&quot;:{&quot;columns&quot;:2,&quot;height&quot;:220,&quot;gutter&quot;:0,&quot;ratio&quot;:&quot;1.33333&quot;},&quot;640&quot;:{&quot;columns&quot;:1,&quot;height&quot;:200,&quot;gutter&quot;:0,&quot;ratio&quot;:&quot;1.33333&quot;},&quot;320&quot;:{&quot;columns&quot;:1,&quot;height&quot;:200,&quot;gutter&quot;:0,&quot;ratio&quot;:&quot;1.33333&quot;}},&quot;fitRows&quot;:0,&quot;equalRows&quot;:0,&quot;equalColumns&quot;:1,&quot;fillLastRow&quot;:0,&quot;centerLastRow&quot;:0,&quot;horizontalOrder&quot;:0,&quot;fullWidth&quot;:0,&quot;transitionDelay&quot;:0,&quot;gallerySlideshow&quot;:0,&quot;rowsNumber&quot;:1,&quot;slideAlign&quot;:&quot;left&quot;,&quot;groupCells&quot;:1,&quot;draggable&quot;:1,&quot;initialIndex&quot;:0,&quot;contain&quot;:0,&quot;freeScroll&quot;:0,&quot;freeFriction&quot;:&quot;0.075&quot;,&quot;friction&quot;:&quot;0.285&quot;,&quot;attraction&quot;:&quot;0.025&quot;,&quot;autoPlay&quot;:0,&quot;pageDotAriaLabel&quot;:&quot;Page dot %d&quot;,&quot;isPreview&quot;:false,&quot;isGutenberg&quot;:false,&quot;rightToLeft&quot;:false}\"><div class=\"wpgb-svg-icons\" hidden>\n\t<svg viewBox=\"0 0 120 24\" width=\"0\" height=\"0\">\n\t<defs>\n        <polygon id=\"wpgb-star-svg\" points=\"12 2.5 15.1 8.8 22 9.8 17 14.6 18.2 21.5 12 18.3 5.8 21.5 7 14.6 2 9.8 8.9 8.8\"><\/polygon>\n    <\/defs>\n    <symbol id=\"wpgb-rating-stars-svg\">\n        <use xlink:href=\"#wpgb-star-svg\"><\/use>\n        <use xlink:href=\"#wpgb-star-svg\" x=\"24\"><\/use>\n        <use xlink:href=\"#wpgb-star-svg\" x=\"48\"><\/use>\n        <use xlink:href=\"#wpgb-star-svg\" x=\"72\"><\/use>\n        <use xlink:href=\"#wpgb-star-svg\" x=\"96\"><\/use>\n    <\/symbol>\n<\/svg>\n<\/div>\n<div class=\"wpgb-wrapper\">\n\t<div class=\"wpgb-main\">\n\t<div class=\"wpgb-area wpgb-area-top-2\">\n\t<div class=\"wpgb-facet wpgb-loading wpgb-facet-3\" data-facet=\"3\" data-grid=\"2\">\t<fieldset>\n\t\t<legend class=\"wpgb-facet-title wpgb-sr-only\">Cat\u00e9gories des projets<\/legend>\n\t\t<div class=\"wpgb-select-facet\"><label><span class=\"wpgb-sr-only\">Select content<\/span><select class=\"wpgb-select\" name=\"facette_categories_des_projets\"><option value=\"\">Alle Kategorien<\/option><option value=\"kunst\">Kunst&nbsp;(5)<\/option><option value=\"design-de\">Design&nbsp;(2)<\/option><option value=\"events-de\">Events&nbsp;(2)<\/option><option value=\"gastronomie-de\">Gastronomie&nbsp;(1)<\/option><\/select><span class=\"wpgb-select-controls\"><span class=\"wpgb-select-separator\"><\/span><svg class=\"wpgb-select-toggle\" viewBox=\"0 0 24 24\" height=\"24\" width=\"24\" aria-hidden=\"true\" focusable=\"false\"><path d=\"m12 14.536-.045.043.045-.043-5.3-5.114 5.3 5.114 5.3-5.114-5.3 5.114.045.043Z\"\/><\/svg><\/span><\/label><\/div>\t<\/fieldset>\n\t<\/div><\/div>\n<div class=\"wpgb-layout\">\n\t<div class=\"wpgb-viewport\">\n\t\t<div class=\"wpgb-masonry\">\n\t\t\t<article class=\"wpgb-card wpgb-card-2 wpgb-post-35597 wpgb-card-hidden\" data-col=\"1\" data-row=\"1\" data-format=\"standard\"><div class=\"wpgb-card-wrapper\"><div class=\"wpgb-card-inner\" data-action><div class=\"wpgb-card-media wpgb-scheme-light\"><svg data-ratio style=\"padding-top:150%\" viewBox=\"0 0 640 960\" aria-hidden=\"true\"><\/svg><div class=\"wpgb-card-media-thumbnail\"><a href=\"https:\/\/www.potsfink.ch\/wp-content\/uploads\/2023\/11\/ecal-2019_potsfink_Charalampos-Potzidis_1.jpg\" tabindex=\"-1\" class=\"wpgb-handle-lb wpgb-lightbox\" data-type=\"image\" data-rel=\"2\" data-title=\"e\u0301cal 2019_potsfink_Charalampos Potzidis_1\" data-desc=\"e\u0301cal 2019 Charalampos Potzidis &#8211; PotsFink\" title=\"Enlarge photo\"><div style=\"background-image:url(https:\/\/www.potsfink.ch\/wp-content\/uploads\/2023\/11\/ecal-2019_potsfink_Charalampos-Potzidis_1.jpg)\"><\/div><noscript><img decoding=\"async\" class=\"wpgb-noscript-img\" src=\"https:\/\/www.potsfink.ch\/wp-content\/uploads\/2023\/11\/ecal-2019_potsfink_Charalampos-Potzidis_1.jpg\" alt=\"e\u0301cal 2019 Charalampos Potzidis - PotsFink\" height=\"960\" width=\"640\" title=\"alfredo_haberli_peter_fink\"><\/noscript><\/a><\/div><\/div><div class=\"wpgb-card-content wpgb-scheme-dark\"><div class=\"wpgb-card-body\"><h3 class=\"wpgb-block-1\">\u00e9cal 2019<\/h3><div class=\"wpgb-block-3 wpgb-idle-scheme-2\"><p>Die Studenten der Ecole cantonale d\u2019Arts de Lausanne benutzen unser Atelier regelm\u00e4ssig um Keramik-Prototypen herzustellen.<\/p><\/div><\/div><\/div><a class=\"wpgb-card-layer-link\" href=\"https:\/\/www.potsfink.ch\/de\/projets\/ecal-2019\/\"><\/a><\/div><\/div><\/article><article class=\"wpgb-card wpgb-card-2 wpgb-post-39119 wpgb-card-hidden\" data-col=\"1\" data-row=\"1\" data-format=\"standard\"><div class=\"wpgb-card-wrapper\"><div class=\"wpgb-card-inner\" data-action><div class=\"wpgb-card-media wpgb-scheme-light\"><svg data-ratio style=\"padding-top:133.33%\" viewBox=\"0 0 768 1024\" aria-hidden=\"true\"><\/svg><div class=\"wpgb-card-media-thumbnail\"><a href=\"https:\/\/www.potsfink.ch\/wp-content\/uploads\/2024\/10\/potsfink_Idris_Khan_EditionsTake5_IMG_6367-scaled.jpg\" tabindex=\"-1\" class=\"wpgb-handle-lb wpgb-lightbox\" data-type=\"image\" data-rel=\"2\" data-title=\"potsfink_Idris_Khan_E\u0301ditionsTake5_IMG_6367\" title=\"Enlarge photo\"><div style=\"background-image:url(https:\/\/www.potsfink.ch\/wp-content\/uploads\/2024\/10\/potsfink_Idris_Khan_EditionsTake5_IMG_6367-768x1024.jpg)\"><\/div><noscript><img decoding=\"async\" class=\"wpgb-noscript-img\" src=\"https:\/\/www.potsfink.ch\/wp-content\/uploads\/2024\/10\/potsfink_Idris_Khan_EditionsTake5_IMG_6367-768x1024.jpg\" alt=\"potsfink_Idris_Khan_E\u0301ditionsTake5_\" height=\"1024\" width=\"768\" title=\"alfredo_haberli_peter_fink\"><\/noscript><\/a><\/div><\/div><div class=\"wpgb-card-content wpgb-scheme-dark\"><div class=\"wpgb-card-body\"><h3 class=\"wpgb-block-1\">Idris Khan<\/h3><div class=\"wpgb-block-3 wpgb-idle-scheme-2\"><p>Zusammenarbeit zwischen den \u00c9ditions Take5 und Potsfink in einem Projekt, das darauf abzielt, K\u00fcnstlerb\u00fccher zu schaffen, die die Werke von Idris Khan hervorheben. <\/p><\/div><\/div><\/div><a class=\"wpgb-card-layer-link\" href=\"https:\/\/www.potsfink.ch\/de\/projets\/idris-khan\/\"><\/a><\/div><\/div><\/article><article class=\"wpgb-card wpgb-card-2 wpgb-post-34797 wpgb-card-hidden\" data-col=\"1\" data-row=\"1\" data-format=\"standard\"><div class=\"wpgb-card-wrapper\"><div class=\"wpgb-card-inner\" data-action><div class=\"wpgb-card-media wpgb-scheme-light\"><svg data-ratio style=\"padding-top:75%\" viewBox=\"0 0 768 576\" aria-hidden=\"true\"><\/svg><div class=\"wpgb-card-media-thumbnail\"><a href=\"https:\/\/www.potsfink.ch\/wp-content\/uploads\/2023\/09\/IMG_6067-scaled.jpg\" tabindex=\"-1\" class=\"wpgb-handle-lb wpgb-lightbox\" data-type=\"image\" data-rel=\"2\" data-title=\"IMG_6067\" data-desc=\"50 seas \u00b7 Mathieu Lehanneur\" title=\"Enlarge photo\"><div style=\"background-image:url(https:\/\/www.potsfink.ch\/wp-content\/uploads\/2023\/09\/IMG_6067-768x576.jpg)\"><\/div><noscript><img decoding=\"async\" class=\"wpgb-noscript-img\" src=\"https:\/\/www.potsfink.ch\/wp-content\/uploads\/2023\/09\/IMG_6067-768x576.jpg\" alt=\"50 seas \u00b7 Mathieu Lehanneur\" height=\"576\" width=\"768\" title=\"alfredo_haberli_peter_fink\"><\/noscript><\/a><\/div><\/div><div class=\"wpgb-card-content wpgb-scheme-dark\"><div class=\"wpgb-card-body\"><h3 class=\"wpgb-block-1\">50 seas \u00b7 Mathieu Lehanneur<\/h3><div class=\"wpgb-block-3 wpgb-idle-scheme-2\"><p>Ausstellung bei Christie\u2019s Paris, Februar 2018 und in Monaco im Juni 2018<\/p><\/div><\/div><\/div><a class=\"wpgb-card-layer-link\" href=\"https:\/\/www.potsfink.ch\/de\/projets\/50-seas-%c2%b7-mathieu-lehanneur\/\"><\/a><\/div><\/div><\/article><article class=\"wpgb-card wpgb-card-2 wpgb-post-32292 wpgb-card-hidden\" data-col=\"1\" data-row=\"1\" data-format=\"standard\"><div class=\"wpgb-card-wrapper\"><div class=\"wpgb-card-inner\" data-action><div class=\"wpgb-card-media wpgb-scheme-light\"><svg data-ratio style=\"padding-top:75%\" viewBox=\"0 0 500 375\" aria-hidden=\"true\"><\/svg><div class=\"wpgb-card-media-thumbnail\"><a href=\"https:\/\/www.potsfink.ch\/wp-content\/uploads\/2023\/05\/p1190741-2-c725a.jpg\" tabindex=\"-1\" class=\"wpgb-handle-lb wpgb-lightbox\" data-type=\"image\" data-rel=\"2\" data-title=\"p1190741-2-c725a\" title=\"Enlarge photo\"><div style=\"background-image:url(https:\/\/www.potsfink.ch\/wp-content\/uploads\/2023\/05\/p1190741-2-c725a.jpg)\"><\/div><noscript><img decoding=\"async\" class=\"wpgb-noscript-img\" src=\"https:\/\/www.potsfink.ch\/wp-content\/uploads\/2023\/05\/p1190741-2-c725a.jpg\" alt=\"P1190741 2 C725a\" height=\"375\" width=\"500\" title=\"alfredo_haberli_peter_fink\"><\/noscript><\/a><\/div><\/div><div class=\"wpgb-card-content wpgb-scheme-dark\"><div class=\"wpgb-card-body\"><h3 class=\"wpgb-block-1\">Uccellinis \u00b7 Ignazio Bettua<\/h3><div class=\"wpgb-block-3 wpgb-idle-scheme-2\"><p>Kunstinstallation von Ignazio Bettua. Prix FEMS 2017.<\/p><\/div><\/div><\/div><a class=\"wpgb-card-layer-link\" href=\"https:\/\/www.potsfink.ch\/de\/projets\/uccellinis-%c2%b7-ignazio-bettua\/\"><\/a><\/div><\/div><\/article><article class=\"wpgb-card wpgb-card-2 wpgb-post-35165 wpgb-card-hidden\" data-col=\"1\" data-row=\"1\" data-format=\"standard\"><div class=\"wpgb-card-wrapper\"><div class=\"wpgb-card-inner\" data-action><div class=\"wpgb-card-media wpgb-scheme-light\"><svg data-ratio style=\"padding-top:56.12%\" viewBox=\"0 0 768 431\" aria-hidden=\"true\"><\/svg><div class=\"wpgb-card-media-thumbnail\"><a href=\"https:\/\/www.potsfink.ch\/wp-content\/uploads\/2023\/09\/IQOS_PanterTourron_Potsfink_pieces-scaled.jpg\" tabindex=\"-1\" class=\"wpgb-handle-lb wpgb-lightbox\" data-type=\"image\" data-rel=\"2\" data-title=\"IQOS_Panter+Tourron_Potsfink_pieces\" data-desc=\"IQOS Panter&amp;Tourron Potsfink\" title=\"Enlarge photo\"><div style=\"background-image:url(https:\/\/www.potsfink.ch\/wp-content\/uploads\/2023\/09\/IQOS_PanterTourron_Potsfink_pieces-768x431.jpg)\"><\/div><noscript><img decoding=\"async\" class=\"wpgb-noscript-img\" src=\"https:\/\/www.potsfink.ch\/wp-content\/uploads\/2023\/09\/IQOS_PanterTourron_Potsfink_pieces-768x431.jpg\" alt=\"IQOS Panter&amp;Tourron Potsfink\" height=\"431\" width=\"768\" title=\"alfredo_haberli_peter_fink\"><\/noscript><\/a><\/div><\/div><div class=\"wpgb-card-content wpgb-scheme-dark\"><div class=\"wpgb-card-body\"><h3 class=\"wpgb-block-1\">The IQOS &#8211; Vase \u00b7 Panter&#038;Tourron<\/h3><div class=\"wpgb-block-3 wpgb-idle-scheme-2\"><p>Crafted. The art behind The IQOS &#8211; Vase, design by Panter&#038;Tourron <\/p><\/div><\/div><\/div><a class=\"wpgb-card-layer-link\" href=\"https:\/\/www.potsfink.ch\/de\/projets\/the-iqos-vase-%c2%b7-pantertourron\/\"><\/a><\/div><\/div><\/article><article class=\"wpgb-card wpgb-card-2 wpgb-post-32072 wpgb-card-hidden\" data-col=\"1\" data-row=\"1\" data-format=\"standard\"><div class=\"wpgb-card-wrapper\"><div class=\"wpgb-card-inner\" data-action><div class=\"wpgb-card-media wpgb-scheme-light\"><svg data-ratio style=\"padding-top:66.72%\" viewBox=\"0 0 640 427\" aria-hidden=\"true\"><\/svg><div class=\"wpgb-card-media-thumbnail\"><a href=\"https:\/\/www.potsfink.ch\/wp-content\/uploads\/2023\/01\/claudia_compte_12466201_1081552135209823_1604966431555329265_o-69b0d.jpg\" tabindex=\"-1\" class=\"wpgb-handle-lb wpgb-lightbox\" data-type=\"image\" data-rel=\"2\" data-title=\"claudia_compte_12466201_1081552135209823_1604966431555329265_o-69b0d\" title=\"Enlarge photo\"><div style=\"background-image:url(https:\/\/www.potsfink.ch\/wp-content\/uploads\/2023\/01\/claudia_compte_12466201_1081552135209823_1604966431555329265_o-69b0d.jpg)\"><\/div><noscript><img decoding=\"async\" class=\"wpgb-noscript-img\" src=\"https:\/\/www.potsfink.ch\/wp-content\/uploads\/2023\/01\/claudia_compte_12466201_1081552135209823_1604966431555329265_o-69b0d.jpg\" alt=\"Claudia Compte 12466201 1081552135209823 1604966431555329265 O 69b0d\" height=\"427\" width=\"640\" title=\"alfredo_haberli_peter_fink\"><\/noscript><\/a><\/div><\/div><div class=\"wpgb-card-content wpgb-scheme-dark\"><div class=\"wpgb-card-body\"><h3 class=\"wpgb-block-1\">Farbiges Fondueessen \u00b7 Claudia Comte \u00b7 Galerie BolteLang<\/h3><div class=\"wpgb-block-3 wpgb-idle-scheme-2\"><p>Z\u00fcrich 2016<\/p><\/div><\/div><\/div><a class=\"wpgb-card-layer-link\" href=\"https:\/\/www.potsfink.ch\/de\/projets\/farbiges-fondueessen-%c2%b7-claudia-comte-%c2%b7-galerie-boltelang\/\"><\/a><\/div><\/div><\/article><article class=\"wpgb-card wpgb-card-2 wpgb-post-34911 wpgb-card-hidden\" data-col=\"1\" data-row=\"1\" data-format=\"standard\"><div class=\"wpgb-card-wrapper\"><div class=\"wpgb-card-inner\" data-action><div class=\"wpgb-card-media wpgb-scheme-light\"><svg data-ratio style=\"padding-top:59.77%\" viewBox=\"0 0 768 459\" aria-hidden=\"true\"><\/svg><div class=\"wpgb-card-media-thumbnail\"><a href=\"https:\/\/www.potsfink.ch\/wp-content\/uploads\/2013\/09\/alfredo_haberli_peter_fink.png\" tabindex=\"-1\" class=\"wpgb-handle-lb wpgb-lightbox\" data-type=\"image\" data-rel=\"2\" data-title=\"alfredo_haberli_peter_fink\" data-desc=\"Locuras de flores &#8211; Alfredo H\u00e4berli pour teo jakob\" title=\"Enlarge photo\"><div style=\"background-image:url(https:\/\/www.potsfink.ch\/wp-content\/uploads\/2013\/09\/alfredo_haberli_peter_fink-768x459.png)\"><\/div><noscript><img decoding=\"async\" class=\"wpgb-noscript-img\" src=\"https:\/\/www.potsfink.ch\/wp-content\/uploads\/2013\/09\/alfredo_haberli_peter_fink-768x459.png\" alt=\"Locuras de flores - Alfredo H\u00e4berli pour teo jakob\" height=\"459\" width=\"768\" title=\"alfredo_haberli_peter_fink\"><\/noscript><\/a><\/div><\/div><div class=\"wpgb-card-content wpgb-scheme-dark\"><div class=\"wpgb-card-body\"><h3 class=\"wpgb-block-1\">Locuras de flores \u00b7 Alfredo H\u00e4berli f\u00fcr teo jakob<\/h3><div class=\"wpgb-block-3 wpgb-idle-scheme-2\"><p>Parcours c\u00e9ramique Carougeois 2013<\/p><\/div><\/div><\/div><a class=\"wpgb-card-layer-link\" href=\"https:\/\/www.potsfink.ch\/de\/projets\/locuras-de-flores-%c2%b7-alfredo-haeberli-fuer-teo-jakob\/\"><\/a><\/div><\/div><\/article>\t\t<\/div>\n\t<\/div>\n\t<\/div>\n\t<\/div>\n\t\t<\/div>\n<\/div>\n<\/pee>[\/et_pb_code][\/et_pb_column][\/et_pb_row][\/et_pb_section]<\/p>\n","protected":false},"excerpt":{"rendered":"<p>[et_pb_section fb_built=&#8220;1&#8243; custom_padding_last_edited=&#8220;on|tablet&#8220; _builder_version=&#8220;4.16&#8243; _module_preset=&#8220;default&#8220; background_color=&#8220;RGBA(0,0,0,0)&#8220; custom_margin=&#8220;0px||0px||false|false&#8220; custom_padding=&#8220;80px|20px|20px|20px|false|true&#8220; custom_padding_tablet=&#8220;80px|10px|40px|10px|false|true&#8220; custom_padding_phone=&#8220;&#8220; global_colors_info=&#8220;{}&#8220;][et_pb_row custom_padding_last_edited=&#8220;on|tablet&#8220; _builder_version=&#8220;4.16&#8243; _module_preset=&#8220;default&#8220; max_width=&#8220;1960px&#8220; custom_margin=&#8220;0px||0px||false|false&#8220; custom_padding=&#8220;0px|20px|40px|20px|false|true&#8220; custom_padding_tablet=&#8220;||40px||false|true&#8220; custom_padding_phone=&#8220;&#8220; global_colors_info=&#8220;{}&#8220;][et_pb_column type=&#8220;4_4&#8243; _builder_version=&#8220;4.16&#8243; _module_preset=&#8220;default&#8220; global_colors_info=&#8220;{}&#8220;][et_pb_text _builder_version=&#8220;4.17.6&#8243; _module_preset=&#8220;default&#8220; header_font_size=&#8220;39px&#8220; text_orientation=&#8220;center&#8220; max_width=&#8220;700px&#8220; module_alignment=&#8220;center&#8220; animation_style=&#8220;slide&#8220; animation_direction=&#8220;bottom&#8220; animation_intensity_slide=&#8220;15%&#8220; text_font_size_tablet=&#8220;16px&#8220; text_font_size_phone=&#8220;15px&#8220; text_font_size_last_edited=&#8220;on|phone&#8220; global_colors_info=&#8220;{}&#8220;] Galerie Projektzusammenarbeit Der Erfolg des WerksDer Sch\u00f6pfung eine Form geben [\/et_pb_text][\/et_pb_column][\/et_pb_row][et_pb_row _builder_version=&#8220;4.16&#8243; _module_preset=&#8220;default&#8220; max_width=&#8220;1950px&#8220; custom_margin=&#8220;0px||0px||false|false&#8220; custom_padding=&#8220;0px||0px||false|false&#8220; global_colors_info=&#8220;{}&#8220;][et_pb_column type=&#8220;4_4&#8243; [&hellip;]<\/p>\n","protected":false},"author":1,"featured_media":0,"parent":0,"menu_order":0,"comment_status":"closed","ping_status":"closed","template":"","meta":{"_et_pb_use_builder":"on","_et_pb_old_content":"","_et_gb_content_width":"","footnotes":""},"class_list":["post-31017","page","type-page","status-publish","hentry"],"_links":{"self":[{"href":"https:\/\/www.potsfink.ch\/de\/wp-json\/wp\/v2\/pages\/31017","targetHints":{"allow":["GET"]}}],"collection":[{"href":"https:\/\/www.potsfink.ch\/de\/wp-json\/wp\/v2\/pages"}],"about":[{"href":"https:\/\/www.potsfink.ch\/de\/wp-json\/wp\/v2\/types\/page"}],"author":[{"embeddable":true,"href":"https:\/\/www.potsfink.ch\/de\/wp-json\/wp\/v2\/users\/1"}],"replies":[{"embeddable":true,"href":"https:\/\/www.potsfink.ch\/de\/wp-json\/wp\/v2\/comments?post=31017"}],"version-history":[{"count":9,"href":"https:\/\/www.potsfink.ch\/de\/wp-json\/wp\/v2\/pages\/31017\/revisions"}],"predecessor-version":[{"id":32127,"href":"https:\/\/www.potsfink.ch\/de\/wp-json\/wp\/v2\/pages\/31017\/revisions\/32127"}],"wp:attachment":[{"href":"https:\/\/www.potsfink.ch\/de\/wp-json\/wp\/v2\/media?parent=31017"}],"curies":[{"name":"wp","href":"https:\/\/api.w.org\/{rel}","templated":true}]}}