{"id":31010,"date":"2023-04-21T16:30:05","date_gmt":"2023-04-21T14:30:05","guid":{"rendered":"https:\/\/www.potsfink.ch\/praesentation\/"},"modified":"2025-10-19T17:24:22","modified_gmt":"2025-10-19T15:24:22","slug":"praesentation","status":"publish","type":"page","link":"https:\/\/www.potsfink.ch\/de\/praesentation\/","title":{"rendered":"Pr\u00e4sentation"},"content":{"rendered":"<p>[et_pb_section fb_built=&#8220;1&#8243; custom_padding_last_edited=&#8220;on|phone&#8220; _builder_version=&#8220;4.16&#8243; _module_preset=&#8220;default&#8220; background_color=&#8220;RGBA(0,0,0,0)&#8220; custom_margin=&#8220;0px||0px||false|false&#8220; custom_padding=&#8220;80px|20px|20px|20px|false|true&#8220; custom_padding_tablet=&#8220;80px|10px|40px|10px|false|true&#8220; custom_padding_phone=&#8220;&#8220; global_colors_info=&#8220;{}&#8220;][et_pb_row custom_padding_last_edited=&#8220;on|tablet&#8220; _builder_version=&#8220;4.16&#8243; _module_preset=&#8220;default&#8220; custom_margin=&#8220;0px||0px||false|false&#8220; custom_padding=&#8220;0px|20px|60px|20px|false|true&#8220; custom_padding_tablet=&#8220;|10px|40px|10px|false|true&#8220; custom_padding_phone=&#8220;&#8220; global_colors_info=&#8220;{}&#8220;][et_pb_column type=&#8220;4_4&#8243; _builder_version=&#8220;4.16&#8243; _module_preset=&#8220;default&#8220; global_colors_info=&#8220;{}&#8220;][et_pb_text _builder_version=&#8220;4.17.6&#8243; _module_preset=&#8220;default&#8220; header_font_size=&#8220;39px&#8220; text_orientation=&#8220;center&#8220; max_width=&#8220;700px&#8220; module_alignment=&#8220;center&#8220; animation_style=&#8220;zoom&#8220; animation_direction=&#8220;bottom&#8220; animation_duration=&#8220;800ms&#8220; animation_intensity_zoom=&#8220;10%&#8220; text_font_size_tablet=&#8220;16px&#8220; text_font_size_phone=&#8220;15px&#8220; text_font_size_last_edited=&#8220;on|desktop&#8220; header_font_size_tablet=&#8220;35px&#8220; header_font_size_phone=&#8220;31px&#8220; header_font_size_last_edited=&#8220;on|phone&#8220; global_colors_info=&#8220;{}&#8220;]<\/p>\n<h1><a href=\"http:\/\/www-old.potsfink.ch\/?PresentationDE\">Pr\u00e4sentation<\/a><\/h1>\n<p>In meiner Werkstatt in Ependes-Fribourg stelle ich ausschliesslich Gebrauchskeramik her. Meine Liebe gilt klaren, einfachen Formen f\u00fcr den Tisch. Je nach Produkte-Linie \u00fcberziehen diese Objekte eine kr\u00e4ftig-farbige Bemalung, ein reliefartiges Edelmetalldekor oder ganz einfach eine schwarze oder weisse Glasur.<\/p>\n<p>[\/et_pb_text][\/et_pb_column][\/et_pb_row][et_pb_row module_class=&#8220;grille-4col&#8220; _builder_version=&#8220;4.16&#8243; _module_preset=&#8220;default&#8220; max_width=&#8220;1950px&#8220; custom_margin=&#8220;0px||0px||false|false&#8220; custom_padding=&#8220;0px||0px||false|false&#8220; global_colors_info=&#8220;{}&#8220;][et_pb_column type=&#8220;4_4&#8243; _builder_version=&#8220;4.16&#8243; _module_preset=&#8220;default&#8220; global_colors_info=&#8220;{}&#8220;][et_pb_blurb title=&#8220;Portr\u00e4t&#8220; image=&#8220;https:\/\/www.potsfink.ch\/wp-content\/uploads\/2023\/01\/PeterFink_portrait_recadre.jpg&#8220; _builder_version=&#8220;4.17.6&#8243; _dynamic_attributes=&#8220;link_option_url&#8220; _module_preset=&#8220;default&#8220; header_font_size=&#8220;23px&#8220; body_font=&#8220;DIN Pro Regular||||||||&#8220; custom_margin=&#8220;||||false|false&#8220; custom_padding=&#8220;0px||0px||false|false&#8220; animation_style=&#8220;zoom&#8220; animation_duration=&#8220;800ms&#8220; animation_intensity_zoom=&#8220;10%&#8220; animation=&#8220;off&#8220; link_option_url=&#8220;@ET-DC@eyJkeW5hbWljIjp0cnVlLCJjb250ZW50IjoicG9zdF9saW5rX3VybF9wYWdlIiwic2V0dGluZ3MiOnsicG9zdF9pZCI6IjE3MDkifX0=@&#8220; header_font_size_tablet=&#8220;21px&#8220; header_font_size_phone=&#8220;19px&#8220; header_font_size_last_edited=&#8220;on|phone&#8220; body_font_size_tablet=&#8220;16px&#8220; body_font_size_phone=&#8220;15px&#8220; body_font_size_last_edited=&#8220;on|phone&#8220; global_colors_info=&#8220;{}&#8220; child_filter_brightness__hover_enabled=&#8220;off|desktop&#8220; child_filter_brightness__hover=&#8220;120%&#8220;]<\/p>\n<p>Peter Fink<\/p>\n<p>[\/et_pb_blurb][et_pb_blurb title=&#8220;Werkstatt&#8220; image=&#8220;https:\/\/www.potsfink.ch\/wp-content\/uploads\/2022\/12\/IMG_7049-1-scaled.jpeg&#8220; _builder_version=&#8220;4.17.6&#8243; _dynamic_attributes=&#8220;link_option_url&#8220; _module_preset=&#8220;default&#8220; header_font_size=&#8220;23px&#8220; body_font=&#8220;DIN Pro Regular||||||||&#8220; custom_margin=&#8220;||||false|false&#8220; custom_padding=&#8220;0px||0px||false|false&#8220; animation_style=&#8220;zoom&#8220; animation_duration=&#8220;800ms&#8220; animation_intensity_zoom=&#8220;10%&#8220; animation=&#8220;off&#8220; link_option_url=&#8220;@ET-DC@eyJkeW5hbWljIjp0cnVlLCJjb250ZW50IjoicG9zdF9saW5rX3VybF9wYWdlIiwic2V0dGluZ3MiOnsicG9zdF9pZCI6IjI2MDYifX0=@&#8220; header_font_size_tablet=&#8220;21px&#8220; header_font_size_phone=&#8220;19px&#8220; header_font_size_last_edited=&#8220;on|phone&#8220; body_font_size_tablet=&#8220;16px&#8220; body_font_size_phone=&#8220;15px&#8220; body_font_size_last_edited=&#8220;on|phone&#8220; global_colors_info=&#8220;{}&#8220; child_filter_brightness__hover_enabled=&#8220;off|desktop&#8220; child_filter_brightness__hover=&#8220;120%&#8220;]<\/p>\n<p>Ein vielseitiges Atelier<\/p>\n<p>[\/et_pb_blurb][et_pb_blurb title=&#8220;Ausstellung&#8220; image=&#8220;https:\/\/www.potsfink.ch\/wp-content\/uploads\/2021\/04\/PeterFink87-86c91.jpg&#8220; _builder_version=&#8220;4.16&#8243; _dynamic_attributes=&#8220;link_option_url&#8220; _module_preset=&#8220;default&#8220; header_font_size=&#8220;23px&#8220; body_font=&#8220;DIN Pro Regular||||||||&#8220; custom_margin=&#8220;||||false|false&#8220; custom_padding=&#8220;0px||0px||false|false&#8220; animation_style=&#8220;zoom&#8220; animation_duration=&#8220;800ms&#8220; animation_intensity_zoom=&#8220;10%&#8220; animation=&#8220;off&#8220; link_option_url=&#8220;@ET-DC@eyJkeW5hbWljIjp0cnVlLCJjb250ZW50IjoicG9zdF9saW5rX3VybF9wYWdlIiwic2V0dGluZ3MiOnsicG9zdF9pZCI6IjI2MDgifX0=@&#8220; header_font_size_tablet=&#8220;21px&#8220; header_font_size_phone=&#8220;19px&#8220; header_font_size_last_edited=&#8220;on|phone&#8220; body_font_size_tablet=&#8220;16px&#8220; body_font_size_phone=&#8220;15px&#8220; body_font_size_last_edited=&#8220;on|phone&#8220; global_colors_info=&#8220;{}&#8220; child_filter_brightness__hover_enabled=&#8220;off|desktop&#8220; child_filter_brightness__hover=&#8220;120%&#8220;]<\/p>\n<p>Unsere Ausstellung ist t\u00e4glich ge\u00f6ffnet<\/p>\n<p>[\/et_pb_blurb][et_pb_blurb title=&#8220;Aktuelles&#8220; image=&#8220;https:\/\/www.potsfink.ch\/wp-content\/uploads\/2024\/08\/PeterFink_Phantomes_2_-scaled.jpg&#8220; _builder_version=&#8220;4.27.4&#8243; _dynamic_attributes=&#8220;link_option_url&#8220; _module_preset=&#8220;default&#8220; header_font_size=&#8220;23px&#8220; body_font=&#8220;DIN Pro Regular||||||||&#8220; custom_margin=&#8220;||||false|false&#8220; custom_padding=&#8220;0px||0px||false|false&#8220; animation_style=&#8220;zoom&#8220; animation_duration=&#8220;800ms&#8220; animation_intensity_zoom=&#8220;10%&#8220; animation=&#8220;off&#8220; link_option_url=&#8220;@ET-DC@eyJkeW5hbWljIjp0cnVlLCJjb250ZW50IjoicG9zdF9saW5rX3VybF9wYWdlIiwic2V0dGluZ3MiOnsicG9zdF9pZCI6IjE3MTcifX0=@&#8220; header_font_size_tablet=&#8220;21px&#8220; header_font_size_phone=&#8220;19px&#8220; header_font_size_last_edited=&#8220;on|phone&#8220; body_font_size_tablet=&#8220;16px&#8220; body_font_size_phone=&#8220;15px&#8220; body_font_size_last_edited=&#8220;on|phone&#8220; global_colors_info=&#8220;{}&#8220; child_filter_brightness__hover_enabled=&#8220;off|desktop&#8220; child_filter_brightness__hover=&#8220;120%&#8220;]<\/p>\n<p>Presse, Veranstaltungen und Jobs<\/p>\n<p>[\/et_pb_blurb][et_pb_blurb title=&#8220;Mitarbeiter&#8220; image=&#8220;https:\/\/www.potsfink.ch\/wp-content\/uploads\/2021\/04\/staff460.jpg&#8220; _builder_version=&#8220;4.21.0&#8243; _dynamic_attributes=&#8220;link_option_url&#8220; _module_preset=&#8220;default&#8220; header_font_size=&#8220;23px&#8220; body_font=&#8220;DIN Pro Regular||||||||&#8220; custom_margin=&#8220;||||false|false&#8220; custom_padding=&#8220;0px||0px||false|false&#8220; animation_style=&#8220;zoom&#8220; animation_duration=&#8220;800ms&#8220; animation_intensity_zoom=&#8220;10%&#8220; animation=&#8220;off&#8220; link_option_url=&#8220;@ET-DC@eyJkeW5hbWljIjp0cnVlLCJjb250ZW50IjoicG9zdF9saW5rX3VybF9wYWdlIiwic2V0dGluZ3MiOnsicG9zdF9pZCI6IjI2MTAifX0=@&#8220; header_font_size_tablet=&#8220;21px&#8220; header_font_size_phone=&#8220;19px&#8220; header_font_size_last_edited=&#8220;on|phone&#8220; body_font_size_tablet=&#8220;16px&#8220; body_font_size_phone=&#8220;15px&#8220; body_font_size_last_edited=&#8220;on|phone&#8220; global_colors_info=&#8220;{}&#8220; child_filter_brightness__hover_enabled=&#8220;off|desktop&#8220; child_filter_brightness__hover=&#8220;120%&#8220;]<\/p>\n<p>ohne sie..<\/p>\n<p>[\/et_pb_blurb][et_pb_blurb title=&#8220;Den Beruf erlernen&#8220; image=&#8220;https:\/\/www.potsfink.ch\/wp-content\/uploads\/2021\/04\/portrait_melanie.jpg&#8220; _builder_version=&#8220;4.27.4&#8243; _dynamic_attributes=&#8220;link_option_url&#8220; _module_preset=&#8220;default&#8220; header_font_size=&#8220;23px&#8220; body_font=&#8220;DIN Pro Regular||||||||&#8220; custom_margin=&#8220;||||false|false&#8220; custom_padding=&#8220;0px||0px||false|false&#8220; animation_style=&#8220;zoom&#8220; animation_duration=&#8220;800ms&#8220; animation_intensity_zoom=&#8220;10%&#8220; animation=&#8220;off&#8220; link_option_url=&#8220;@ET-DC@eyJkeW5hbWljIjp0cnVlLCJjb250ZW50IjoicG9zdF9saW5rX3VybF9wYWdlIiwic2V0dGluZ3MiOnsicG9zdF9pZCI6IjMxODQ2In19@&#8220; header_font_size_tablet=&#8220;21px&#8220; header_font_size_phone=&#8220;19px&#8220; header_font_size_last_edited=&#8220;on|phone&#8220; body_font_size_tablet=&#8220;16px&#8220; body_font_size_phone=&#8220;15px&#8220; body_font_size_last_edited=&#8220;on|phone&#8220; global_colors_info=&#8220;{}&#8220; child_filter_brightness__hover_enabled=&#8220;off|desktop&#8220; child_filter_brightness__hover=&#8220;120%&#8220;]<\/p>\n<p>Wie vorgehen?<\/p>\n<p>[\/et_pb_blurb][\/et_pb_column][\/et_pb_row][\/et_pb_section]<\/p>\n","protected":false},"excerpt":{"rendered":"<p>Pr\u00e4sentation In meiner Werkstatt in Ependes-Fribourg stelle ich ausschliesslich Gebrauchskeramik her. Meine Liebe gilt klaren, einfachen Formen f\u00fcr den Tisch. Je nach Produkte-Linie \u00fcberziehen diese Objekte eine kr\u00e4ftig-farbige Bemalung, ein reliefartiges Edelmetalldekor oder ganz einfach eine schwarze oder weisse Glasur.Peter FinkEin vielseitiges AtelierUnsere Ausstellung ist t\u00e4glich ge\u00f6ffnetPresse, Veranstaltungen und Jobsohne sie..Wie vorgehen?<\/p>\n","protected":false},"author":1,"featured_media":0,"parent":0,"menu_order":0,"comment_status":"closed","ping_status":"closed","template":"","meta":{"_et_pb_use_builder":"on","_et_pb_old_content":"","_et_gb_content_width":"","footnotes":""},"class_list":["post-31010","page","type-page","status-publish","hentry"],"_links":{"self":[{"href":"https:\/\/www.potsfink.ch\/de\/wp-json\/wp\/v2\/pages\/31010","targetHints":{"allow":["GET"]}}],"collection":[{"href":"https:\/\/www.potsfink.ch\/de\/wp-json\/wp\/v2\/pages"}],"about":[{"href":"https:\/\/www.potsfink.ch\/de\/wp-json\/wp\/v2\/types\/page"}],"author":[{"embeddable":true,"href":"https:\/\/www.potsfink.ch\/de\/wp-json\/wp\/v2\/users\/1"}],"replies":[{"embeddable":true,"href":"https:\/\/www.potsfink.ch\/de\/wp-json\/wp\/v2\/comments?post=31010"}],"version-history":[{"count":19,"href":"https:\/\/www.potsfink.ch\/de\/wp-json\/wp\/v2\/pages\/31010\/revisions"}],"predecessor-version":[{"id":40855,"href":"https:\/\/www.potsfink.ch\/de\/wp-json\/wp\/v2\/pages\/31010\/revisions\/40855"}],"wp:attachment":[{"href":"https:\/\/www.potsfink.ch\/de\/wp-json\/wp\/v2\/media?parent=31010"}],"curies":[{"name":"wp","href":"https:\/\/api.w.org\/{rel}","templated":true}]}}