{"id":30772,"date":"2023-03-07T21:17:20","date_gmt":"2023-03-07T20:17:20","guid":{"rendered":"https:\/\/www.potsfink.ch\/dienstleistungen\/"},"modified":"2023-08-02T09:56:13","modified_gmt":"2023-08-02T07:56:13","slug":"dienstleistungen","status":"publish","type":"page","link":"https:\/\/www.potsfink.ch\/de\/dienstleistungen\/","title":{"rendered":"Dienstleistungen"},"content":{"rendered":"<p>[et_pb_section fb_built=&#8220;1&#8243; custom_padding_last_edited=&#8220;on|tablet&#8220; _builder_version=&#8220;4.16&#8243; _module_preset=&#8220;default&#8220; background_color=&#8220;RGBA(0,0,0,0)&#8220; custom_margin=&#8220;0px||0px||false|false&#8220; custom_padding=&#8220;80px|20px|20px|20px|false|true&#8220; custom_padding_tablet=&#8220;80px|10px|40px|10px|false|true&#8220; custom_padding_phone=&#8220;&#8220; global_colors_info=&#8220;{}&#8220;][et_pb_row custom_padding_last_edited=&#8220;on|phone&#8220; _builder_version=&#8220;4.16&#8243; _module_preset=&#8220;default&#8220; custom_margin=&#8220;0px||0px||false|false&#8220; custom_padding=&#8220;0px|20px|60px|20px|false|true&#8220; custom_padding_tablet=&#8220;|10px|40px|10px|false|true&#8220; custom_padding_phone=&#8220;&#8220; global_colors_info=&#8220;{}&#8220;][et_pb_column type=&#8220;4_4&#8243; _builder_version=&#8220;4.16&#8243; _module_preset=&#8220;default&#8220; global_colors_info=&#8220;{}&#8220;][et_pb_text _builder_version=&#8220;4.19.5&#8243; _module_preset=&#8220;default&#8220; header_font_size=&#8220;39px&#8220; text_orientation=&#8220;center&#8220; max_width=&#8220;700px&#8220; module_alignment=&#8220;center&#8220; animation_style=&#8220;zoom&#8220; animation_duration=&#8220;800ms&#8220; animation_intensity_zoom=&#8220;10%&#8220; text_font_size_tablet=&#8220;16px&#8220; text_font_size_phone=&#8220;15px&#8220; text_font_size_last_edited=&#8220;on|phone&#8220; header_font_size_tablet=&#8220;35px&#8220; header_font_size_phone=&#8220;31px&#8220; header_font_size_last_edited=&#8220;on|phone&#8220; global_colors_info=&#8220;{}&#8220;]<\/p>\n<h1>Dienstleistungen<\/h1>\n<p>Kurse, Brennservice, Tonverkauf<\/p>\n<p>[\/et_pb_text][\/et_pb_column][\/et_pb_row][et_pb_row module_class=&#8220;grille-4col&#8220; _builder_version=&#8220;4.16&#8243; _module_preset=&#8220;default&#8220; max_width=&#8220;1950px&#8220; custom_margin=&#8220;0px||0px||false|false&#8220; custom_padding=&#8220;0px||0px||false|false&#8220; global_colors_info=&#8220;{}&#8220;][et_pb_column type=&#8220;4_4&#8243; _builder_version=&#8220;4.16&#8243; _module_preset=&#8220;default&#8220; global_colors_info=&#8220;{}&#8220;][et_pb_blurb title=&#8220;Tonverkauf&#8220; image=&#8220;https:\/\/www.potsfink.ch\/wp-content\/uploads\/2021\/04\/vente_de_terre-f4025.jpg&#8220; _builder_version=&#8220;4.16&#8243; _dynamic_attributes=&#8220;link_option_url&#8220; _module_preset=&#8220;default&#8220; header_font_size=&#8220;23px&#8220; body_font=&#8220;DIN Pro Regular||||||||&#8220; custom_margin=&#8220;||||false|false&#8220; custom_padding=&#8220;0px||0px||false|false&#8220; animation_style=&#8220;zoom&#8220; animation_duration=&#8220;800ms&#8220; animation_intensity_zoom=&#8220;10%&#8220; animation=&#8220;off&#8220; link_option_url=&#8220;@ET-DC@eyJkeW5hbWljIjp0cnVlLCJjb250ZW50IjoicG9zdF9saW5rX3VybF9wYWdlIiwic2V0dGluZ3MiOnsicG9zdF9pZCI6IjI2MzQifX0=@&#8220; header_font_size_tablet=&#8220;21px&#8220; header_font_size_phone=&#8220;19px&#8220; header_font_size_last_edited=&#8220;on|phone&#8220; body_font_size_tablet=&#8220;16px&#8220; body_font_size_phone=&#8220;15px&#8220; body_font_size_last_edited=&#8220;on|phone&#8220; global_colors_info=&#8220;{}&#8220; child_filter_brightness__hover_enabled=&#8220;off|desktop&#8220; child_filter_brightness__hover=&#8220;120%&#8220;]<\/p>\n<p>F\u00fcr Hobby oder Profis<\/p>\n<p>[\/et_pb_blurb][et_pb_blurb title=&#8220;Projekte f\u00fcr den Unterricht&#8220; image=&#8220;https:\/\/www.potsfink.ch\/wp-content\/uploads\/2021\/04\/bol_a_la_main_w500.jpg&#8220; _builder_version=&#8220;4.16&#8243; _dynamic_attributes=&#8220;link_option_url&#8220; _module_preset=&#8220;default&#8220; header_font_size=&#8220;23px&#8220; body_font=&#8220;DIN Pro Regular||||||||&#8220; custom_margin=&#8220;||||false|false&#8220; custom_padding=&#8220;0px||0px||false|false&#8220; animation_style=&#8220;slide&#8220; animation_duration=&#8220;800ms&#8220; animation_intensity_slide=&#8220;10%&#8220; animation=&#8220;off&#8220; link_option_url=&#8220;@ET-DC@eyJkeW5hbWljIjp0cnVlLCJjb250ZW50IjoicG9zdF9saW5rX3VybF9wYWdlIiwic2V0dGluZ3MiOnsicG9zdF9pZCI6IjI2MzYifX0=@&#8220; header_font_size_tablet=&#8220;21px&#8220; header_font_size_phone=&#8220;19px&#8220; header_font_size_last_edited=&#8220;on|phone&#8220; body_font_size_tablet=&#8220;16px&#8220; body_font_size_phone=&#8220;15px&#8220; body_font_size_last_edited=&#8220;on|phone&#8220; global_colors_info=&#8220;{}&#8220; child_filter_brightness__hover_enabled=&#8220;off|desktop&#8220; child_filter_brightness__hover=&#8220;120%&#8220;]<\/p>\n<p>Entdecken sie einige Projekte f\u00fcr den Unterricht. Momentan leider nur auf franz\u00f6sisch abrufbar<\/p>\n<p>[\/et_pb_blurb][et_pb_blurb title=&#8220;Brennservice&#8220; image=&#8220;https:\/\/www.potsfink.ch\/wp-content\/uploads\/2022\/03\/four_IMG_1961-scaled.jpeg&#8220; _builder_version=&#8220;4.19.5&#8243; _dynamic_attributes=&#8220;link_option_url&#8220; _module_preset=&#8220;default&#8220; header_font_size=&#8220;23px&#8220; body_font=&#8220;DIN Pro Regular||||||||&#8220; custom_margin=&#8220;||||false|false&#8220; custom_padding=&#8220;0px||0px||false|false&#8220; animation_style=&#8220;zoom&#8220; animation_duration=&#8220;800ms&#8220; animation_intensity_zoom=&#8220;10%&#8220; animation=&#8220;off&#8220; link_option_url=&#8220;@ET-DC@eyJkeW5hbWljIjp0cnVlLCJjb250ZW50IjoicG9zdF9saW5rX3VybF9wYWdlIiwic2V0dGluZ3MiOnsicG9zdF9pZCI6IjI2MzgifX0=@&#8220; header_font_size_tablet=&#8220;21px&#8220; header_font_size_phone=&#8220;19px&#8220; header_font_size_last_edited=&#8220;on|phone&#8220; body_font_size_tablet=&#8220;16px&#8220; body_font_size_phone=&#8220;15px&#8220; body_font_size_last_edited=&#8220;on|phone&#8220; global_colors_info=&#8220;{}&#8220; child_filter_brightness__hover_enabled=&#8220;off|desktop&#8220; child_filter_brightness__hover=&#8220;120%&#8220;]<\/p>\n<p>Wir brennen ihre St\u00fccke<\/p>\n<p>[\/et_pb_blurb][et_pb_blurb title=&#8220;Service Pro&#8220; image=&#8220;https:\/\/www.potsfink.ch\/wp-content\/uploads\/2021\/04\/calibrage-00350.jpg&#8220; _builder_version=&#8220;4.16&#8243; _dynamic_attributes=&#8220;link_option_url&#8220; _module_preset=&#8220;default&#8220; header_font_size=&#8220;23px&#8220; body_font=&#8220;DIN Pro Regular||||||||&#8220; custom_margin=&#8220;||||false|false&#8220; custom_padding=&#8220;0px||0px||false|false&#8220; animation_style=&#8220;zoom&#8220; animation_duration=&#8220;800ms&#8220; animation_intensity_zoom=&#8220;10%&#8220; animation=&#8220;off&#8220; link_option_url=&#8220;@ET-DC@eyJkeW5hbWljIjp0cnVlLCJjb250ZW50IjoicG9zdF9saW5rX3VybF9wYWdlIiwic2V0dGluZ3MiOnsicG9zdF9pZCI6IjI2NDAifX0=@&#8220; header_font_size_tablet=&#8220;21px&#8220; header_font_size_phone=&#8220;19px&#8220; header_font_size_last_edited=&#8220;on|phone&#8220; body_font_size_tablet=&#8220;16px&#8220; body_font_size_phone=&#8220;15px&#8220; body_font_size_last_edited=&#8220;on|phone&#8220; global_colors_info=&#8220;{}&#8220; child_filter_brightness__hover_enabled=&#8220;off|desktop&#8220; child_filter_brightness__hover=&#8220;120%&#8220;]<\/p>\n<p>Ideen aus Keramik, Prototypen oder Serien<\/p>\n<p>[\/et_pb_blurb][et_pb_blurb title=&#8220;Keramische Beratung&#8220; image=&#8220;https:\/\/www.potsfink.ch\/wp-content\/uploads\/2021\/04\/DSCN5516-7e4cf.jpg&#8220; _builder_version=&#8220;4.16&#8243; _dynamic_attributes=&#8220;link_option_url&#8220; _module_preset=&#8220;default&#8220; header_font_size=&#8220;23px&#8220; body_font=&#8220;DIN Pro Regular||||||||&#8220; custom_margin=&#8220;||||false|false&#8220; custom_padding=&#8220;0px||0px||false|false&#8220; animation_style=&#8220;zoom&#8220; animation_duration=&#8220;800ms&#8220; animation_intensity_zoom=&#8220;10%&#8220; animation=&#8220;off&#8220; link_option_url=&#8220;@ET-DC@eyJkeW5hbWljIjp0cnVlLCJjb250ZW50IjoicG9zdF9saW5rX3VybF9wYWdlIiwic2V0dGluZ3MiOnsicG9zdF9pZCI6IjI2NDIifX0=@&#8220; header_font_size_tablet=&#8220;21px&#8220; header_font_size_phone=&#8220;19px&#8220; header_font_size_last_edited=&#8220;on|phone&#8220; body_font_size_tablet=&#8220;16px&#8220; body_font_size_phone=&#8220;15px&#8220; body_font_size_last_edited=&#8220;on|phone&#8220; global_colors_info=&#8220;{}&#8220; child_filter_brightness__hover_enabled=&#8220;off|desktop&#8220; child_filter_brightness__hover=&#8220;120%&#8220;]<\/p>\n<p>Technische Entwicklungshilfe<\/p>\n<p>[\/et_pb_blurb][\/et_pb_column][\/et_pb_row][\/et_pb_section]<\/p>\n","protected":false},"excerpt":{"rendered":"<p>Dienstleistungen Kurse, Brennservice, TonverkaufF\u00fcr Hobby oder ProfisEntdecken sie einige Projekte f\u00fcr den Unterricht. Momentan leider nur auf franz\u00f6sisch abrufbarWir brennen ihre St\u00fcckeIdeen aus Keramik, Prototypen oder SerienTechnische Entwicklungshilfe<\/p>\n","protected":false},"author":1,"featured_media":0,"parent":0,"menu_order":0,"comment_status":"closed","ping_status":"closed","template":"","meta":{"_et_pb_use_builder":"on","_et_pb_old_content":"","_et_gb_content_width":"","footnotes":""},"class_list":["post-30772","page","type-page","status-publish","hentry"],"_links":{"self":[{"href":"https:\/\/www.potsfink.ch\/de\/wp-json\/wp\/v2\/pages\/30772","targetHints":{"allow":["GET"]}}],"collection":[{"href":"https:\/\/www.potsfink.ch\/de\/wp-json\/wp\/v2\/pages"}],"about":[{"href":"https:\/\/www.potsfink.ch\/de\/wp-json\/wp\/v2\/types\/page"}],"author":[{"embeddable":true,"href":"https:\/\/www.potsfink.ch\/de\/wp-json\/wp\/v2\/users\/1"}],"replies":[{"embeddable":true,"href":"https:\/\/www.potsfink.ch\/de\/wp-json\/wp\/v2\/comments?post=30772"}],"version-history":[{"count":8,"href":"https:\/\/www.potsfink.ch\/de\/wp-json\/wp\/v2\/pages\/30772\/revisions"}],"predecessor-version":[{"id":34543,"href":"https:\/\/www.potsfink.ch\/de\/wp-json\/wp\/v2\/pages\/30772\/revisions\/34543"}],"wp:attachment":[{"href":"https:\/\/www.potsfink.ch\/de\/wp-json\/wp\/v2\/media?parent=30772"}],"curies":[{"name":"wp","href":"https:\/\/api.w.org\/{rel}","templated":true}]}}